{"id":212,"date":"2019-11-26T14:27:15","date_gmt":"2019-11-26T13:27:15","guid":{"rendered":"http:\/\/decolonize-bonn.de\/veranstaltungen\/"},"modified":"2025-10-10T16:46:14","modified_gmt":"2025-10-10T14:46:14","slug":"termine","status":"publish","type":"page","link":"https:\/\/decolonize-bonn.de\/en\/termine\/","title":{"rendered":"Termine"},"content":{"rendered":"\n<p data-block-type=\"core\"><\/p>\n\n\n\n<div class=\"wp-block-group alignwide veranstaltung_text\" data-block-type=\"core\"><div class=\"wp-block-group__inner-container is-layout-flow wp-block-group-is-layout-flow\">\n<p data-block-type=\"core\">Ihr wolltet schon immer mal einen postkolonialen Stadtrundgang mitmachen? Ihr habt eine interessierte Schulklasse, einen Verein oder eine Gruppe und m\u00f6chtet mehr \u00fcber das Thema Kolonialismus erfahren? Du kommst aus Bonn, wusstest aber nicht, dass Lothar von Trotha auf dem Friedhof in Poppelsdorf begraben liegt?<\/p>\n\n\n\n<p data-block-type=\"core\"><\/p>\n\n\n\n<p data-block-type=\"core\">Dann seid ihr bei dem postkolonialen Stdtrundgang genau richtig! Schreibt uns gerne eine E-Mail mit der Anzahl der Teilnehmenden, wann und in welchem Rahmen der Stadtrundgang stattfinden soll, und wir melden uns bei euch.<\/p>\n\n\n\n<p data-block-type=\"core\"><\/p>\n\n\n\n<p data-block-type=\"core\">Wir bieten au\u00dferdem regelm\u00e4\u00dfig offene Stadtrundg\u00e4nge an, bei denen ihr auch als Einzelperson teilnehmen k\u00f6nnt. F\u00fcr diese k\u00f6nnt ihr euch unter Termine registrieren. Die detaillierten Beschreibungen der einzelnen Stationen k\u00f6nnt ihr <a aria-label=\"hier (opens in a new tab)\" href=\"http:\/\/decolonize-bonn.de\/stadtrundgang\/\" target=\"_blank\" rel=\"noreferrer noopener\">hier<\/a> schon durchst\u00f6bern.<\/p>\n\n\n\n<p data-block-type=\"core\">Neben unseren Stadtrundg\u00e4ngen organisieren wir auch Vortr\u00e4ge, Lesungen oder Workshops. Aktuelles teilen wir auch \u00fcber unseren Instagram Account <a href=\"https:\/\/www.instagram.com\/bonn_postkolonial\/?utm_source=qr\" class=\"ek-link\">@bonn_postkolonial<\/a>. Vorbei schauen lohnt sich!<\/p>\n\n\n\n<p data-block-type=\"core\"><\/p>\n\n\n\n<p data-block-type=\"core\"><\/p>\n<\/div><\/div>\n\n\n\n<div class=\"wp-block-group veranstaltungen-container\" data-block-type=\"core\"><div class=\"wp-block-group__inner-container is-layout-flow wp-block-group-is-layout-flow\">\n<p style=\"text-align: center;\" data-block-type=\"core\">CONTENTS<\/p>\n<\/div><\/div>\n\n\n\n<hr class=\"wp-block-separator has-text-color has-white-color has-css-opacity has-white-background-color has-background is-style-dots\"\/ data-block-type=\"core\">\n\n\n\n<h2 class=\"wp-block-heading has-text-align-center\" data-block-type=\"core\">Vergangene Veranstaltungen<\/h2>\n\n\n\n<div style=\"height:100px\" aria-hidden=\"true\" class=\"wp-block-spacer\" data-block-type=\"core\"><\/div>\n\n\n\n<h3 class=\"wp-block-heading\" data-block-type=\"core\">&#8220;We were never meant to survive&#8221;<br>Perspektiven anti-kolonialen und anti-rassistischen Widerstands<\/h3>\n\n\n\n<p data-block-type=\"core\">Vortrag mit anschlie\u00dfender Diskussion mit Tsepo Bollwinkel. <\/p>\n\n\n\n<p data-block-type=\"core\">Tsepo Bollwinkel ist Schwarzer afrikanischer Mensch und transgender Person, Kulturschaffender und politischer Aktivist und tritt aktiv f\u00fcr eine Neugestaltung menschlichen Zusammenlebens ein.<br><br>Ausgehend von Audre Lords &#8220;Litany For Survival&#8221; spannt Tsepo Bollwinkel einen Bogen von der Notwendigkeit der Befreiung von Kolonialismus und Neokolonialismus sowie anti-rassistischen K\u00e4mpfen hin zu den \u00dcberlebensfragen im Jahr 2021, dem Klimawandel und den an der race Linie gef\u00fchrten Verteilungsk\u00e4mpfen um ein \u00dcberleben in der Zukunft.<br><br>Nach einem ca. 45 bis 60 min\u00fctigen Vortrag nimmt sich Tsepo Bollwinkel viel Zeit um mit den Zuh\u00f6renden zu diskutieren.<\/p>\n\n\n\n<figure class=\"wp-block-embed is-type-video is-provider-youtube wp-block-embed-youtube wp-embed-aspect-16-9 wp-has-aspect-ratio\"><div class=\"wp-block-embed__wrapper\">\n<p class=\"responsive-video-wrap clr\"><iframe loading=\"lazy\" title=\"&quot;We were never meant to survive&quot; - Perspektiven anti-kolonialen und anti-rassistischen Widerstands\" width=\"1200\" height=\"675\" src=\"https:\/\/www.youtube.com\/embed\/vmP4bi-t3t0?feature=oembed\" frameborder=\"0\" allow=\"accelerometer; autoplay; clipboard-write; encrypted-media; gyroscope; picture-in-picture; web-share\" referrerpolicy=\"strict-origin-when-cross-origin\" allowfullscreen><\/iframe><\/p>\n<\/div><\/figure>\n\n\n\n<div style=\"height:50px\" aria-hidden=\"true\" class=\"wp-block-spacer\" data-block-type=\"core\"><\/div>\n\n\n\n<hr class=\"wp-block-separator has-text-color has-white-color has-css-opacity has-white-background-color has-background is-style-dots\"\/ data-block-type=\"core\">\n\n\n\n<div style=\"height:50px\" aria-hidden=\"true\" class=\"wp-block-spacer\" data-block-type=\"core\"><\/div>\n\n\n\n<h3 class=\"wp-block-heading\" data-block-type=\"core\">12.03.2021 &#8211; Koloniale Kontinuit\u00e4ten in der Entwicklungszusammenarbeit<\/h3>\n\n\n\n<p data-block-type=\"core\">Vortrag mit anschlie\u00dfender Diskussion mit Dr. Emmanuel Ndahayo.<br><br>Dr. Emmanuel Ndahayo ist wissenschaftlicher Mitarbeiter im Seminar f\u00fcr Sozialwissenschaften an der Universit\u00e4t Siegen. Seine Forschungsschwerpunkte sind Staatsb\u00fcrgerschaft, Migration, empirische Sozialforschung, Afrikanit\u00e4t und Entwicklungspolitik. Zuletzt erschien sein Buch &#8220;Staatsb\u00fcrgerschaft &#8211; wie werden aus Schwarzen Deutsche? Zur sozialen Lage von eingeb\u00fcrgerten Deutschen afrikanischer Herkunft&#8221; im transcript Verlag.<br><br>In seinem Vortrag thematisiert er koloniale Kontinuit\u00e4ten in der Entwicklungszusammenarbeit und Entwicklungspolitik. Im Anschluss steht er f\u00fcr eine Diskussionsrunde zur Verf\u00fcgung.<\/p>\n\n\n\n<p data-block-type=\"core\">Diese Veranstaltung wurde durch das Studierendenparlament und den AStA der Universit\u00e4t Bonn gef\u00f6rdert.<\/p>\n\n\n\n<figure class=\"wp-block-embed is-type-video is-provider-youtube wp-block-embed-youtube wp-embed-aspect-16-9 wp-has-aspect-ratio\"><div class=\"wp-block-embed__wrapper\">\n<p class=\"responsive-video-wrap clr\"><iframe loading=\"lazy\" title=\"Koloniale Kontinuit\u00e4ten in der Entwicklungszusammenarbeit\" width=\"1200\" height=\"675\" src=\"https:\/\/www.youtube.com\/embed\/oRo18jOrldI?feature=oembed\" frameborder=\"0\" allow=\"accelerometer; autoplay; clipboard-write; encrypted-media; gyroscope; picture-in-picture; web-share\" referrerpolicy=\"strict-origin-when-cross-origin\" allowfullscreen><\/iframe><\/p>\n<\/div><\/figure>\n\n\n","protected":false},"excerpt":{"rendered":"<p>CONTENTS<\/p>\n","protected":false},"author":2,"featured_media":0,"parent":0,"menu_order":0,"comment_status":"closed","ping_status":"closed","template":"","meta":{"_editorskit_title_hidden":false,"_editorskit_reading_time":1,"_editorskit_is_block_options_detached":false,"_editorskit_block_options_position":"{}","_uag_custom_page_level_css":"","ocean_post_layout":"","ocean_both_sidebars_style":"","ocean_both_sidebars_content_width":0,"ocean_both_sidebars_sidebars_width":0,"ocean_sidebar":"0","ocean_second_sidebar":"0","ocean_disable_margins":"enable","ocean_add_body_class":"","ocean_shortcode_before_top_bar":"","ocean_shortcode_after_top_bar":"","ocean_shortcode_before_header":"","ocean_shortcode_after_header":"","ocean_has_shortcode":"","ocean_shortcode_after_title":"","ocean_shortcode_before_footer_widgets":"","ocean_shortcode_after_footer_widgets":"","ocean_shortcode_before_footer_bottom":"","ocean_shortcode_after_footer_bottom":"","ocean_display_top_bar":"off","ocean_display_header":"default","ocean_header_style":"","ocean_center_header_left_menu":"0","ocean_custom_header_template":"0","ocean_custom_logo":0,"ocean_custom_retina_logo":0,"ocean_custom_logo_max_width":0,"ocean_custom_logo_tablet_max_width":0,"ocean_custom_logo_mobile_max_width":0,"ocean_custom_logo_max_height":0,"ocean_custom_logo_tablet_max_height":0,"ocean_custom_logo_mobile_max_height":0,"ocean_header_custom_menu":"0","ocean_menu_typo_font_family":"0","ocean_menu_typo_font_subset":"","ocean_menu_typo_font_size":0,"ocean_menu_typo_font_size_tablet":0,"ocean_menu_typo_font_size_mobile":0,"ocean_menu_typo_font_size_unit":"px","ocean_menu_typo_font_weight":"","ocean_menu_typo_font_weight_tablet":"","ocean_menu_typo_font_weight_mobile":"","ocean_menu_typo_transform":"","ocean_menu_typo_transform_tablet":"","ocean_menu_typo_transform_mobile":"","ocean_menu_typo_line_height":0,"ocean_menu_typo_line_height_tablet":0,"ocean_menu_typo_line_height_mobile":0,"ocean_menu_typo_line_height_unit":"","ocean_menu_typo_spacing":0,"ocean_menu_typo_spacing_tablet":0,"ocean_menu_typo_spacing_mobile":0,"ocean_menu_typo_spacing_unit":"","ocean_menu_link_color":"","ocean_menu_link_color_hover":"","ocean_menu_link_color_active":"","ocean_menu_link_background":"","ocean_menu_link_hover_background":"","ocean_menu_link_active_background":"","ocean_menu_social_links_bg":"","ocean_menu_social_hover_links_bg":"","ocean_menu_social_links_color":"","ocean_menu_social_hover_links_color":"","ocean_disable_title":"default","ocean_disable_heading":"default","ocean_post_title":"","ocean_post_subheading":"","ocean_post_title_style":"","ocean_post_title_background_color":"","ocean_post_title_background":0,"ocean_post_title_bg_image_position":"","ocean_post_title_bg_image_attachment":"","ocean_post_title_bg_image_repeat":"","ocean_post_title_bg_image_size":"","ocean_post_title_height":0,"ocean_post_title_bg_overlay":0.5,"ocean_post_title_bg_overlay_color":"","ocean_disable_breadcrumbs":"off","ocean_breadcrumbs_color":"","ocean_breadcrumbs_separator_color":"","ocean_breadcrumbs_links_color":"","ocean_breadcrumbs_links_hover_color":"","ocean_display_footer_widgets":"off","ocean_display_footer_bottom":"off","ocean_custom_footer_template":"0","footnotes":""},"class_list":["post-212","page","type-page","status-publish","hentry","entry"],"translation":{"provider":"WPGlobus","version":"3.0.2","language":"en","enabled_languages":["de","en"],"languages":{"de":{"title":true,"content":true,"excerpt":true},"en":{"title":false,"content":false,"excerpt":false}}},"featured_image_urls_v2":{"full":"","thumbnail":"","medium":"","medium_large":"","large":"","1536x1536":"","2048x2048":"","ocean-thumb-m":"","ocean-thumb-ml":"","ocean-thumb-l":""},"post_excerpt_stackable_v2":"<p>CONTENTS<\/p>\n","category_list_v2":"","author_info_v2":{"name":"bonnpostkolonial","url":"https:\/\/decolonize-bonn.de\/en\/author\/bonnpostkolonial\/"},"comments_num_v2":"0 comments","yoast_head":"\n<title>Termine - Bonn Postkolonial | Kommende Veranstaltungen der Gruppe<\/title>\n<meta name=\"robots\" content=\"index, follow, max-snippet:-1, max-image-preview:large, max-video-preview:-1\" \/>\n<link rel=\"canonical\" href=\"https:\/\/decolonize-bonn.de\/termine\/\" \/>\n<meta property=\"og:locale\" content=\"en_US\" \/>\n<meta property=\"og:type\" content=\"article\" \/>\n<meta property=\"og:title\" content=\"Termine - Bonn Postkolonial\" \/>\n<meta property=\"og:url\" content=\"https:\/\/decolonize-bonn.de\/termine\/\" \/>\n<meta property=\"og:site_name\" content=\"Bonn Postkolonial\" \/>\n<meta property=\"article:publisher\" content=\"https:\/\/de-de.facebook.com\/BonnPostkolonial\/\" \/>\n<meta property=\"article:modified_time\" content=\"2025-10-10T14:46:14+00:00\" \/>\n<meta name=\"twitter:card\" content=\"summary_large_image\" \/>\n<meta name=\"twitter:label1\" content=\"Est. reading time\" \/>\n\t<meta name=\"twitter:data1\" content=\"2 minutes\" \/>\n<script type=\"application\/ld+json\" class=\"yoast-schema-graph\">{\"@context\":\"https:\/\/schema.org\",\"@graph\":[{\"@type\":\"WebPage\",\"@id\":\"https:\/\/decolonize-bonn.de\/termine\/\",\"url\":\"https:\/\/decolonize-bonn.de\/termine\/\",\"name\":\"Termine - Bonn Postkolonial | Kommende Veranstaltungen der Gruppe\",\"isPartOf\":{\"@id\":\"https:\/\/decolonize-bonn.de\/#website\"},\"datePublished\":\"2019-11-26T13:27:15+00:00\",\"dateModified\":\"2025-10-10T14:46:14+00:00\",\"description\":\"Alle Termine der Gruppe Bonn Postkolonial auf einen Blick - Stadtrundg\u00e4nge, Vortr\u00e4ge und Lesungen. Bucht heute noch euren Stadtrundgang in Bonn.\",\"breadcrumb\":{\"@id\":\"https:\/\/decolonize-bonn.de\/termine\/#breadcrumb\"},\"inLanguage\":\"en-US\",\"potentialAction\":[{\"@type\":\"ReadAction\",\"target\":[\"https:\/\/decolonize-bonn.de\/termine\/\"]}]},{\"@type\":\"BreadcrumbList\",\"@id\":\"https:\/\/decolonize-bonn.de\/termine\/#breadcrumb\",\"itemListElement\":[{\"@type\":\"ListItem\",\"position\":1,\"name\":\"Startseite\",\"item\":\"https:\/\/decolonize-bonn.de\/\"},{\"@type\":\"ListItem\",\"position\":2,\"name\":\"Termine\"}]},{\"@type\":\"WebSite\",\"@id\":\"https:\/\/decolonize-bonn.de\/#website\",\"url\":\"https:\/\/decolonize-bonn.de\/\",\"name\":\"Bonn Postkolonial\",\"description\":\"Dealing with Bonn&#039;s colonial past\",\"potentialAction\":[{\"@type\":\"SearchAction\",\"target\":{\"@type\":\"EntryPoint\",\"urlTemplate\":\"https:\/\/decolonize-bonn.de\/?s={search_term_string}\"},\"query-input\":{\"@type\":\"PropertyValueSpecification\",\"valueRequired\":true,\"valueName\":\"search_term_string\"}}],\"inLanguage\":\"en-US\"}]}<\/script>\n","yoast_head_json":{"title":"Termine - Bonn Postkolonial | Kommende Veranstaltungen der Gruppe","robots":{"index":"index","follow":"follow","max-snippet":"max-snippet:-1","max-image-preview":"max-image-preview:large","max-video-preview":"max-video-preview:-1"},"canonical":"https:\/\/decolonize-bonn.de\/termine\/","og_locale":"en_US","og_type":"article","og_title":"Termine - Bonn Postkolonial","og_url":"https:\/\/decolonize-bonn.de\/termine\/","og_site_name":"Bonn Postkolonial","article_publisher":"https:\/\/de-de.facebook.com\/BonnPostkolonial\/","article_modified_time":"2025-10-10T14:46:14+00:00","twitter_card":"summary_large_image","twitter_misc":{"Est. reading time":"2 minutes"},"schema":{"@context":"https:\/\/schema.org","@graph":[{"@type":"WebPage","@id":"https:\/\/decolonize-bonn.de\/termine\/","url":"https:\/\/decolonize-bonn.de\/termine\/","name":"Termine - Bonn Postkolonial | Kommende Veranstaltungen der Gruppe","isPartOf":{"@id":"https:\/\/decolonize-bonn.de\/#website"},"datePublished":"2019-11-26T13:27:15+00:00","dateModified":"2025-10-10T14:46:14+00:00","description":"Alle Termine der Gruppe Bonn Postkolonial auf einen Blick - Stadtrundg\u00e4nge, Vortr\u00e4ge und Lesungen. Bucht heute noch euren Stadtrundgang in Bonn.","breadcrumb":{"@id":"https:\/\/decolonize-bonn.de\/termine\/#breadcrumb"},"inLanguage":"en-US","potentialAction":[{"@type":"ReadAction","target":["https:\/\/decolonize-bonn.de\/termine\/"]}]},{"@type":"BreadcrumbList","@id":"https:\/\/decolonize-bonn.de\/termine\/#breadcrumb","itemListElement":[{"@type":"ListItem","position":1,"name":"Startseite","item":"https:\/\/decolonize-bonn.de\/"},{"@type":"ListItem","position":2,"name":"Termine"}]},{"@type":"WebSite","@id":"https:\/\/decolonize-bonn.de\/#website","url":"https:\/\/decolonize-bonn.de\/","name":"Bonn Postkolonial","description":"Dealing with Bonn&#039;s colonial past","potentialAction":[{"@type":"SearchAction","target":{"@type":"EntryPoint","urlTemplate":"https:\/\/decolonize-bonn.de\/?s={search_term_string}"},"query-input":{"@type":"PropertyValueSpecification","valueRequired":true,"valueName":"search_term_string"}}],"inLanguage":"en-US"}]}},"uagb_featured_image_src":{"full":false,"thumbnail":false,"medium":false,"medium_large":false,"large":false,"1536x1536":false,"2048x2048":false,"ocean-thumb-m":false,"ocean-thumb-ml":false,"ocean-thumb-l":false},"uagb_author_info":{"display_name":"bonnpostkolonial","author_link":"https:\/\/decolonize-bonn.de\/en\/author\/bonnpostkolonial\/"},"uagb_comment_info":0,"uagb_excerpt":"CONTENTS","_links":{"self":[{"href":"https:\/\/decolonize-bonn.de\/en\/wp-json\/wp\/v2\/pages\/212","targetHints":{"allow":["GET"]}}],"collection":[{"href":"https:\/\/decolonize-bonn.de\/en\/wp-json\/wp\/v2\/pages"}],"about":[{"href":"https:\/\/decolonize-bonn.de\/en\/wp-json\/wp\/v2\/types\/page"}],"author":[{"embeddable":true,"href":"https:\/\/decolonize-bonn.de\/en\/wp-json\/wp\/v2\/users\/2"}],"replies":[{"embeddable":true,"href":"https:\/\/decolonize-bonn.de\/en\/wp-json\/wp\/v2\/comments?post=212"}],"version-history":[{"count":1,"href":"https:\/\/decolonize-bonn.de\/en\/wp-json\/wp\/v2\/pages\/212\/revisions"}],"predecessor-version":[{"id":873,"href":"https:\/\/decolonize-bonn.de\/en\/wp-json\/wp\/v2\/pages\/212\/revisions\/873"}],"wp:attachment":[{"href":"https:\/\/decolonize-bonn.de\/en\/wp-json\/wp\/v2\/media?parent=212"}],"curies":[{"name":"wp","href":"https:\/\/api.w.org\/{rel}","templated":true}]}}