{"id":264,"date":"2019-11-29T11:58:09","date_gmt":"2019-11-29T10:58:09","guid":{"rendered":"http:\/\/decolonize-bonn.de\/?page_id=264"},"modified":"2021-10-24T19:03:18","modified_gmt":"2021-10-24T17:03:18","slug":"entwicklungszusammenarbeit","status":"publish","type":"page","link":"https:\/\/decolonize-bonn.de\/en\/stadtrundgang\/entwicklungszusammenarbeit\/","title":{"rendered":"Entwicklungsarbeit"},"content":{"rendered":"\n<div class=\"wp-block-columns is-layout-flex wp-container-core-columns-is-layout-9d6595d7 wp-block-columns-is-layout-flex\" data-block-type=\"core\">\n<div class=\"wp-block-column is-layout-flow wp-block-column-is-layout-flow\" style=\"flex-basis:30%\" data-block-type=\"core\">\n<figure class=\"wp-block-image size-medium\" data-block-type=\"core\"><img loading=\"lazy\" decoding=\"async\" width=\"300\" height=\"236\" src=\"http:\/\/decolonize-bonn.de\/wp-content\/uploads\/2019\/12\/giz-300x236.png\" alt=\"GIZ Zentrale Bonn\" class=\"wp-image-315\" srcset=\"https:\/\/decolonize-bonn.de\/wp-content\/uploads\/2019\/12\/giz-300x236.png 300w, https:\/\/decolonize-bonn.de\/wp-content\/uploads\/2019\/12\/giz-768x604.png 768w, https:\/\/decolonize-bonn.de\/wp-content\/uploads\/2019\/12\/giz.png 1000w\" sizes=\"auto, (max-width: 300px) 100vw, 300px\" \/><\/figure>\n<\/div>\n\n\n\n<div class=\"wp-block-column is-layout-flow wp-block-column-is-layout-flow\" style=\"flex-basis:70%\" data-block-type=\"core\">\n<p data-block-type=\"core\">Die Bundesstadt Bonn war von 1949 bis 1990 Bundeshauptstadt und bis 1999 Regierungssitz der Bundesrepublik Deutschland, danach wurde es zum Zweitregierungssitz Deutschlands. Ein gro\u00dfer Teil der Mitarbeitenden des Bundesministeriums f\u00fcr wirtschaftliche Zusammenarbeit und Entwicklung (BMZ) beispielsweise sitzt in Bonn. Die Stadt Bonn ist Sitz vieler deutscher Organisationen, die im Bereich der Entwicklungszusammenarbeit t\u00e4tig sind, wie beispielsweise Engagement Global, Deval<a href=\"#_ftn1\">[1]<\/a>, DIE<a href=\"#_ftn2\">[2]<\/a>, giz<a href=\"#_ftn3\">[3]<\/a>, IRENA<a href=\"#_ftn4\">[4]<\/a>, ICLEI<a href=\"#_ftn5\">[5]<\/a> und die Vereinten Nationen sind nur einige Namen der renommierten internationalen Organisationen, die in Bonn ihren Sitz haben<a href=\"#_ftn6\">[6]<\/a>.<\/p>\n\n\n\n<p data-block-type=\"core\">Von Organisationen, die im Bereich der humanit\u00e4ren Hilfe t\u00e4tig sind, bis zu den Organisationen, die kurz -und langfristige Projekte im Kontext der Entwicklungszusammenarbeit finanzieren oder selbst umsetzen, ist die Bonner Szene der internationalen Kooperation eine der relevantesten in Europa.<\/p>\n\n\n\n<p data-block-type=\"core\">L\u00e4sst sich eine koloniale Kontinuit\u00e4t in der Arbeit dieser Organisationen beobachten?<\/p>\n\n\n\n<p data-block-type=\"core\">Diese Frage kann mit einem sicheren \u201eJa\u201c beantwortet werden. Von der Reproduktion von exotischen \u201eS\u00fcdl\u00e4ndern\u201c bis hin zur Reproduktion des w\u00e4hrend der Kolonialzeit f\u00e4lschlich konstruierten Bildes der \u201eUnf\u00e4higen\u201c und \u201eArmen\u201c Afrikanerinnen und Afrikaner, die sie vor allem als Werbeplakate f\u00fcr ihre Spendenaktionen ver\u00f6ffentlichen, sind diese Organisationen selten reflektiert und verbreiten alte Klischees. Oft ist dies ein Widerspruch, denn diese Organisationen pr\u00e4sentieren sich selbst als weltoffen und m\u00f6chten selber gerade diese Klischees bek\u00e4mpfen. In der Realit\u00e4t sind sie selbst, diejenigen, die die Vorurteile der \u201eUnf\u00e4higen\u201c S\u00fcdl\u00e4nder am meisten reproduzieren.<\/p>\n\n\n\n<p data-block-type=\"core\">Beispielsweise wird auf Spendenplakaten und in Brosch\u00fcren viel \u201aOthering\u2018<a href=\"#_ftn7\">[7]<\/a> betrieben und Schwarze Menschen und PoC stereotyp als \u201aexotisch\u2018, unf\u00e4hig und unm\u00fcndig dargestellt, w\u00e4hrend europ\u00e4ische Menschen als altruistische Retter*innen dargestellt werden. Somit werden mit der Macht von Bildern Vorstellungen von wei\u00dfer \u00dcberlegenheit aufrechterhalten.<a href=\"#_ftn8\">[8]<\/a><\/p>\n\n\n\n<p data-block-type=\"core\">Die Reproduktion von Klischees ist jedoch nur die eine Seite der kolonialen Kontinuit\u00e4t bei der Arbeit dieser Organisationen, die andere Seite zeigt sich in der Wirkung der Projekte. Die Entwicklungsprojekte zeigen kaum die erhofften Wirkungen in den sogenannten Entwicklungsl\u00e4ndern, die in den meisten F\u00e4llen ehemaligen Kolonialgebieten waren. Viele Experten beispielsweise aus Afrika kritisieren die Art und Weise, wie Entwicklungszusammenarbeit durchgef\u00fchrt wird. Laut Dambisa Moyo eine sambische Schriftstellerin, ist die Entwicklungszusammenarbeit in ihrer aktuellen Konzeption sogar die Ursache der Armut in Afrika<a href=\"#_ftn9\">[9]<\/a>. Andere kritisieren den eurozentristische Charakter der Entwicklungszusammenarbeit. Sie ist in vielen F\u00e4llen als die Fortsetzung des Imperialismus, da sie die \u00dcbertragung des westlichen Systems in anderen Teilen der Erde anstrebt. Und dies meistens ohne reale Beteiligung der jeweiligen Bev\u00f6lkerung. Solche Kritik setzt meist an der Entgegens\u00e4tzlichkeit von Entwicklungszusammenarbeit und Handelspolitik (z.B. Abschlie\u00dfen von Handelsabkommen) oder der Migrationspolitik an.<\/p>\n\n\n\n<hr class=\"wp-block-separator\"\/ data-block-type=\"core\">\n\n\n\n<p data-block-type=\"core\"><a href=\"#_ftnref1\">[1]<\/a> Deutsches Evaluierungsinstitut der Entwicklungszusammenarbeit<\/p>\n\n\n\n<p data-block-type=\"core\"><a href=\"#_ftnref2\">[2]<\/a> Deutsches Institut f\u00fcr Entwicklungspolitik<\/p>\n\n\n\n<p data-block-type=\"core\"><a href=\"#_ftnref3\">[3]<\/a> Gesellschaft zur Internationalen Zusammenarbeit<\/p>\n\n\n\n<p data-block-type=\"core\"><a href=\"#_ftnref4\">[4]<\/a> International Renewable Energie Agency<\/p>\n\n\n\n<p data-block-type=\"core\"><a href=\"#_ftnref5\">[5]<\/a> Local Governments for Sustainability<\/p>\n\n\n\n<p data-block-type=\"core\"><a href=\"#_ftnref6\">[6]<\/a> BMZ (2021) Dienstsitz Bonn. Website des BMZ, online unter: https:\/\/www.bmz.de\/de\/service\/kontakt\/dienstsitz-bonn-29554.<\/p>\n\n\n\n<p data-block-type=\"core\"><a href=\"#_ftnref7\">[7]<\/a> Dieser Begriff entstammt den postkolonialen Theorien und bezeichnet eine eigene Abgrenzung und Aufwertung im Gegensatz zum \u201aAnderen\u2018, das einem fremd ist und das als weniger gut\/entwickelt\/f\u00e4hig usw. dargestellt wird. Diese dichotomen Gegensatzpaare sind nur sozial konstruiert und wurde genutzt, um eine europ\u00e4ische Kolonialherrschaft zu legitimieren.<\/p>\n\n\n\n<p data-block-type=\"core\"><a href=\"#_ftnref8\">[8]<\/a> U.a. White Charity. Schwarzsein und Wei\u00dfsein auf Spendenplakaten. | Carolin Philipp \/ Timo Kiesel | D | 2011 | Dokumentarfilm | Deutsch\/Englisch mit dt\/engl. UT | 48min, online unter: https:\/\/www.whitecharity.de\/de\/home\/.<\/p>\n\n\n\n<p data-block-type=\"core\"><a href=\"#_ftnref9\">[9]<\/a> Moyo, Dambisa (2009) Dead Aid: Why Aid Is Not Working and How There Is a Better Way for Africa. New York: Farrar, Straus and Giroux.<\/p>\n\n\n\n<p class=\"has-text-align-left zurueck-zu-den-stationen\" data-block-type=\"core\"><a href=\"http:\/\/decolonize-bonn.de\/stadtrundgang\/\">zur\u00fcck zu allen Stationen<\/a><\/p>\n<\/div>\n<\/div>\n","protected":false},"excerpt":{"rendered":"<p>Die Bundesstadt Bonn war von 1949 bis 1990 Bundeshauptstadt und bis 1999 Regierungssitz der Bundesrepublik Deutschland, danach wurde es zum Zweitregierungssitz Deutschlands. Ein gro\u00dfer Teil der Mitarbeitenden des Bundesministeriums f\u00fcr wirtschaftliche Zusammenarbeit und Entwicklung (BMZ) beispielsweise sitzt in Bonn. Die Stadt Bonn ist Sitz vieler deutscher Organisationen, die im Bereich der Entwicklungszusammenarbeit t\u00e4tig sind, wie [&hellip;]<\/p>\n","protected":false},"author":2,"featured_media":0,"parent":40,"menu_order":0,"comment_status":"closed","ping_status":"closed","template":"","meta":{"_editorskit_title_hidden":false,"_editorskit_reading_time":2,"_editorskit_is_block_options_detached":false,"_editorskit_block_options_position":"{}","_uag_custom_page_level_css":"","ocean_post_layout":"","ocean_both_sidebars_style":"","ocean_both_sidebars_content_width":0,"ocean_both_sidebars_sidebars_width":0,"ocean_sidebar":"0","ocean_second_sidebar":"0","ocean_disable_margins":"enable","ocean_add_body_class":"","ocean_shortcode_before_top_bar":"","ocean_shortcode_after_top_bar":"","ocean_shortcode_before_header":"","ocean_shortcode_after_header":"","ocean_has_shortcode":"","ocean_shortcode_after_title":"","ocean_shortcode_before_footer_widgets":"","ocean_shortcode_after_footer_widgets":"","ocean_shortcode_before_footer_bottom":"","ocean_shortcode_after_footer_bottom":"","ocean_display_top_bar":"default","ocean_display_header":"default","ocean_header_style":"","ocean_center_header_left_menu":"0","ocean_custom_header_template":"0","ocean_custom_logo":0,"ocean_custom_retina_logo":0,"ocean_custom_logo_max_width":0,"ocean_custom_logo_tablet_max_width":0,"ocean_custom_logo_mobile_max_width":0,"ocean_custom_logo_max_height":0,"ocean_custom_logo_tablet_max_height":0,"ocean_custom_logo_mobile_max_height":0,"ocean_header_custom_menu":"0","ocean_menu_typo_font_family":"0","ocean_menu_typo_font_subset":"","ocean_menu_typo_font_size":0,"ocean_menu_typo_font_size_tablet":0,"ocean_menu_typo_font_size_mobile":0,"ocean_menu_typo_font_size_unit":"px","ocean_menu_typo_font_weight":"","ocean_menu_typo_font_weight_tablet":"","ocean_menu_typo_font_weight_mobile":"","ocean_menu_typo_transform":"","ocean_menu_typo_transform_tablet":"","ocean_menu_typo_transform_mobile":"","ocean_menu_typo_line_height":0,"ocean_menu_typo_line_height_tablet":0,"ocean_menu_typo_line_height_mobile":0,"ocean_menu_typo_line_height_unit":"","ocean_menu_typo_spacing":0,"ocean_menu_typo_spacing_tablet":0,"ocean_menu_typo_spacing_mobile":0,"ocean_menu_typo_spacing_unit":"","ocean_menu_link_color":"","ocean_menu_link_color_hover":"","ocean_menu_link_color_active":"","ocean_menu_link_background":"","ocean_menu_link_hover_background":"","ocean_menu_link_active_background":"","ocean_menu_social_links_bg":"","ocean_menu_social_hover_links_bg":"","ocean_menu_social_links_color":"","ocean_menu_social_hover_links_color":"","ocean_disable_title":"default","ocean_disable_heading":"default","ocean_post_title":"","ocean_post_subheading":"","ocean_post_title_style":"","ocean_post_title_background_color":"","ocean_post_title_background":0,"ocean_post_title_bg_image_position":"","ocean_post_title_bg_image_attachment":"","ocean_post_title_bg_image_repeat":"","ocean_post_title_bg_image_size":"","ocean_post_title_height":0,"ocean_post_title_bg_overlay":0.5,"ocean_post_title_bg_overlay_color":"","ocean_disable_breadcrumbs":"default","ocean_breadcrumbs_color":"","ocean_breadcrumbs_separator_color":"","ocean_breadcrumbs_links_color":"","ocean_breadcrumbs_links_hover_color":"","ocean_display_footer_widgets":"default","ocean_display_footer_bottom":"default","ocean_custom_footer_template":"0","footnotes":""},"class_list":["post-264","page","type-page","status-publish","hentry","entry"],"translation":{"provider":"WPGlobus","version":"3.0.2","language":"en","enabled_languages":["de","en"],"languages":{"de":{"title":true,"content":true,"excerpt":false},"en":{"title":false,"content":false,"excerpt":false}}},"featured_image_urls_v2":{"full":"","thumbnail":"","medium":"","medium_large":"","large":"","1536x1536":"","2048x2048":"","ocean-thumb-m":"","ocean-thumb-ml":"","ocean-thumb-l":""},"post_excerpt_stackable_v2":"<p>Die Bundesstadt Bonn war von 1949 bis 1990 Bundeshauptstadt und bis 1999 Regierungssitz der Bundesrepublik Deutschland, danach wurde es zum Zweitregierungssitz Deutschlands. Ein gro\u00dfer Teil der Mitarbeitenden des Bundesministeriums f\u00fcr wirtschaftliche Zusammenarbeit und Entwicklung (BMZ) beispielsweise sitzt in Bonn. Die Stadt Bonn ist Sitz vieler deutscher Organisationen, die im Bereich der Entwicklungszusammenarbeit t\u00e4tig sind, wie beispielsweise Engagement Global, Deval[1], DIE[2], giz[3], IRENA[4], ICLEI[5] und die Vereinten Nationen sind nur einige Namen der renommierten internationalen Organisationen, die in Bonn ihren Sitz haben[6]. Von Organisationen, die im Bereich der humanit\u00e4ren Hilfe t\u00e4tig sind, bis zu den Organisationen, die kurz -und langfristige Projekte&hellip;<\/p>\n","category_list_v2":"","author_info_v2":{"name":"bonnpostkolonial","url":"https:\/\/decolonize-bonn.de\/en\/author\/bonnpostkolonial\/"},"comments_num_v2":"0 comments","yoast_head":"\n<title>Entwicklungsarbeit - Bonn Postkolonial<\/title>\n<meta name=\"robots\" content=\"index, follow, max-snippet:-1, max-image-preview:large, max-video-preview:-1\" \/>\n<link rel=\"canonical\" href=\"https:\/\/decolonize-bonn.de\/stadtrundgang\/entwicklungszusammenarbeit\/\" \/>\n<meta property=\"og:locale\" content=\"en_US\" \/>\n<meta property=\"og:type\" content=\"article\" \/>\n<meta property=\"og:title\" content=\"Entwicklungsarbeit - Bonn Postkolonial\" \/>\n<meta property=\"og:url\" content=\"https:\/\/decolonize-bonn.de\/stadtrundgang\/entwicklungszusammenarbeit\/\" \/>\n<meta property=\"og:site_name\" content=\"Bonn Postkolonial\" \/>\n<meta property=\"article:publisher\" content=\"https:\/\/de-de.facebook.com\/BonnPostkolonial\/\" \/>\n<meta property=\"article:modified_time\" content=\"2021-10-24T17:03:18+00:00\" \/>\n<meta property=\"og:image\" content=\"http:\/\/decolonize-bonn.de\/wp-content\/uploads\/2019\/12\/giz-300x236.png\" \/>\n<meta name=\"twitter:card\" content=\"summary_large_image\" \/>\n<meta name=\"twitter:label1\" content=\"Est. reading time\" \/>\n\t<meta name=\"twitter:data1\" content=\"3 minutes\" \/>\n<script type=\"application\/ld+json\" class=\"yoast-schema-graph\">{\"@context\":\"https:\/\/schema.org\",\"@graph\":[{\"@type\":\"WebPage\",\"@id\":\"https:\/\/decolonize-bonn.de\/stadtrundgang\/entwicklungszusammenarbeit\/\",\"url\":\"https:\/\/decolonize-bonn.de\/stadtrundgang\/entwicklungszusammenarbeit\/\",\"name\":\"Entwicklungsarbeit - Bonn Postkolonial\",\"isPartOf\":{\"@id\":\"https:\/\/decolonize-bonn.de\/#website\"},\"primaryImageOfPage\":{\"@id\":\"https:\/\/decolonize-bonn.de\/stadtrundgang\/entwicklungszusammenarbeit\/#primaryimage\"},\"image\":{\"@id\":\"https:\/\/decolonize-bonn.de\/stadtrundgang\/entwicklungszusammenarbeit\/#primaryimage\"},\"thumbnailUrl\":\"http:\/\/decolonize-bonn.de\/wp-content\/uploads\/2019\/12\/giz-300x236.png\",\"datePublished\":\"2019-11-29T10:58:09+00:00\",\"dateModified\":\"2021-10-24T17:03:18+00:00\",\"breadcrumb\":{\"@id\":\"https:\/\/decolonize-bonn.de\/stadtrundgang\/entwicklungszusammenarbeit\/#breadcrumb\"},\"inLanguage\":\"en-US\",\"potentialAction\":[{\"@type\":\"ReadAction\",\"target\":[\"https:\/\/decolonize-bonn.de\/stadtrundgang\/entwicklungszusammenarbeit\/\"]}]},{\"@type\":\"ImageObject\",\"inLanguage\":\"en-US\",\"@id\":\"https:\/\/decolonize-bonn.de\/stadtrundgang\/entwicklungszusammenarbeit\/#primaryimage\",\"url\":\"http:\/\/decolonize-bonn.de\/wp-content\/uploads\/2019\/12\/giz-300x236.png\",\"contentUrl\":\"http:\/\/decolonize-bonn.de\/wp-content\/uploads\/2019\/12\/giz-300x236.png\"},{\"@type\":\"BreadcrumbList\",\"@id\":\"https:\/\/decolonize-bonn.de\/stadtrundgang\/entwicklungszusammenarbeit\/#breadcrumb\",\"itemListElement\":[{\"@type\":\"ListItem\",\"position\":1,\"name\":\"Startseite\",\"item\":\"https:\/\/decolonize-bonn.de\/\"},{\"@type\":\"ListItem\",\"position\":2,\"name\":\"Stadtrundgang\",\"item\":\"https:\/\/decolonize-bonn.de\/stadtrundgang\/\"},{\"@type\":\"ListItem\",\"position\":3,\"name\":\"Entwicklungsarbeit\"}]},{\"@type\":\"WebSite\",\"@id\":\"https:\/\/decolonize-bonn.de\/#website\",\"url\":\"https:\/\/decolonize-bonn.de\/\",\"name\":\"Bonn Postkolonial\",\"description\":\"Dealing with Bonn&#039;s colonial past\",\"potentialAction\":[{\"@type\":\"SearchAction\",\"target\":{\"@type\":\"EntryPoint\",\"urlTemplate\":\"https:\/\/decolonize-bonn.de\/?s={search_term_string}\"},\"query-input\":{\"@type\":\"PropertyValueSpecification\",\"valueRequired\":true,\"valueName\":\"search_term_string\"}}],\"inLanguage\":\"en-US\"}]}<\/script>\n","yoast_head_json":{"title":"Entwicklungsarbeit - Bonn Postkolonial","robots":{"index":"index","follow":"follow","max-snippet":"max-snippet:-1","max-image-preview":"max-image-preview:large","max-video-preview":"max-video-preview:-1"},"canonical":"https:\/\/decolonize-bonn.de\/stadtrundgang\/entwicklungszusammenarbeit\/","og_locale":"en_US","og_type":"article","og_title":"Entwicklungsarbeit - Bonn Postkolonial","og_url":"https:\/\/decolonize-bonn.de\/stadtrundgang\/entwicklungszusammenarbeit\/","og_site_name":"Bonn Postkolonial","article_publisher":"https:\/\/de-de.facebook.com\/BonnPostkolonial\/","article_modified_time":"2021-10-24T17:03:18+00:00","og_image":[{"url":"http:\/\/decolonize-bonn.de\/wp-content\/uploads\/2019\/12\/giz-300x236.png","type":"","width":"","height":""}],"twitter_card":"summary_large_image","twitter_misc":{"Est. reading time":"3 minutes"},"schema":{"@context":"https:\/\/schema.org","@graph":[{"@type":"WebPage","@id":"https:\/\/decolonize-bonn.de\/stadtrundgang\/entwicklungszusammenarbeit\/","url":"https:\/\/decolonize-bonn.de\/stadtrundgang\/entwicklungszusammenarbeit\/","name":"Entwicklungsarbeit - Bonn Postkolonial","isPartOf":{"@id":"https:\/\/decolonize-bonn.de\/#website"},"primaryImageOfPage":{"@id":"https:\/\/decolonize-bonn.de\/stadtrundgang\/entwicklungszusammenarbeit\/#primaryimage"},"image":{"@id":"https:\/\/decolonize-bonn.de\/stadtrundgang\/entwicklungszusammenarbeit\/#primaryimage"},"thumbnailUrl":"http:\/\/decolonize-bonn.de\/wp-content\/uploads\/2019\/12\/giz-300x236.png","datePublished":"2019-11-29T10:58:09+00:00","dateModified":"2021-10-24T17:03:18+00:00","breadcrumb":{"@id":"https:\/\/decolonize-bonn.de\/stadtrundgang\/entwicklungszusammenarbeit\/#breadcrumb"},"inLanguage":"en-US","potentialAction":[{"@type":"ReadAction","target":["https:\/\/decolonize-bonn.de\/stadtrundgang\/entwicklungszusammenarbeit\/"]}]},{"@type":"ImageObject","inLanguage":"en-US","@id":"https:\/\/decolonize-bonn.de\/stadtrundgang\/entwicklungszusammenarbeit\/#primaryimage","url":"http:\/\/decolonize-bonn.de\/wp-content\/uploads\/2019\/12\/giz-300x236.png","contentUrl":"http:\/\/decolonize-bonn.de\/wp-content\/uploads\/2019\/12\/giz-300x236.png"},{"@type":"BreadcrumbList","@id":"https:\/\/decolonize-bonn.de\/stadtrundgang\/entwicklungszusammenarbeit\/#breadcrumb","itemListElement":[{"@type":"ListItem","position":1,"name":"Startseite","item":"https:\/\/decolonize-bonn.de\/"},{"@type":"ListItem","position":2,"name":"Stadtrundgang","item":"https:\/\/decolonize-bonn.de\/stadtrundgang\/"},{"@type":"ListItem","position":3,"name":"Entwicklungsarbeit"}]},{"@type":"WebSite","@id":"https:\/\/decolonize-bonn.de\/#website","url":"https:\/\/decolonize-bonn.de\/","name":"Bonn Postkolonial","description":"Dealing with Bonn&#039;s colonial past","potentialAction":[{"@type":"SearchAction","target":{"@type":"EntryPoint","urlTemplate":"https:\/\/decolonize-bonn.de\/?s={search_term_string}"},"query-input":{"@type":"PropertyValueSpecification","valueRequired":true,"valueName":"search_term_string"}}],"inLanguage":"en-US"}]}},"uagb_featured_image_src":{"full":false,"thumbnail":false,"medium":false,"medium_large":false,"large":false,"1536x1536":false,"2048x2048":false,"ocean-thumb-m":false,"ocean-thumb-ml":false,"ocean-thumb-l":false},"uagb_author_info":{"display_name":"bonnpostkolonial","author_link":"https:\/\/decolonize-bonn.de\/en\/author\/bonnpostkolonial\/"},"uagb_comment_info":0,"uagb_excerpt":"Die Bundesstadt Bonn war von 1949 bis 1990 Bundeshauptstadt und bis 1999 Regierungssitz der Bundesrepublik Deutschland, danach wurde es zum Zweitregierungssitz Deutschlands. Ein gro\u00dfer Teil der Mitarbeitenden des Bundesministeriums f\u00fcr wirtschaftliche Zusammenarbeit und Entwicklung (BMZ) beispielsweise sitzt in Bonn. Die Stadt Bonn ist Sitz vieler deutscher Organisationen, die im Bereich der Entwicklungszusammenarbeit t\u00e4tig sind, wie&hellip;","_links":{"self":[{"href":"https:\/\/decolonize-bonn.de\/en\/wp-json\/wp\/v2\/pages\/264","targetHints":{"allow":["GET"]}}],"collection":[{"href":"https:\/\/decolonize-bonn.de\/en\/wp-json\/wp\/v2\/pages"}],"about":[{"href":"https:\/\/decolonize-bonn.de\/en\/wp-json\/wp\/v2\/types\/page"}],"author":[{"embeddable":true,"href":"https:\/\/decolonize-bonn.de\/en\/wp-json\/wp\/v2\/users\/2"}],"replies":[{"embeddable":true,"href":"https:\/\/decolonize-bonn.de\/en\/wp-json\/wp\/v2\/comments?post=264"}],"version-history":[{"count":1,"href":"https:\/\/decolonize-bonn.de\/en\/wp-json\/wp\/v2\/pages\/264\/revisions"}],"predecessor-version":[{"id":544,"href":"https:\/\/decolonize-bonn.de\/en\/wp-json\/wp\/v2\/pages\/264\/revisions\/544"}],"up":[{"embeddable":true,"href":"https:\/\/decolonize-bonn.de\/en\/wp-json\/wp\/v2\/pages\/40"}],"wp:attachment":[{"href":"https:\/\/decolonize-bonn.de\/en\/wp-json\/wp\/v2\/media?parent=264"}],"curies":[{"name":"wp","href":"https:\/\/api.w.org\/{rel}","templated":true}]}}