{"id":266,"date":"2019-11-29T11:59:26","date_gmt":"2019-11-29T10:59:26","guid":{"rendered":"http:\/\/decolonize-bonn.de\/?page_id=266"},"modified":"2019-12-03T22:39:54","modified_gmt":"2019-12-03T21:39:54","slug":"lothar-von-trotha","status":"publish","type":"page","link":"https:\/\/decolonize-bonn.de\/en\/stadtrundgang\/lothar-von-trotha\/","title":{"rendered":"Lothar von Trotha"},"content":{"rendered":"\n<div class=\"wp-block-columns is-layout-flex wp-container-core-columns-is-layout-9d6595d7 wp-block-columns-is-layout-flex\" data-block-type=\"core\">\n<div class=\"wp-block-column is-layout-flow wp-block-column-is-layout-flow\" style=\"flex-basis:30%\" data-block-type=\"core\">\n<figure class=\"wp-block-image size-large\" data-block-type=\"core\"><img loading=\"lazy\" decoding=\"async\" width=\"946\" height=\"1000\" src=\"http:\/\/decolonize-bonn.de\/wp-content\/uploads\/2019\/12\/lothar_von_trotha.png\" alt=\"Grabstein von Lothar von Trotha\" class=\"wp-image-318\" srcset=\"https:\/\/decolonize-bonn.de\/wp-content\/uploads\/2019\/12\/lothar_von_trotha.png 946w, https:\/\/decolonize-bonn.de\/wp-content\/uploads\/2019\/12\/lothar_von_trotha-284x300.png 284w, https:\/\/decolonize-bonn.de\/wp-content\/uploads\/2019\/12\/lothar_von_trotha-768x812.png 768w\" sizes=\"auto, (max-width: 946px) 100vw, 946px\" \/><\/figure>\n<\/div>\n\n\n\n<div class=\"wp-block-column is-layout-flow wp-block-column-is-layout-flow\" style=\"flex-basis:70%\" data-block-type=\"core\">\n<p data-block-type=\"core\">Lothar von Trotha war Oberbefehlshaber und Gouverneur im kolonisierten Namibia (1884 bis 1915 Deutsch-S\u00fcdwestafrika). In dieser Funktion erteilte er 1904 den Vernichtungsbefehl gegen\u00fcber den Ovaherero und Nama, die sich im Widerstand gegen das deutsche Kolonialregime befanden. Darauf folgte der erste Genozid des 20. Jahrhunderts (vgl. bspw. Zeller 2013: 20). Bis heute k\u00e4mpfen Ovaherero und Nama f\u00fcr eine Verantwortungs\u00fcbernahme, also eine Aufarbeitung und Entsch\u00e4digung durch den deutschen Staat, u.a. mit einer Klage vor dem Gerichtshof in New York (vgl. Pelz 2018). Lothar von Trotha wurde, in zentraler Lage und umringt von Ehrengr\u00e4bern, auf deren Infotafel zeitweise auch sein Name stand, auf dem Friedhof in Bonn-Poppelsdorf begraben. Auch wenn seine koloniale Vergangenheit und seine Verbrechen Teil medialer Debatten waren, werden diese auf dem Friedhof bisher an keiner Stelle thematisiert. <\/p>\n\n\n\n<p class=\"has-text-align-left zurueck-zu-den-stationen\" data-block-type=\"core\"><a href=\"http:\/\/decolonize-bonn.de\/stadtrundgang\/\">zur\u00fcck zu allen Stationen<\/a><\/p>\n<\/div>\n<\/div>\n","protected":false},"excerpt":{"rendered":"<p>Lothar von Trotha war Oberbefehlshaber und Gouverneur im kolonisierten Namibia (1884 bis 1915 Deutsch-S\u00fcdwestafrika). In dieser Funktion erteilte er 1904 den Vernichtungsbefehl gegen\u00fcber den Ovaherero und Nama, die sich im Widerstand gegen das deutsche Kolonialregime befanden. Darauf folgte der erste Genozid des 20. Jahrhunderts (vgl. bspw. Zeller 2013: 20). Bis heute k\u00e4mpfen Ovaherero und Nama [&hellip;]<\/p>\n","protected":false},"author":2,"featured_media":0,"parent":40,"menu_order":0,"comment_status":"closed","ping_status":"closed","template":"","meta":{"_editorskit_title_hidden":false,"_editorskit_reading_time":0,"_editorskit_is_block_options_detached":false,"_editorskit_block_options_position":"{}","_uag_custom_page_level_css":"","ocean_post_layout":"","ocean_both_sidebars_style":"","ocean_both_sidebars_content_width":0,"ocean_both_sidebars_sidebars_width":0,"ocean_sidebar":"0","ocean_second_sidebar":"0","ocean_disable_margins":"enable","ocean_add_body_class":"","ocean_shortcode_before_top_bar":"","ocean_shortcode_after_top_bar":"","ocean_shortcode_before_header":"","ocean_shortcode_after_header":"","ocean_has_shortcode":"","ocean_shortcode_after_title":"","ocean_shortcode_before_footer_widgets":"","ocean_shortcode_after_footer_widgets":"","ocean_shortcode_before_footer_bottom":"","ocean_shortcode_after_footer_bottom":"","ocean_display_top_bar":"default","ocean_display_header":"default","ocean_header_style":"","ocean_center_header_left_menu":"0","ocean_custom_header_template":"0","ocean_custom_logo":0,"ocean_custom_retina_logo":0,"ocean_custom_logo_max_width":0,"ocean_custom_logo_tablet_max_width":0,"ocean_custom_logo_mobile_max_width":0,"ocean_custom_logo_max_height":0,"ocean_custom_logo_tablet_max_height":0,"ocean_custom_logo_mobile_max_height":0,"ocean_header_custom_menu":"0","ocean_menu_typo_font_family":"0","ocean_menu_typo_font_subset":"","ocean_menu_typo_font_size":0,"ocean_menu_typo_font_size_tablet":0,"ocean_menu_typo_font_size_mobile":0,"ocean_menu_typo_font_size_unit":"px","ocean_menu_typo_font_weight":"","ocean_menu_typo_font_weight_tablet":"","ocean_menu_typo_font_weight_mobile":"","ocean_menu_typo_transform":"","ocean_menu_typo_transform_tablet":"","ocean_menu_typo_transform_mobile":"","ocean_menu_typo_line_height":0,"ocean_menu_typo_line_height_tablet":0,"ocean_menu_typo_line_height_mobile":0,"ocean_menu_typo_line_height_unit":"","ocean_menu_typo_spacing":0,"ocean_menu_typo_spacing_tablet":0,"ocean_menu_typo_spacing_mobile":0,"ocean_menu_typo_spacing_unit":"","ocean_menu_link_color":"","ocean_menu_link_color_hover":"","ocean_menu_link_color_active":"","ocean_menu_link_background":"","ocean_menu_link_hover_background":"","ocean_menu_link_active_background":"","ocean_menu_social_links_bg":"","ocean_menu_social_hover_links_bg":"","ocean_menu_social_links_color":"","ocean_menu_social_hover_links_color":"","ocean_disable_title":"default","ocean_disable_heading":"default","ocean_post_title":"","ocean_post_subheading":"","ocean_post_title_style":"","ocean_post_title_background_color":"","ocean_post_title_background":0,"ocean_post_title_bg_image_position":"","ocean_post_title_bg_image_attachment":"","ocean_post_title_bg_image_repeat":"","ocean_post_title_bg_image_size":"","ocean_post_title_height":0,"ocean_post_title_bg_overlay":0.5,"ocean_post_title_bg_overlay_color":"","ocean_disable_breadcrumbs":"default","ocean_breadcrumbs_color":"","ocean_breadcrumbs_separator_color":"","ocean_breadcrumbs_links_color":"","ocean_breadcrumbs_links_hover_color":"","ocean_display_footer_widgets":"default","ocean_display_footer_bottom":"default","ocean_custom_footer_template":"0","footnotes":""},"class_list":["post-266","page","type-page","status-publish","hentry","entry"],"translation":{"provider":"WPGlobus","version":"3.0.2","language":"en","enabled_languages":["de","en"],"languages":{"de":{"title":true,"content":true,"excerpt":false},"en":{"title":false,"content":false,"excerpt":false}}},"featured_image_urls_v2":{"full":"","thumbnail":"","medium":"","medium_large":"","large":"","1536x1536":"","2048x2048":"","ocean-thumb-m":"","ocean-thumb-ml":"","ocean-thumb-l":""},"post_excerpt_stackable_v2":"<p>Lothar von Trotha war Oberbefehlshaber und Gouverneur im kolonisierten Namibia (1884 bis 1915 Deutsch-S\u00fcdwestafrika). In dieser Funktion erteilte er 1904 den Vernichtungsbefehl gegen\u00fcber den Ovaherero und Nama, die sich im Widerstand gegen das deutsche Kolonialregime befanden. Darauf folgte der erste Genozid des 20. Jahrhunderts (vgl. bspw. Zeller 2013: 20). Bis heute k\u00e4mpfen Ovaherero und Nama f\u00fcr eine Verantwortungs\u00fcbernahme, also eine Aufarbeitung und Entsch\u00e4digung durch den deutschen Staat, u.a. mit einer Klage vor dem Gerichtshof in New York (vgl. Pelz 2018). Lothar von Trotha wurde, in zentraler Lage und umringt von Ehrengr\u00e4bern, auf deren Infotafel zeitweise auch sein Name stand, auf&hellip;<\/p>\n","category_list_v2":"","author_info_v2":{"name":"bonnpostkolonial","url":"https:\/\/decolonize-bonn.de\/en\/author\/bonnpostkolonial\/"},"comments_num_v2":"0 comments","yoast_head":"\n<title>Lothar von Trotha - Bonn Postkolonial<\/title>\n<meta name=\"robots\" content=\"index, follow, max-snippet:-1, max-image-preview:large, max-video-preview:-1\" \/>\n<link rel=\"canonical\" href=\"https:\/\/decolonize-bonn.de\/stadtrundgang\/lothar-von-trotha\/\" \/>\n<meta property=\"og:locale\" content=\"en_US\" \/>\n<meta property=\"og:type\" content=\"article\" \/>\n<meta property=\"og:title\" content=\"Lothar von Trotha - Bonn Postkolonial\" \/>\n<meta property=\"og:url\" content=\"https:\/\/decolonize-bonn.de\/stadtrundgang\/lothar-von-trotha\/\" \/>\n<meta property=\"og:site_name\" content=\"Bonn Postkolonial\" \/>\n<meta property=\"article:publisher\" content=\"https:\/\/de-de.facebook.com\/BonnPostkolonial\/\" \/>\n<meta property=\"article:modified_time\" content=\"2019-12-03T21:39:54+00:00\" \/>\n<meta property=\"og:image\" content=\"http:\/\/decolonize-bonn.de\/wp-content\/uploads\/2019\/12\/lothar_von_trotha.png\" \/>\n<meta name=\"twitter:card\" content=\"summary_large_image\" \/>\n<meta name=\"twitter:label1\" content=\"Est. reading time\" \/>\n\t<meta name=\"twitter:data1\" content=\"1 minute\" \/>\n<script type=\"application\/ld+json\" class=\"yoast-schema-graph\">{\"@context\":\"https:\/\/schema.org\",\"@graph\":[{\"@type\":\"WebPage\",\"@id\":\"https:\/\/decolonize-bonn.de\/stadtrundgang\/lothar-von-trotha\/\",\"url\":\"https:\/\/decolonize-bonn.de\/stadtrundgang\/lothar-von-trotha\/\",\"name\":\"Lothar von Trotha - Bonn Postkolonial\",\"isPartOf\":{\"@id\":\"https:\/\/decolonize-bonn.de\/#website\"},\"primaryImageOfPage\":{\"@id\":\"https:\/\/decolonize-bonn.de\/stadtrundgang\/lothar-von-trotha\/#primaryimage\"},\"image\":{\"@id\":\"https:\/\/decolonize-bonn.de\/stadtrundgang\/lothar-von-trotha\/#primaryimage\"},\"thumbnailUrl\":\"http:\/\/decolonize-bonn.de\/wp-content\/uploads\/2019\/12\/lothar_von_trotha.png\",\"datePublished\":\"2019-11-29T10:59:26+00:00\",\"dateModified\":\"2019-12-03T21:39:54+00:00\",\"breadcrumb\":{\"@id\":\"https:\/\/decolonize-bonn.de\/stadtrundgang\/lothar-von-trotha\/#breadcrumb\"},\"inLanguage\":\"en-US\",\"potentialAction\":[{\"@type\":\"ReadAction\",\"target\":[\"https:\/\/decolonize-bonn.de\/stadtrundgang\/lothar-von-trotha\/\"]}]},{\"@type\":\"ImageObject\",\"inLanguage\":\"en-US\",\"@id\":\"https:\/\/decolonize-bonn.de\/stadtrundgang\/lothar-von-trotha\/#primaryimage\",\"url\":\"http:\/\/decolonize-bonn.de\/wp-content\/uploads\/2019\/12\/lothar_von_trotha.png\",\"contentUrl\":\"http:\/\/decolonize-bonn.de\/wp-content\/uploads\/2019\/12\/lothar_von_trotha.png\"},{\"@type\":\"BreadcrumbList\",\"@id\":\"https:\/\/decolonize-bonn.de\/stadtrundgang\/lothar-von-trotha\/#breadcrumb\",\"itemListElement\":[{\"@type\":\"ListItem\",\"position\":1,\"name\":\"Startseite\",\"item\":\"https:\/\/decolonize-bonn.de\/\"},{\"@type\":\"ListItem\",\"position\":2,\"name\":\"Stadtrundgang\",\"item\":\"https:\/\/decolonize-bonn.de\/stadtrundgang\/\"},{\"@type\":\"ListItem\",\"position\":3,\"name\":\"Lothar von Trotha\"}]},{\"@type\":\"WebSite\",\"@id\":\"https:\/\/decolonize-bonn.de\/#website\",\"url\":\"https:\/\/decolonize-bonn.de\/\",\"name\":\"Bonn Postkolonial\",\"description\":\"Dealing with Bonn&#039;s colonial past\",\"potentialAction\":[{\"@type\":\"SearchAction\",\"target\":{\"@type\":\"EntryPoint\",\"urlTemplate\":\"https:\/\/decolonize-bonn.de\/?s={search_term_string}\"},\"query-input\":{\"@type\":\"PropertyValueSpecification\",\"valueRequired\":true,\"valueName\":\"search_term_string\"}}],\"inLanguage\":\"en-US\"}]}<\/script>\n","yoast_head_json":{"title":"Lothar von Trotha - Bonn Postkolonial","robots":{"index":"index","follow":"follow","max-snippet":"max-snippet:-1","max-image-preview":"max-image-preview:large","max-video-preview":"max-video-preview:-1"},"canonical":"https:\/\/decolonize-bonn.de\/stadtrundgang\/lothar-von-trotha\/","og_locale":"en_US","og_type":"article","og_title":"Lothar von Trotha - Bonn Postkolonial","og_url":"https:\/\/decolonize-bonn.de\/stadtrundgang\/lothar-von-trotha\/","og_site_name":"Bonn Postkolonial","article_publisher":"https:\/\/de-de.facebook.com\/BonnPostkolonial\/","article_modified_time":"2019-12-03T21:39:54+00:00","og_image":[{"url":"http:\/\/decolonize-bonn.de\/wp-content\/uploads\/2019\/12\/lothar_von_trotha.png","type":"","width":"","height":""}],"twitter_card":"summary_large_image","twitter_misc":{"Est. reading time":"1 minute"},"schema":{"@context":"https:\/\/schema.org","@graph":[{"@type":"WebPage","@id":"https:\/\/decolonize-bonn.de\/stadtrundgang\/lothar-von-trotha\/","url":"https:\/\/decolonize-bonn.de\/stadtrundgang\/lothar-von-trotha\/","name":"Lothar von Trotha - Bonn Postkolonial","isPartOf":{"@id":"https:\/\/decolonize-bonn.de\/#website"},"primaryImageOfPage":{"@id":"https:\/\/decolonize-bonn.de\/stadtrundgang\/lothar-von-trotha\/#primaryimage"},"image":{"@id":"https:\/\/decolonize-bonn.de\/stadtrundgang\/lothar-von-trotha\/#primaryimage"},"thumbnailUrl":"http:\/\/decolonize-bonn.de\/wp-content\/uploads\/2019\/12\/lothar_von_trotha.png","datePublished":"2019-11-29T10:59:26+00:00","dateModified":"2019-12-03T21:39:54+00:00","breadcrumb":{"@id":"https:\/\/decolonize-bonn.de\/stadtrundgang\/lothar-von-trotha\/#breadcrumb"},"inLanguage":"en-US","potentialAction":[{"@type":"ReadAction","target":["https:\/\/decolonize-bonn.de\/stadtrundgang\/lothar-von-trotha\/"]}]},{"@type":"ImageObject","inLanguage":"en-US","@id":"https:\/\/decolonize-bonn.de\/stadtrundgang\/lothar-von-trotha\/#primaryimage","url":"http:\/\/decolonize-bonn.de\/wp-content\/uploads\/2019\/12\/lothar_von_trotha.png","contentUrl":"http:\/\/decolonize-bonn.de\/wp-content\/uploads\/2019\/12\/lothar_von_trotha.png"},{"@type":"BreadcrumbList","@id":"https:\/\/decolonize-bonn.de\/stadtrundgang\/lothar-von-trotha\/#breadcrumb","itemListElement":[{"@type":"ListItem","position":1,"name":"Startseite","item":"https:\/\/decolonize-bonn.de\/"},{"@type":"ListItem","position":2,"name":"Stadtrundgang","item":"https:\/\/decolonize-bonn.de\/stadtrundgang\/"},{"@type":"ListItem","position":3,"name":"Lothar von Trotha"}]},{"@type":"WebSite","@id":"https:\/\/decolonize-bonn.de\/#website","url":"https:\/\/decolonize-bonn.de\/","name":"Bonn Postkolonial","description":"Dealing with Bonn&#039;s colonial past","potentialAction":[{"@type":"SearchAction","target":{"@type":"EntryPoint","urlTemplate":"https:\/\/decolonize-bonn.de\/?s={search_term_string}"},"query-input":{"@type":"PropertyValueSpecification","valueRequired":true,"valueName":"search_term_string"}}],"inLanguage":"en-US"}]}},"uagb_featured_image_src":{"full":false,"thumbnail":false,"medium":false,"medium_large":false,"large":false,"1536x1536":false,"2048x2048":false,"ocean-thumb-m":false,"ocean-thumb-ml":false,"ocean-thumb-l":false},"uagb_author_info":{"display_name":"bonnpostkolonial","author_link":"https:\/\/decolonize-bonn.de\/en\/author\/bonnpostkolonial\/"},"uagb_comment_info":0,"uagb_excerpt":"Lothar von Trotha war Oberbefehlshaber und Gouverneur im kolonisierten Namibia (1884 bis 1915 Deutsch-S\u00fcdwestafrika). In dieser Funktion erteilte er 1904 den Vernichtungsbefehl gegen\u00fcber den Ovaherero und Nama, die sich im Widerstand gegen das deutsche Kolonialregime befanden. Darauf folgte der erste Genozid des 20. Jahrhunderts (vgl. bspw. Zeller 2013: 20). Bis heute k\u00e4mpfen Ovaherero und Nama&hellip;","_links":{"self":[{"href":"https:\/\/decolonize-bonn.de\/en\/wp-json\/wp\/v2\/pages\/266","targetHints":{"allow":["GET"]}}],"collection":[{"href":"https:\/\/decolonize-bonn.de\/en\/wp-json\/wp\/v2\/pages"}],"about":[{"href":"https:\/\/decolonize-bonn.de\/en\/wp-json\/wp\/v2\/types\/page"}],"author":[{"embeddable":true,"href":"https:\/\/decolonize-bonn.de\/en\/wp-json\/wp\/v2\/users\/2"}],"replies":[{"embeddable":true,"href":"https:\/\/decolonize-bonn.de\/en\/wp-json\/wp\/v2\/comments?post=266"}],"version-history":[{"count":0,"href":"https:\/\/decolonize-bonn.de\/en\/wp-json\/wp\/v2\/pages\/266\/revisions"}],"up":[{"embeddable":true,"href":"https:\/\/decolonize-bonn.de\/en\/wp-json\/wp\/v2\/pages\/40"}],"wp:attachment":[{"href":"https:\/\/decolonize-bonn.de\/en\/wp-json\/wp\/v2\/media?parent=266"}],"curies":[{"name":"wp","href":"https:\/\/api.w.org\/{rel}","templated":true}]}}