{"id":268,"date":"2019-11-29T12:00:40","date_gmt":"2019-11-29T11:00:40","guid":{"rendered":"http:\/\/decolonize-bonn.de\/?page_id=268"},"modified":"2021-10-24T18:58:22","modified_gmt":"2021-10-24T16:58:22","slug":"voelkerschauen","status":"publish","type":"page","link":"https:\/\/decolonize-bonn.de\/en\/stadtrundgang\/voelkerschauen\/","title":{"rendered":"V\u00f6lkerschauen"},"content":{"rendered":"\n<div class=\"wp-block-columns is-layout-flex wp-container-core-columns-is-layout-9d6595d7 wp-block-columns-is-layout-flex\" data-block-type=\"core\">\n<div class=\"wp-block-column is-layout-flow wp-block-column-is-layout-flow\" style=\"flex-basis:30%\" data-block-type=\"core\">\n<figure class=\"wp-block-image size-large\" data-block-type=\"core\"><img loading=\"lazy\" decoding=\"async\" width=\"1000\" height=\"516\" src=\"http:\/\/decolonize-bonn.de\/wp-content\/uploads\/2019\/06\/frankenbad.png\" alt=\"Frankenbadplatz in Bonn\" class=\"wp-image-71\" srcset=\"https:\/\/decolonize-bonn.de\/wp-content\/uploads\/2019\/06\/frankenbad.png 1000w, https:\/\/decolonize-bonn.de\/wp-content\/uploads\/2019\/06\/frankenbad-300x155.png 300w, https:\/\/decolonize-bonn.de\/wp-content\/uploads\/2019\/06\/frankenbad-768x396.png 768w\" sizes=\"auto, (max-width: 1000px) 100vw, 1000px\" \/><\/figure>\n<\/div>\n\n\n\n<div class=\"wp-block-column is-layout-flow wp-block-column-is-layout-flow\" style=\"flex-basis:70%\" data-block-type=\"core\">\n<p data-block-type=\"core\">Als gegen 1860 der transatlantische Sklavenhandel langsam zu Ende ging, haben die ehemaligen Sklavenh\u00e4ndler, die sich zum gr\u00f6\u00dften Teil durch die Zuckerindustrie ein Verm\u00f6gen aufgebaut haben, neue Wege gesucht um die Unterdr\u00fcckung fortzusetzen, damit sie noch weiter profitieren k\u00f6nnen. Ein neues System soll die Versklavung ersetzen: der Kolonialismus.<\/p>\n\n\n\n<p data-block-type=\"core\">Der Imperialismus, der zum Kolonialismus gef\u00fchrt hatte, funktionierte haupts\u00e4chlich durch die Legitimierung der Bev\u00f6lkerungen der sogenannten Imperialistischen Gro\u00dfm\u00e4chte. Um den gewaltt\u00e4tigen Kolonialismus zu legitimieren, mussten die imperialistischen M\u00e4chte bewusst f\u00e4lschlich behaupten, dass die ehemaligen versklavten Menschen keine ebenb\u00fcrtigen Menschen waren. Diese galt es zu zivilisieren und zu evangelisieren. Es waren also die \u201eZivilisierten\u201c Menschen, die die \u201eUnzivilisierten\u201c \u201eBarbaren\u201c und \u201eExoten\u201c zivilisieren wollten. Die V\u00f6lkerschauen, die im Rahmen der Kolonialen Ausstellungen stattgefunden haben, waren nur eines von vielen Mitteln, die eingesetzt wurden, um die Dehumanisierung der Menschen, die in den Kolonialgebieten gelebt haben, zu vollbringen. Die Dehumanisierung der Anderen sollte die These \u201eder besseren europ\u00e4ischen Menschen\u201c, die These der \u201eNat\u00fcrlichen Eroberer\u201c unterst\u00fctzen. Daher wurden die Menschen aus den Kolonialgebieten vor allem aus Afrika und Indien in europ\u00e4ischen und nordamerikanischen St\u00e4dten zur Schau gestellt. Die Menschen waren zum Teil in K\u00e4fige geschlossen und zur Schau gestellt, oder sie traten meistens nackt oder halb nackt in ihren traditionellen folkloristischen Gruppen auf. Es war die Produktion des Bildes der \u201eUnzivilisierten<\/p>\n\n\n\n<p data-block-type=\"core\">Exoten\u201c, die bis heute in westlichen Medien andauert.<\/p>\n\n\n\n<p data-block-type=\"core\">Auch die Stadt Bonn war Schauplatz der V\u00f6lkerschauen. Der ehemalige Adolfsplatz, dessen Name bereits 1922 zu Frankenplatz ge\u00e4ndert wurde<a href=\"#_ftn1\">[1]<\/a>, war ein Platz f\u00fcr Jahrm\u00e4rkte, Zirkusse und unter anderem auch V\u00f6lkerschauen. Die \u201eHagenbeckschau\u201c war 1916 als Zirkus am Adolfsplatz in Bonn und gab dort Vorstellungen<a href=\"#_ftn2\">[2]<\/a>. Zur Familie Hagenbeck geh\u00f6rte Carl Gottfried Wilhelm Heinrich Hagenbeck (1844-1913), der als Pionier der V\u00f6lkerschauen in Deutschland und Europa gilt, und der vermutlich auch mit der \u201eHagenbeckschau\u201c gemeint ist<a href=\"#_ftn3\">[3]<\/a>. Die V\u00f6lkerschauen waren sehr beliebt und wurden als Massenph\u00e4nomen konsumiert und dauerten fast so lange wie die Kolonialzeit. Die Darsteller*innen der V\u00f6lkerschauen mussten die \u201eWilden\u201c spielen, da dies die Erwartung der europ\u00e4ischen und nordamerikanischen Konsument*innen war<a href=\"#_ftn4\">[4]<\/a>. Sie begannen 1870 kurz nach den ersten kolonialen Eroberungen durch die europ\u00e4ischen imperialistischen M\u00e4chte und endeten gegen 1942 mitten im Zweiten Weltkrieg.<\/p>\n\n\n\n<hr class=\"wp-block-separator\"\/ data-block-type=\"core\">\n\n\n\n<p data-block-type=\"core\"><a href=\"#_ftnref1\">[1]<\/a> Stra\u00dfenauskunft Bonn<\/p>\n\n\n\n<p data-block-type=\"core\"><a href=\"#_ftnref2\">[2]<\/a> Bonner Zeitung\/GeneralAnzeiger, 21. April 1916, Rubrik \u201eAus den St\u00e4dtischen Nachrichten\u201c<\/p>\n\n\n\n<p data-block-type=\"core\"><a href=\"#_ftnref3\">[3]<\/a> Radauer, Clemens 2011. Diplomarbeit. \u201eHagenbeck\u2019s anthropologisch-zoologische Kalm\u00fccken-Ausstellung\u201c \u2013Analyse einer V\u00f6lkerschau. Universit\u00e4t Wien. S. 33<\/p>\n\n\n\n<p data-block-type=\"core\"><a href=\"#_ftnref4\">[4]<\/a> \u201eBesser, Sie gehen zur\u00fcck nach Afrika\u201c. DW Deutsch. Gespr\u00e4ch mit Theodor Wonja Michael, online unter: https:\/\/www.youtube.com\/watch?v=LA8Y0vribvA.<\/p>\n\n\n\n<p class=\"has-text-align-left zurueck-zu-den-stationen\" data-block-type=\"core\"><a href=\"http:\/\/decolonize-bonn.de\/stadtrundgang\/\">zur\u00fcck zu allen Stationen<\/a><\/p>\n<\/div>\n<\/div>\n","protected":false},"excerpt":{"rendered":"<p>Als gegen 1860 der transatlantische Sklavenhandel langsam zu Ende ging, haben die ehemaligen Sklavenh\u00e4ndler, die sich zum gr\u00f6\u00dften Teil durch die Zuckerindustrie ein Verm\u00f6gen aufgebaut haben, neue Wege gesucht um die Unterdr\u00fcckung fortzusetzen, damit sie noch weiter profitieren k\u00f6nnen. Ein neues System soll die Versklavung ersetzen: der Kolonialismus. Der Imperialismus, der zum Kolonialismus gef\u00fchrt hatte, [&hellip;]<\/p>\n","protected":false},"author":2,"featured_media":0,"parent":40,"menu_order":0,"comment_status":"closed","ping_status":"closed","template":"","meta":{"_editorskit_title_hidden":false,"_editorskit_reading_time":1,"_editorskit_is_block_options_detached":false,"_editorskit_block_options_position":"{}","_uag_custom_page_level_css":"","ocean_post_layout":"","ocean_both_sidebars_style":"","ocean_both_sidebars_content_width":0,"ocean_both_sidebars_sidebars_width":0,"ocean_sidebar":"0","ocean_second_sidebar":"0","ocean_disable_margins":"enable","ocean_add_body_class":"","ocean_shortcode_before_top_bar":"","ocean_shortcode_after_top_bar":"","ocean_shortcode_before_header":"","ocean_shortcode_after_header":"","ocean_has_shortcode":"","ocean_shortcode_after_title":"","ocean_shortcode_before_footer_widgets":"","ocean_shortcode_after_footer_widgets":"","ocean_shortcode_before_footer_bottom":"","ocean_shortcode_after_footer_bottom":"","ocean_display_top_bar":"default","ocean_display_header":"default","ocean_header_style":"","ocean_center_header_left_menu":"0","ocean_custom_header_template":"0","ocean_custom_logo":0,"ocean_custom_retina_logo":0,"ocean_custom_logo_max_width":0,"ocean_custom_logo_tablet_max_width":0,"ocean_custom_logo_mobile_max_width":0,"ocean_custom_logo_max_height":0,"ocean_custom_logo_tablet_max_height":0,"ocean_custom_logo_mobile_max_height":0,"ocean_header_custom_menu":"0","ocean_menu_typo_font_family":"0","ocean_menu_typo_font_subset":"","ocean_menu_typo_font_size":0,"ocean_menu_typo_font_size_tablet":0,"ocean_menu_typo_font_size_mobile":0,"ocean_menu_typo_font_size_unit":"px","ocean_menu_typo_font_weight":"","ocean_menu_typo_font_weight_tablet":"","ocean_menu_typo_font_weight_mobile":"","ocean_menu_typo_transform":"","ocean_menu_typo_transform_tablet":"","ocean_menu_typo_transform_mobile":"","ocean_menu_typo_line_height":0,"ocean_menu_typo_line_height_tablet":0,"ocean_menu_typo_line_height_mobile":0,"ocean_menu_typo_line_height_unit":"","ocean_menu_typo_spacing":0,"ocean_menu_typo_spacing_tablet":0,"ocean_menu_typo_spacing_mobile":0,"ocean_menu_typo_spacing_unit":"","ocean_menu_link_color":"","ocean_menu_link_color_hover":"","ocean_menu_link_color_active":"","ocean_menu_link_background":"","ocean_menu_link_hover_background":"","ocean_menu_link_active_background":"","ocean_menu_social_links_bg":"","ocean_menu_social_hover_links_bg":"","ocean_menu_social_links_color":"","ocean_menu_social_hover_links_color":"","ocean_disable_title":"default","ocean_disable_heading":"default","ocean_post_title":"","ocean_post_subheading":"","ocean_post_title_style":"","ocean_post_title_background_color":"","ocean_post_title_background":0,"ocean_post_title_bg_image_position":"","ocean_post_title_bg_image_attachment":"","ocean_post_title_bg_image_repeat":"","ocean_post_title_bg_image_size":"","ocean_post_title_height":0,"ocean_post_title_bg_overlay":0.5,"ocean_post_title_bg_overlay_color":"","ocean_disable_breadcrumbs":"default","ocean_breadcrumbs_color":"","ocean_breadcrumbs_separator_color":"","ocean_breadcrumbs_links_color":"","ocean_breadcrumbs_links_hover_color":"","ocean_display_footer_widgets":"default","ocean_display_footer_bottom":"default","ocean_custom_footer_template":"0","footnotes":""},"class_list":["post-268","page","type-page","status-publish","hentry","entry"],"translation":{"provider":"WPGlobus","version":"3.0.2","language":"en","enabled_languages":["de","en"],"languages":{"de":{"title":true,"content":true,"excerpt":false},"en":{"title":false,"content":false,"excerpt":false}}},"featured_image_urls_v2":{"full":"","thumbnail":"","medium":"","medium_large":"","large":"","1536x1536":"","2048x2048":"","ocean-thumb-m":"","ocean-thumb-ml":"","ocean-thumb-l":""},"post_excerpt_stackable_v2":"<p>Als gegen 1860 der transatlantische Sklavenhandel langsam zu Ende ging, haben die ehemaligen Sklavenh\u00e4ndler, die sich zum gr\u00f6\u00dften Teil durch die Zuckerindustrie ein Verm\u00f6gen aufgebaut haben, neue Wege gesucht um die Unterdr\u00fcckung fortzusetzen, damit sie noch weiter profitieren k\u00f6nnen. Ein neues System soll die Versklavung ersetzen: der Kolonialismus. Der Imperialismus, der zum Kolonialismus gef\u00fchrt hatte, funktionierte haupts\u00e4chlich durch die Legitimierung der Bev\u00f6lkerungen der sogenannten Imperialistischen Gro\u00dfm\u00e4chte. Um den gewaltt\u00e4tigen Kolonialismus zu legitimieren, mussten die imperialistischen M\u00e4chte bewusst f\u00e4lschlich behaupten, dass die ehemaligen versklavten Menschen keine ebenb\u00fcrtigen Menschen waren. Diese galt es zu zivilisieren und zu evangelisieren. Es waren also die&hellip;<\/p>\n","category_list_v2":"","author_info_v2":{"name":"bonnpostkolonial","url":"https:\/\/decolonize-bonn.de\/en\/author\/bonnpostkolonial\/"},"comments_num_v2":"0 comments","yoast_head":"\n<title>V\u00f6lkerschauen - Bonn Postkolonial<\/title>\n<meta name=\"robots\" content=\"index, follow, max-snippet:-1, max-image-preview:large, max-video-preview:-1\" \/>\n<link rel=\"canonical\" href=\"https:\/\/decolonize-bonn.de\/stadtrundgang\/voelkerschauen\/\" \/>\n<meta property=\"og:locale\" content=\"en_US\" \/>\n<meta property=\"og:type\" content=\"article\" \/>\n<meta property=\"og:title\" content=\"V\u00f6lkerschauen - Bonn Postkolonial\" \/>\n<meta property=\"og:url\" content=\"https:\/\/decolonize-bonn.de\/stadtrundgang\/voelkerschauen\/\" \/>\n<meta property=\"og:site_name\" content=\"Bonn Postkolonial\" \/>\n<meta property=\"article:publisher\" content=\"https:\/\/de-de.facebook.com\/BonnPostkolonial\/\" \/>\n<meta property=\"article:modified_time\" content=\"2021-10-24T16:58:22+00:00\" \/>\n<meta property=\"og:image\" content=\"http:\/\/decolonize-bonn.de\/wp-content\/uploads\/2019\/06\/frankenbad.png\" \/>\n<meta name=\"twitter:card\" content=\"summary_large_image\" \/>\n<meta name=\"twitter:label1\" content=\"Est. reading time\" \/>\n\t<meta name=\"twitter:data1\" content=\"2 minutes\" \/>\n<script type=\"application\/ld+json\" class=\"yoast-schema-graph\">{\"@context\":\"https:\/\/schema.org\",\"@graph\":[{\"@type\":\"WebPage\",\"@id\":\"https:\/\/decolonize-bonn.de\/stadtrundgang\/voelkerschauen\/\",\"url\":\"https:\/\/decolonize-bonn.de\/stadtrundgang\/voelkerschauen\/\",\"name\":\"V\u00f6lkerschauen - Bonn Postkolonial\",\"isPartOf\":{\"@id\":\"https:\/\/decolonize-bonn.de\/#website\"},\"primaryImageOfPage\":{\"@id\":\"https:\/\/decolonize-bonn.de\/stadtrundgang\/voelkerschauen\/#primaryimage\"},\"image\":{\"@id\":\"https:\/\/decolonize-bonn.de\/stadtrundgang\/voelkerschauen\/#primaryimage\"},\"thumbnailUrl\":\"http:\/\/decolonize-bonn.de\/wp-content\/uploads\/2019\/06\/frankenbad.png\",\"datePublished\":\"2019-11-29T11:00:40+00:00\",\"dateModified\":\"2021-10-24T16:58:22+00:00\",\"breadcrumb\":{\"@id\":\"https:\/\/decolonize-bonn.de\/stadtrundgang\/voelkerschauen\/#breadcrumb\"},\"inLanguage\":\"en-US\",\"potentialAction\":[{\"@type\":\"ReadAction\",\"target\":[\"https:\/\/decolonize-bonn.de\/stadtrundgang\/voelkerschauen\/\"]}]},{\"@type\":\"ImageObject\",\"inLanguage\":\"en-US\",\"@id\":\"https:\/\/decolonize-bonn.de\/stadtrundgang\/voelkerschauen\/#primaryimage\",\"url\":\"http:\/\/decolonize-bonn.de\/wp-content\/uploads\/2019\/06\/frankenbad.png\",\"contentUrl\":\"http:\/\/decolonize-bonn.de\/wp-content\/uploads\/2019\/06\/frankenbad.png\"},{\"@type\":\"BreadcrumbList\",\"@id\":\"https:\/\/decolonize-bonn.de\/stadtrundgang\/voelkerschauen\/#breadcrumb\",\"itemListElement\":[{\"@type\":\"ListItem\",\"position\":1,\"name\":\"Startseite\",\"item\":\"https:\/\/decolonize-bonn.de\/\"},{\"@type\":\"ListItem\",\"position\":2,\"name\":\"Stadtrundgang\",\"item\":\"https:\/\/decolonize-bonn.de\/stadtrundgang\/\"},{\"@type\":\"ListItem\",\"position\":3,\"name\":\"V\u00f6lkerschauen\"}]},{\"@type\":\"WebSite\",\"@id\":\"https:\/\/decolonize-bonn.de\/#website\",\"url\":\"https:\/\/decolonize-bonn.de\/\",\"name\":\"Bonn Postkolonial\",\"description\":\"Dealing with Bonn&#039;s colonial past\",\"potentialAction\":[{\"@type\":\"SearchAction\",\"target\":{\"@type\":\"EntryPoint\",\"urlTemplate\":\"https:\/\/decolonize-bonn.de\/?s={search_term_string}\"},\"query-input\":{\"@type\":\"PropertyValueSpecification\",\"valueRequired\":true,\"valueName\":\"search_term_string\"}}],\"inLanguage\":\"en-US\"}]}<\/script>\n","yoast_head_json":{"title":"V\u00f6lkerschauen - Bonn Postkolonial","robots":{"index":"index","follow":"follow","max-snippet":"max-snippet:-1","max-image-preview":"max-image-preview:large","max-video-preview":"max-video-preview:-1"},"canonical":"https:\/\/decolonize-bonn.de\/stadtrundgang\/voelkerschauen\/","og_locale":"en_US","og_type":"article","og_title":"V\u00f6lkerschauen - Bonn Postkolonial","og_url":"https:\/\/decolonize-bonn.de\/stadtrundgang\/voelkerschauen\/","og_site_name":"Bonn Postkolonial","article_publisher":"https:\/\/de-de.facebook.com\/BonnPostkolonial\/","article_modified_time":"2021-10-24T16:58:22+00:00","og_image":[{"url":"http:\/\/decolonize-bonn.de\/wp-content\/uploads\/2019\/06\/frankenbad.png","type":"","width":"","height":""}],"twitter_card":"summary_large_image","twitter_misc":{"Est. reading time":"2 minutes"},"schema":{"@context":"https:\/\/schema.org","@graph":[{"@type":"WebPage","@id":"https:\/\/decolonize-bonn.de\/stadtrundgang\/voelkerschauen\/","url":"https:\/\/decolonize-bonn.de\/stadtrundgang\/voelkerschauen\/","name":"V\u00f6lkerschauen - Bonn Postkolonial","isPartOf":{"@id":"https:\/\/decolonize-bonn.de\/#website"},"primaryImageOfPage":{"@id":"https:\/\/decolonize-bonn.de\/stadtrundgang\/voelkerschauen\/#primaryimage"},"image":{"@id":"https:\/\/decolonize-bonn.de\/stadtrundgang\/voelkerschauen\/#primaryimage"},"thumbnailUrl":"http:\/\/decolonize-bonn.de\/wp-content\/uploads\/2019\/06\/frankenbad.png","datePublished":"2019-11-29T11:00:40+00:00","dateModified":"2021-10-24T16:58:22+00:00","breadcrumb":{"@id":"https:\/\/decolonize-bonn.de\/stadtrundgang\/voelkerschauen\/#breadcrumb"},"inLanguage":"en-US","potentialAction":[{"@type":"ReadAction","target":["https:\/\/decolonize-bonn.de\/stadtrundgang\/voelkerschauen\/"]}]},{"@type":"ImageObject","inLanguage":"en-US","@id":"https:\/\/decolonize-bonn.de\/stadtrundgang\/voelkerschauen\/#primaryimage","url":"http:\/\/decolonize-bonn.de\/wp-content\/uploads\/2019\/06\/frankenbad.png","contentUrl":"http:\/\/decolonize-bonn.de\/wp-content\/uploads\/2019\/06\/frankenbad.png"},{"@type":"BreadcrumbList","@id":"https:\/\/decolonize-bonn.de\/stadtrundgang\/voelkerschauen\/#breadcrumb","itemListElement":[{"@type":"ListItem","position":1,"name":"Startseite","item":"https:\/\/decolonize-bonn.de\/"},{"@type":"ListItem","position":2,"name":"Stadtrundgang","item":"https:\/\/decolonize-bonn.de\/stadtrundgang\/"},{"@type":"ListItem","position":3,"name":"V\u00f6lkerschauen"}]},{"@type":"WebSite","@id":"https:\/\/decolonize-bonn.de\/#website","url":"https:\/\/decolonize-bonn.de\/","name":"Bonn Postkolonial","description":"Dealing with Bonn&#039;s colonial past","potentialAction":[{"@type":"SearchAction","target":{"@type":"EntryPoint","urlTemplate":"https:\/\/decolonize-bonn.de\/?s={search_term_string}"},"query-input":{"@type":"PropertyValueSpecification","valueRequired":true,"valueName":"search_term_string"}}],"inLanguage":"en-US"}]}},"uagb_featured_image_src":{"full":false,"thumbnail":false,"medium":false,"medium_large":false,"large":false,"1536x1536":false,"2048x2048":false,"ocean-thumb-m":false,"ocean-thumb-ml":false,"ocean-thumb-l":false},"uagb_author_info":{"display_name":"bonnpostkolonial","author_link":"https:\/\/decolonize-bonn.de\/en\/author\/bonnpostkolonial\/"},"uagb_comment_info":0,"uagb_excerpt":"Als gegen 1860 der transatlantische Sklavenhandel langsam zu Ende ging, haben die ehemaligen Sklavenh\u00e4ndler, die sich zum gr\u00f6\u00dften Teil durch die Zuckerindustrie ein Verm\u00f6gen aufgebaut haben, neue Wege gesucht um die Unterdr\u00fcckung fortzusetzen, damit sie noch weiter profitieren k\u00f6nnen. Ein neues System soll die Versklavung ersetzen: der Kolonialismus. Der Imperialismus, der zum Kolonialismus gef\u00fchrt hatte,&hellip;","_links":{"self":[{"href":"https:\/\/decolonize-bonn.de\/en\/wp-json\/wp\/v2\/pages\/268","targetHints":{"allow":["GET"]}}],"collection":[{"href":"https:\/\/decolonize-bonn.de\/en\/wp-json\/wp\/v2\/pages"}],"about":[{"href":"https:\/\/decolonize-bonn.de\/en\/wp-json\/wp\/v2\/types\/page"}],"author":[{"embeddable":true,"href":"https:\/\/decolonize-bonn.de\/en\/wp-json\/wp\/v2\/users\/2"}],"replies":[{"embeddable":true,"href":"https:\/\/decolonize-bonn.de\/en\/wp-json\/wp\/v2\/comments?post=268"}],"version-history":[{"count":1,"href":"https:\/\/decolonize-bonn.de\/en\/wp-json\/wp\/v2\/pages\/268\/revisions"}],"predecessor-version":[{"id":542,"href":"https:\/\/decolonize-bonn.de\/en\/wp-json\/wp\/v2\/pages\/268\/revisions\/542"}],"up":[{"embeddable":true,"href":"https:\/\/decolonize-bonn.de\/en\/wp-json\/wp\/v2\/pages\/40"}],"wp:attachment":[{"href":"https:\/\/decolonize-bonn.de\/en\/wp-json\/wp\/v2\/media?parent=268"}],"curies":[{"name":"wp","href":"https:\/\/api.w.org\/{rel}","templated":true}]}}