{"id":39,"date":"2019-06-18T10:36:40","date_gmt":"2019-06-18T08:36:40","guid":{"rendered":"http:\/\/decolonize-bonn.de\/?page_id=39"},"modified":"2024-05-03T11:22:04","modified_gmt":"2024-05-03T09:22:04","slug":"ueber-uns","status":"publish","type":"page","link":"https:\/\/decolonize-bonn.de\/en\/ueber-uns\/","title":{"rendered":"\u00dcber Uns"},"content":{"rendered":"\n<section class=\"wp-block-uagb-columns uagb-columns__wrap uagb-columns__background-none uagb-columns__stack-mobile uagb-columns__valign- uagb-columns__gap-0 align uagb-block-67566b64 uagb-columns__columns-2 uagb-columns__max_width-theme\"><div class=\"uagb-columns__overlay\"><\/div><div class=\"uagb-columns__inner-wrap uagb-columns__columns-2\">\n<div class=\"wp-block-uagb-column uagb-column__wrap uagb-column__background-undefined uagb-block-07350b3a\"><div class=\"uagb-column__overlay\"><\/div>\n<figure class=\"wp-block-image size-medium is-resized\" data-block-type=\"core\"><img loading=\"lazy\" decoding=\"async\" width=\"281\" height=\"300\" src=\"http:\/\/decolonize-bonn.de\/wp-content\/uploads\/2019\/12\/gruppe-281x300.png\" alt=\"Bild der Gruppe bei einem Stadtrundgang\" class=\"wp-image-317\" style=\"width:297px;height:316px\" srcset=\"https:\/\/decolonize-bonn.de\/wp-content\/uploads\/2019\/12\/gruppe-281x300.png 281w, https:\/\/decolonize-bonn.de\/wp-content\/uploads\/2019\/12\/gruppe-768x821.png 768w, https:\/\/decolonize-bonn.de\/wp-content\/uploads\/2019\/12\/gruppe.png 935w\" sizes=\"auto, (max-width: 281px) 100vw, 281px\" \/><\/figure>\n<\/div>\n\n\n\n<div class=\"wp-block-uagb-column uagb-column__wrap uagb-column__background-undefined uagb-block-33e73eb9\"><div class=\"uagb-column__overlay\"><\/div>\n<h2 class=\"wp-block-heading ueber-uns-h2\" data-block-type=\"core\">Wer ist Bonn Postkolonial?<\/h2>\n\n\n\n<p data-block-type=\"core\">Wir sind eine Gruppe von Menschen, mal mehr, mal weniger, die sowohl Bildungsarbeit als auch Aktivismus macht. Was unsere Anspr\u00fcche und Ziele sind und was wir konkret tun, dazu lest ihr unten mehr. Hier kurz zu uns:<\/p>\n\n\n\n<p data-block-type=\"core\">Der Fokus auf Postkolonialismus und Antirassismus ist f\u00fcr alle Ausgangspunkt des Engagements.<\/p>\n\n\n\n<p data-block-type=\"core\">Wir haben unterschiedliches praktisches, akademisches und Erfahrungswissen, unterschiedliche Diskriminierungserfahrungen, und verschieden viel Erfahrung in (politischer) (Bildungs)Arbeit. Auseinandersetzungen und Diskussionen innerhalb der Gruppe, Kritik aneinander und an vergangenen Aktionen sind wichtig f\u00fcr uns. F\u00fcr uns ist klar: Es braucht unbedingt &#8220;R\u00e4ume&#8221; wie diese um sich auszutauschen, weiterzubilden und auch dar\u00fcber nachzudenken, wie wir den &#8220;Raum&#8221; miteinander gestalten wollen.<\/p>\n\n\n\n<p data-block-type=\"core\">Wir m\u00f6chten eine Balance finden zwischen expliziten R\u00e4umen f\u00fcr nicht-wei\u00dfe Perspektiven und auch der Ort sein, an dem trotz unterschiedlicher Diskriminierungserfahrungen gemeinsam an postkolonialen Strukturen gearbeitet wird.<\/p>\n\n\n\n<h2 class=\"wp-block-heading\" data-block-type=\"core\">Was wollen wir mit unserer Arbeit erreichen und welche Vision verfolgen wir?<\/h2>\n\n\n\n<p data-block-type=\"core\"><em>Wie machen wir unsere antirassistische Arbeit gleichzeitig zu einer antikapitalistischen und antipatriarchalen?<\/em><\/p>\n\n\n\n<p data-block-type=\"core\">Kolonialismus bzw. Rassismus stellen den Ausgangspunkt unserer Arbeit dar. Wenn wir \u00fcber Kolonialismus und Rassismus reden, m\u00fcssen wir gleichzeitig auch \u00fcber Patriarchat, Kapitalismus, Neoliberalismus (etc.) reden. Es geht also nie \u201enur\u201c um die Unterdr\u00fcckung durch die wei\u00dfe<sup><a href=\"#fn1\" class=\"ek-link\">1<\/a><\/sup><a href=\"#1\" class=\"ek-link\"> <\/a><sup><a href=\"#fn2\" class=\"ek-link\">2<\/a><\/sup><a href=\"#1\" class=\"ek-link\"> <\/a>Mehrheitsgesellschaft, sondern darum, globale Machtstrukturen als Ganzes zu entlarven, Zusammenh\u00e4nge sichtbar zu machen und diese zu bek\u00e4mpfen. Das sehen wir als unsere Aufgabe &#8211; und haben daher auch den Anspruch, diese Zusammenh\u00e4nge in und durch unsere Arbeit sichtbar zu machen.<\/p>\n\n\n\n<p data-block-type=\"core\"><em>Was hat der Streik rum\u00e4nischer Erntehelfer*innen in Bornheim<sup><a href=\"#fn3\" class=\"ek-link\">3<\/a> <a href=\"#fn4\" class=\"ek-link\">4<\/a><\/sup> mit uns zu tun?<\/em><\/p>\n\n\n\n<p data-block-type=\"core\">Um gesellschaftliche Ver\u00e4nderung zu bewirken, m\u00fcssen wir uns permanent mit verschiedenen Diskursen und K\u00e4mpfen auseinandersetzen. Wenn wir unseren Blick auf koloniale Denkmuster sch\u00e4rfen, wird klar, warum die rechten Morde in Hanau<sup><a href=\"#fn5\" class=\"ek-link\">5<\/a><\/sup> und Celle<sup><a href=\"#fn6\" class=\"ek-link\">6<\/a><\/sup> die Feminizide in Chile<sup><a href=\"#fn7\" class=\"ek-link\">7<\/a><\/sup> und der Streik der rum\u00e4nischen Erntehelfer*innen in Bornheim in direktem Zusammenhang mit unserer Arbeit stehen. Antikapitalistische Klimagerechtigkeitsbewegungen in Deutschland, die den Steinkohleabbau<sup><a href=\"#fn6\" class=\"ek-link\">8<\/a><\/sup> z.B. in Kolumbien nicht zum Thema machen, verfehlen ihr eigentliches Ziel \u2013 sich mit antikolonialen Widerst\u00e4nden zu solidarisieren.<\/p>\n\n\n\n<p data-block-type=\"core\"><em>Warum ist der Kampf gegen Feminizide in Chile antikolonial?<\/em><\/p>\n\n\n\n<p data-block-type=\"core\">Unser Anspruch ist es, im Denken und Handeln radikal zu sein und die Diskriminierungsformen an der Wurzel zu packen, Ursachen und Zusammenh\u00e4nge zu benennen und keine Kompromisse bei der Arbeit zu machen.<\/p>\n\n\n\n<p data-block-type=\"core\"><em>Was hat die Kolonialzeit mit den rassistischen Morden in Hanau und Celle 2020 zu tun?<\/em><\/p>\n\n\n\n<p data-block-type=\"core\">Der Perspektivwechsel zwischen Unterdr\u00fccker*innen und Widerstandsk\u00e4mpfer*innen ist uns dabei sehr wichtig, denn ohne Widerstand gegen koloniale Unterdr\u00fcckung w\u00e4ren wir heute noch nicht im postkolonialen Zeitalter angekommen. Wir m\u00f6chten K\u00e4mpfe gegen hegemoniale Machtstrukturen in der Vergangenheit und Gegenwart miteinander verbinden.<\/p>\n\n\n\n<h2 class=\"wp-block-heading\" data-block-type=\"core\">So verbinden wir Theorie und Praxis!<\/h2>\n\n\n\n<p data-block-type=\"core\">Was uns ausmacht zeigt sich sowohl darin, wie wir intern miteinander umgehen und uns organisieren, als auch, welche Aktionen und Veranstaltungen wir &#8220;nach au\u00dfen&#8221; durchf\u00fchren, dass wir sowohl politische Aktionen als auch Bildungsarbeit machen und mit wem wir hier kooperieren.<\/p>\n\n\n\n<p data-block-type=\"core\">Wir vernetzen uns mit anderen Gruppen, suchen B\u00fcndnispartner:innen. Auch hier gilt: verschiedene Perspektiven sind kein Hindernis, sondern sollen ausdiskutiert werden. Wir m\u00f6chten respektvoll aber konsequent unsere Position vertreten. Bei offensichtlicher Diskriminierung solidarisieren wir uns eindeutig mit den Betroffenen.<\/p>\n\n\n\n<p data-block-type=\"core\">Hier m\u00f6chten wir auch Bez\u00fcge zur aktuellen politischen und gesellschaftlichen Situation herstellen und Hanau, Celle, Waldkraiburg, Moria<sup><a href=\"#sdfootnote1sym\" class=\"ek-link\">9<\/a><a href=\"#sdfootnote1sym\" class=\"ek-link\"><\/a><\/sup> <sup><a href=\"#fn10\" class=\"ek-link\">10<\/a><\/sup> nicht unkommentiert lassen und auch auf andere Veranstaltungen, Demonstrationen etc. von B\u00fcndnispartner:innen verweisen.<\/p>\n\n\n\n<p data-block-type=\"core\">Haupts\u00e4chlich passiert dies Online &#8211; sowohl auf Social Media, als auch auf unserer Homepage. Wir m\u00f6chten mehr auch eigene Stellungsnahmen verfassen, statt nur Aufrufe und Artikel zu teilenund dies auch mehrsprachig tun!<\/p>\n\n\n\n<p data-block-type=\"core\">In Bonn f\u00fchren wir zum Einen postkoloniale Stadtrundg\u00e4nge durch. Hier wollen wir nat\u00fcrlich nicht nur Informieren, sondern auch Handlungsoptionen anbieten. Die Erarbeitung neuer Stationen, ein st\u00e4rkerer Fokus auf anti-kolonialen Widerstand und das konkrete Stellen politischer Forderungen an den Stadtrat sind aktuelle Themen.<\/p>\n\n\n\n<p data-block-type=\"core\">Um unsere Arbeit ganzheitlich zu gestalten, braucht es also eine Kombination aus vielem: politische Performance, Artivismus (Kunst und Aktivismus), Sprechbeitr\u00e4ge. selbst gedrehte oder geschnittene Videos, Podcasts, durchgef\u00fchrte Interviews &#8230; Wir sind also l\u00e4ngst nicht am Ziel und versuchen, unsere Arbeit weiter zu &#8220;verbessern&#8221;, mehr Perspektiven einzubinden und anzusprechen und auch intern unseren Anspr\u00fcchen gerecht zu werden.<\/p>\n\n\n\n<h2 class=\"wp-block-heading\" data-block-type=\"core\">Der Stadtrundgang!<\/h2>\n\n\n\n<p data-block-type=\"core\">Welche Stationen Teil des Rundgangs sind, stellen wir auf der Seite <a href=\"http:\/\/decolonize-bonn.de\/stadtrundgang\/\">Stadtrundgang<\/a> vor. Wir freuen uns auch \u00fcber Feedback zu den Stadtrundg\u00e4ngen! Was in den kommenden Wochen ansteht, erfahrt Ihr unter <a href=\"http:\/\/decolonize-bonn.de\/termine\/\">Termine<\/a>. <\/p>\n\n\n\n<p data-block-type=\"core\"><\/p>\n\n\n\n<p data-block-type=\"core\">Du willst uns kennenlernen und auch bei Bonn Postkolonial mitmachen, dann schreibe uns einfach eine <a href=\"http:\/\/decolonize-bonn.de\/kontakt\/\">Nachricht<\/a> und komm zu unserem n\u00e4chsten Plenum vorbei. <\/p>\n\n\n\n<h2 class=\"wp-block-heading\" data-block-type=\"core\">Wie ist die Gruppe organisiert ?<\/h2>\n\n\n\n<p data-block-type=\"core\">Wir haben uns 2017 parallel zu einem Lehrauftrag an der Universit\u00e4t Bonn gegr\u00fcndet. Seitdem arbeiten wir mit den Ergebnissen des Seminars, bilden uns als Gruppe gemeinsam weiter und bieten regem\u00e4\u00dfig Stadtrundg\u00e4nge und andere Veranstaltungen an. Dabei ist es unser Ziel, auch \u00fcber den Stadtrundgang hinaus ein Bewusstsein f\u00fcr die kolonialen Spuren in der Stadt Bonn zu schaffen. Somit soll nachhaltig auf die gesellschaftliche und institutionelle Erinnerungspolitik eingewirkt werden.<\/p>\n\n\n\n<p data-block-type=\"core\">Bonn Postkolonial verstehen wir als gemeinschaftliches Projekt. Das hei\u00dft, wir wollen als Gruppe Entscheidungen treffen und gemeinsam Inhalte erarbeiten. Dabei nutzen wir es aus, dass einige von uns in der politischen Bildung und andere an der Universit\u00e4t arbeiten.<\/p>\n\n\n\n<p data-block-type=\"core\"><\/p>\n\n\n\n<p id=\"fn1\" style=\"font-size:11px\" data-block-type=\"core\">1) <a href=\"https:\/\/taz.de\/Antirassistische-Sprache\/!5702930\/\" class=\"ek-link\">https:\/\/taz.de\/Antirassistische-Sprache\/!5702930\/<\/a><\/p>\n\n\n\n<p id=\"fn2\" style=\"font-size:11px\" data-block-type=\"core\">2) <a href=\"https:\/\/www.idaev.de\/recherchetools\/glossar?tx_dpnglossary_glossary%5B%40widget_0%5D%5Bcharacter%5D=W&amp;cHash=42c48b67c604b79bdb07e081a1b32900\" class=\"ek-link\">https:\/\/www.idaev.de\/recherchetools\/glossar?tx_dpnglossary_glossary%5B%40widget_0%5D%5Bcharacter%5D=W&amp;cHash=42c48b67c604b79bdb07e081a1b32900<\/a><\/p>\n\n\n\n<p id=\"fn3\" style=\"font-size:11px\" data-block-type=\"core\">3) <a href=\"https:\/\/bonn.fau.org\/arbeitskampf-bei-spargel-ritter\/pressespiegel\/\" class=\"ek-link\">https:\/\/bonn.fau.org\/arbeitskampf-bei-spargel-ritter\/pressespiegel\/&nbsp;<\/a><\/p>\n\n\n\n<p id=\"fn4\" style=\"font-size:11px\" data-block-type=\"core\">4) <a href=\"https:\/\/www.fau.org\/kaempfe-und-kampagnen\/spargel-ritter\" class=\"ek-link\">https:\/\/www.fau.org\/kaempfe-und-kampagnen\/spargel-ritter<\/a><\/p>\n\n\n\n<p id=\"fn5\" style=\"font-size:11px\" data-block-type=\"core\">5) <a href=\"https:\/\/19feb-hanau.org\/\" class=\"ek-link\">https:\/\/19feb-hanau.org\/<\/a><\/p>\n\n\n\n<p id=\"fn6\" style=\"font-size:11px\" data-block-type=\"core\">6) <a href=\"https:\/\/www.akweb.de\/bewegung\/lueckenlos-aufklaeren-muessen-wir-selbst\/\" class=\"ek-link\">https:\/\/www.akweb.de\/bewegung\/lueckenlos-aufklaeren-muessen-wir-selbst\/<\/a><\/p>\n\n\n\n<p id=\"fn7\" style=\"font-size:11px\" data-block-type=\"core\">7) <a href=\"https:\/\/amerika21.de\/2020\/03\/238047\/lateinamerika-frauentag-morde-rechte\" class=\"ek-link\">https:\/\/amerika21.de\/2020\/03\/238047\/lateinamerika-frauentag-morde-rechte<\/a><\/p>\n\n\n\n<p id=\"fn8\" style=\"font-size:11px\" data-block-type=\"core\">8) <a href=\"https:\/\/www.zeit.de\/wirtschaft\/2012-09\/kolumbien-steinkohle-el-cerrejon\" class=\"ek-link\">https:\/\/www.zeit.de\/wirtschaft\/2012-09\/kolumbien-steinkohle-el-cerrejon2F<\/a><\/p>\n\n\n\n<p class=\"has-black-color has-text-color\" id=\"fn9\" style=\"font-size:11px\" data-block-type=\"core\"><a href=\"https:\/\/noborderkitchenlesvos.noblogs.org\/\" class=\"ek-link\">9) https:\/\/noborderkitchenlesvos.noblogs.org\/<\/a><\/p>\n\n\n\n<p class=\"has-black-color has-text-color\" id=\"fn10\" style=\"font-size:11px\" data-block-type=\"core\"><a href=\"https:\/\/leavenoonebehind2020.org\/\" class=\"ek-link\">10) https:\/\/leavenoonebehind2020.org\/<\/a><\/p>\n<\/div>\n<\/div><\/section>\n","protected":false},"excerpt":{"rendered":"<p>Wer ist Bonn Postkolonial? Wir sind eine Gruppe von Menschen, mal mehr, mal weniger, die sowohl Bildungsarbeit als auch Aktivismus macht. Was unsere Anspr\u00fcche und Ziele sind und was wir konkret tun, dazu lest ihr unten mehr. Hier kurz zu uns: Der Fokus auf Postkolonialismus und Antirassismus ist f\u00fcr alle Ausgangspunkt des Engagements. Wir haben [&hellip;]<\/p>\n","protected":false},"author":2,"featured_media":0,"parent":0,"menu_order":2,"comment_status":"closed","ping_status":"closed","template":"","meta":{"_editorskit_title_hidden":false,"_editorskit_reading_time":3,"_editorskit_is_block_options_detached":false,"_editorskit_block_options_position":"{}","_uag_custom_page_level_css":"","ocean_post_layout":"","ocean_both_sidebars_style":"","ocean_both_sidebars_content_width":0,"ocean_both_sidebars_sidebars_width":0,"ocean_sidebar":"0","ocean_second_sidebar":"0","ocean_disable_margins":"enable","ocean_add_body_class":"","ocean_shortcode_before_top_bar":"","ocean_shortcode_after_top_bar":"","ocean_shortcode_before_header":"","ocean_shortcode_after_header":"","ocean_has_shortcode":"","ocean_shortcode_after_title":"","ocean_shortcode_before_footer_widgets":"","ocean_shortcode_after_footer_widgets":"","ocean_shortcode_before_footer_bottom":"","ocean_shortcode_after_footer_bottom":"","ocean_display_top_bar":"off","ocean_display_header":"default","ocean_header_style":"","ocean_center_header_left_menu":"0","ocean_custom_header_template":"0","ocean_custom_logo":0,"ocean_custom_retina_logo":0,"ocean_custom_logo_max_width":0,"ocean_custom_logo_tablet_max_width":0,"ocean_custom_logo_mobile_max_width":0,"ocean_custom_logo_max_height":0,"ocean_custom_logo_tablet_max_height":0,"ocean_custom_logo_mobile_max_height":0,"ocean_header_custom_menu":"0","ocean_menu_typo_font_family":"0","ocean_menu_typo_font_subset":"","ocean_menu_typo_font_size":0,"ocean_menu_typo_font_size_tablet":0,"ocean_menu_typo_font_size_mobile":0,"ocean_menu_typo_font_size_unit":"px","ocean_menu_typo_font_weight":"","ocean_menu_typo_font_weight_tablet":"","ocean_menu_typo_font_weight_mobile":"","ocean_menu_typo_transform":"","ocean_menu_typo_transform_tablet":"","ocean_menu_typo_transform_mobile":"","ocean_menu_typo_line_height":0,"ocean_menu_typo_line_height_tablet":0,"ocean_menu_typo_line_height_mobile":0,"ocean_menu_typo_line_height_unit":"","ocean_menu_typo_spacing":0,"ocean_menu_typo_spacing_tablet":0,"ocean_menu_typo_spacing_mobile":0,"ocean_menu_typo_spacing_unit":"","ocean_menu_link_color":"","ocean_menu_link_color_hover":"","ocean_menu_link_color_active":"","ocean_menu_link_background":"","ocean_menu_link_hover_background":"","ocean_menu_link_active_background":"","ocean_menu_social_links_bg":"","ocean_menu_social_hover_links_bg":"","ocean_menu_social_links_color":"","ocean_menu_social_hover_links_color":"","ocean_disable_title":"default","ocean_disable_heading":"default","ocean_post_title":"","ocean_post_subheading":"","ocean_post_title_style":"centered","ocean_post_title_background_color":"","ocean_post_title_background":0,"ocean_post_title_bg_image_position":"","ocean_post_title_bg_image_attachment":"","ocean_post_title_bg_image_repeat":"","ocean_post_title_bg_image_size":"","ocean_post_title_height":0,"ocean_post_title_bg_overlay":0.5,"ocean_post_title_bg_overlay_color":"","ocean_disable_breadcrumbs":"off","ocean_breadcrumbs_color":"","ocean_breadcrumbs_separator_color":"","ocean_breadcrumbs_links_color":"","ocean_breadcrumbs_links_hover_color":"","ocean_display_footer_widgets":"off","ocean_display_footer_bottom":"off","ocean_custom_footer_template":"0","footnotes":""},"class_list":["post-39","page","type-page","status-publish","hentry","entry"],"translation":{"provider":"WPGlobus","version":"3.0.2","language":"en","enabled_languages":["de","en"],"languages":{"de":{"title":true,"content":true,"excerpt":false},"en":{"title":false,"content":false,"excerpt":false}}},"featured_image_urls_v2":{"full":"","thumbnail":"","medium":"","medium_large":"","large":"","1536x1536":"","2048x2048":"","ocean-thumb-m":"","ocean-thumb-ml":"","ocean-thumb-l":""},"post_excerpt_stackable_v2":"<p>Wer ist Bonn Postkolonial? Wir sind eine Gruppe von Menschen, mal mehr, mal weniger, die sowohl Bildungsarbeit als auch Aktivismus macht. Was unsere Anspr\u00fcche und Ziele sind und was wir konkret tun, dazu lest ihr unten mehr. Hier kurz zu uns: Der Fokus auf Postkolonialismus und Antirassismus ist f\u00fcr alle Ausgangspunkt des Engagements. Wir haben unterschiedliches praktisches, akademisches und Erfahrungswissen, unterschiedliche Diskriminierungserfahrungen, und verschieden viel Erfahrung in (politischer) (Bildungs)Arbeit. Auseinandersetzungen und Diskussionen innerhalb der Gruppe, Kritik aneinander und an vergangenen Aktionen sind wichtig f\u00fcr uns. F\u00fcr uns ist klar: Es braucht unbedingt &#8220;R\u00e4ume&#8221; wie diese um sich auszutauschen, weiterzubilden und&hellip;<\/p>\n","category_list_v2":"","author_info_v2":{"name":"bonnpostkolonial","url":"https:\/\/decolonize-bonn.de\/en\/author\/bonnpostkolonial\/"},"comments_num_v2":"0 comments","yoast_head":"\n<title>\u00dcber Uns - Bonn Postkolonial | Koloniale Aufarbeitung in Bonn<\/title>\n<meta name=\"robots\" content=\"index, follow, max-snippet:-1, max-image-preview:large, max-video-preview:-1\" \/>\n<link rel=\"canonical\" href=\"https:\/\/decolonize-bonn.de\/ueber-uns\/\" \/>\n<meta property=\"og:locale\" content=\"en_US\" \/>\n<meta property=\"og:type\" content=\"article\" \/>\n<meta property=\"og:title\" content=\"\u00dcber Uns - Bonn Postkolonial\" \/>\n<meta property=\"og:url\" content=\"https:\/\/decolonize-bonn.de\/ueber-uns\/\" \/>\n<meta property=\"og:site_name\" content=\"Bonn Postkolonial\" \/>\n<meta property=\"article:publisher\" content=\"https:\/\/de-de.facebook.com\/BonnPostkolonial\/\" \/>\n<meta property=\"article:modified_time\" content=\"2024-05-03T09:22:04+00:00\" \/>\n<meta property=\"og:image\" content=\"http:\/\/decolonize-bonn.de\/wp-content\/uploads\/2019\/12\/gruppe-281x300.png\" \/>\n<meta name=\"twitter:card\" content=\"summary_large_image\" \/>\n<meta name=\"twitter:label1\" content=\"Est. reading time\" \/>\n\t<meta name=\"twitter:data1\" content=\"6 minutes\" \/>\n<script type=\"application\/ld+json\" class=\"yoast-schema-graph\">{\"@context\":\"https:\/\/schema.org\",\"@graph\":[{\"@type\":\"WebPage\",\"@id\":\"https:\/\/decolonize-bonn.de\/ueber-uns\/\",\"url\":\"https:\/\/decolonize-bonn.de\/ueber-uns\/\",\"name\":\"\u00dcber Uns - Bonn Postkolonial | Koloniale Aufarbeitung in Bonn\",\"isPartOf\":{\"@id\":\"https:\/\/decolonize-bonn.de\/#website\"},\"primaryImageOfPage\":{\"@id\":\"https:\/\/decolonize-bonn.de\/ueber-uns\/#primaryimage\"},\"image\":{\"@id\":\"https:\/\/decolonize-bonn.de\/ueber-uns\/#primaryimage\"},\"thumbnailUrl\":\"http:\/\/decolonize-bonn.de\/wp-content\/uploads\/2019\/12\/gruppe-281x300.png\",\"datePublished\":\"2019-06-18T08:36:40+00:00\",\"dateModified\":\"2024-05-03T09:22:04+00:00\",\"description\":\"Die Initiative \u201eBonn postkolonial\u201c hat es sich zur Aufgabe gemacht einen Stadtrundgang zu entwickeln, um koloniale Spuren in Bonn sichtbar zu machen.\",\"breadcrumb\":{\"@id\":\"https:\/\/decolonize-bonn.de\/ueber-uns\/#breadcrumb\"},\"inLanguage\":\"en-US\",\"potentialAction\":[{\"@type\":\"ReadAction\",\"target\":[\"https:\/\/decolonize-bonn.de\/ueber-uns\/\"]}]},{\"@type\":\"ImageObject\",\"inLanguage\":\"en-US\",\"@id\":\"https:\/\/decolonize-bonn.de\/ueber-uns\/#primaryimage\",\"url\":\"http:\/\/decolonize-bonn.de\/wp-content\/uploads\/2019\/12\/gruppe-281x300.png\",\"contentUrl\":\"http:\/\/decolonize-bonn.de\/wp-content\/uploads\/2019\/12\/gruppe-281x300.png\"},{\"@type\":\"BreadcrumbList\",\"@id\":\"https:\/\/decolonize-bonn.de\/ueber-uns\/#breadcrumb\",\"itemListElement\":[{\"@type\":\"ListItem\",\"position\":1,\"name\":\"Startseite\",\"item\":\"https:\/\/decolonize-bonn.de\/\"},{\"@type\":\"ListItem\",\"position\":2,\"name\":\"\u00dcber Uns\"}]},{\"@type\":\"WebSite\",\"@id\":\"https:\/\/decolonize-bonn.de\/#website\",\"url\":\"https:\/\/decolonize-bonn.de\/\",\"name\":\"Bonn Postkolonial\",\"description\":\"Dealing with Bonn&#039;s colonial past\",\"potentialAction\":[{\"@type\":\"SearchAction\",\"target\":{\"@type\":\"EntryPoint\",\"urlTemplate\":\"https:\/\/decolonize-bonn.de\/?s={search_term_string}\"},\"query-input\":{\"@type\":\"PropertyValueSpecification\",\"valueRequired\":true,\"valueName\":\"search_term_string\"}}],\"inLanguage\":\"en-US\"}]}<\/script>\n","yoast_head_json":{"title":"\u00dcber Uns - Bonn Postkolonial | Koloniale Aufarbeitung in Bonn","robots":{"index":"index","follow":"follow","max-snippet":"max-snippet:-1","max-image-preview":"max-image-preview:large","max-video-preview":"max-video-preview:-1"},"canonical":"https:\/\/decolonize-bonn.de\/ueber-uns\/","og_locale":"en_US","og_type":"article","og_title":"\u00dcber Uns - Bonn Postkolonial","og_url":"https:\/\/decolonize-bonn.de\/ueber-uns\/","og_site_name":"Bonn Postkolonial","article_publisher":"https:\/\/de-de.facebook.com\/BonnPostkolonial\/","article_modified_time":"2024-05-03T09:22:04+00:00","og_image":[{"url":"http:\/\/decolonize-bonn.de\/wp-content\/uploads\/2019\/12\/gruppe-281x300.png","type":"","width":"","height":""}],"twitter_card":"summary_large_image","twitter_misc":{"Est. reading time":"6 minutes"},"schema":{"@context":"https:\/\/schema.org","@graph":[{"@type":"WebPage","@id":"https:\/\/decolonize-bonn.de\/ueber-uns\/","url":"https:\/\/decolonize-bonn.de\/ueber-uns\/","name":"\u00dcber Uns - Bonn Postkolonial | Koloniale Aufarbeitung in Bonn","isPartOf":{"@id":"https:\/\/decolonize-bonn.de\/#website"},"primaryImageOfPage":{"@id":"https:\/\/decolonize-bonn.de\/ueber-uns\/#primaryimage"},"image":{"@id":"https:\/\/decolonize-bonn.de\/ueber-uns\/#primaryimage"},"thumbnailUrl":"http:\/\/decolonize-bonn.de\/wp-content\/uploads\/2019\/12\/gruppe-281x300.png","datePublished":"2019-06-18T08:36:40+00:00","dateModified":"2024-05-03T09:22:04+00:00","description":"Die Initiative \u201eBonn postkolonial\u201c hat es sich zur Aufgabe gemacht einen Stadtrundgang zu entwickeln, um koloniale Spuren in Bonn sichtbar zu machen.","breadcrumb":{"@id":"https:\/\/decolonize-bonn.de\/ueber-uns\/#breadcrumb"},"inLanguage":"en-US","potentialAction":[{"@type":"ReadAction","target":["https:\/\/decolonize-bonn.de\/ueber-uns\/"]}]},{"@type":"ImageObject","inLanguage":"en-US","@id":"https:\/\/decolonize-bonn.de\/ueber-uns\/#primaryimage","url":"http:\/\/decolonize-bonn.de\/wp-content\/uploads\/2019\/12\/gruppe-281x300.png","contentUrl":"http:\/\/decolonize-bonn.de\/wp-content\/uploads\/2019\/12\/gruppe-281x300.png"},{"@type":"BreadcrumbList","@id":"https:\/\/decolonize-bonn.de\/ueber-uns\/#breadcrumb","itemListElement":[{"@type":"ListItem","position":1,"name":"Startseite","item":"https:\/\/decolonize-bonn.de\/"},{"@type":"ListItem","position":2,"name":"\u00dcber Uns"}]},{"@type":"WebSite","@id":"https:\/\/decolonize-bonn.de\/#website","url":"https:\/\/decolonize-bonn.de\/","name":"Bonn Postkolonial","description":"Dealing with Bonn&#039;s colonial past","potentialAction":[{"@type":"SearchAction","target":{"@type":"EntryPoint","urlTemplate":"https:\/\/decolonize-bonn.de\/?s={search_term_string}"},"query-input":{"@type":"PropertyValueSpecification","valueRequired":true,"valueName":"search_term_string"}}],"inLanguage":"en-US"}]}},"uagb_featured_image_src":{"full":false,"thumbnail":false,"medium":false,"medium_large":false,"large":false,"1536x1536":false,"2048x2048":false,"ocean-thumb-m":false,"ocean-thumb-ml":false,"ocean-thumb-l":false},"uagb_author_info":{"display_name":"bonnpostkolonial","author_link":"https:\/\/decolonize-bonn.de\/en\/author\/bonnpostkolonial\/"},"uagb_comment_info":0,"uagb_excerpt":"Wer ist Bonn Postkolonial? Wir sind eine Gruppe von Menschen, mal mehr, mal weniger, die sowohl Bildungsarbeit als auch Aktivismus macht. Was unsere Anspr\u00fcche und Ziele sind und was wir konkret tun, dazu lest ihr unten mehr. Hier kurz zu uns: Der Fokus auf Postkolonialismus und Antirassismus ist f\u00fcr alle Ausgangspunkt des Engagements. Wir haben&hellip;","_links":{"self":[{"href":"https:\/\/decolonize-bonn.de\/en\/wp-json\/wp\/v2\/pages\/39","targetHints":{"allow":["GET"]}}],"collection":[{"href":"https:\/\/decolonize-bonn.de\/en\/wp-json\/wp\/v2\/pages"}],"about":[{"href":"https:\/\/decolonize-bonn.de\/en\/wp-json\/wp\/v2\/types\/page"}],"author":[{"embeddable":true,"href":"https:\/\/decolonize-bonn.de\/en\/wp-json\/wp\/v2\/users\/2"}],"replies":[{"embeddable":true,"href":"https:\/\/decolonize-bonn.de\/en\/wp-json\/wp\/v2\/comments?post=39"}],"version-history":[{"count":1,"href":"https:\/\/decolonize-bonn.de\/en\/wp-json\/wp\/v2\/pages\/39\/revisions"}],"predecessor-version":[{"id":598,"href":"https:\/\/decolonize-bonn.de\/en\/wp-json\/wp\/v2\/pages\/39\/revisions\/598"}],"wp:attachment":[{"href":"https:\/\/decolonize-bonn.de\/en\/wp-json\/wp\/v2\/media?parent=39"}],"curies":[{"name":"wp","href":"https:\/\/api.w.org\/{rel}","templated":true}]}}