{"id":40,"date":"2019-06-18T10:37:11","date_gmt":"2019-06-18T08:37:11","guid":{"rendered":"http:\/\/decolonize-bonn.de\/?page_id=40"},"modified":"2024-07-27T15:13:23","modified_gmt":"2024-07-27T13:13:23","slug":"stadtrundgang","status":"publish","type":"page","link":"https:\/\/decolonize-bonn.de\/en\/stadtrundgang\/","title":{"rendered":"Stadtrundgang"},"content":{"rendered":"\n<p data-block-type=\"core\">Seit 2018 f\u00fchren wir in Bonn unseren Stadtrundgang durch. Termine k\u00f6nnen auf unserer Seite unter <a aria-label=\"Termine (opens in a new tab)\" href=\"http:\/\/decolonize-bonn.de\/termine\/\" target=\"_blank\" rel=\"noreferrer noopener\">Termine<\/a> angefragt werden. Hier wollen wir aber einen Einblick in unsere Stationen geben.<\/p>\n\n\n\n<h3 class=\"wp-block-heading has-text-align-center stationen-stadtrundgang\" data-block-type=\"core\">Stationen des Stadtrundgangs:<\/h3>\n\n\n\n<div class=\"wp-block-columns stadtrundgang-spalten is-layout-flex wp-container-core-columns-is-layout-9d6595d7 wp-block-columns-is-layout-flex\" data-block-type=\"core\">\n<div class=\"wp-block-column is-vertically-aligned-bottom stadtrundgang-spalte-1 is-layout-flow wp-block-column-is-layout-flow\" data-block-type=\"core\"><div class=\"wp-block-image is-style-default\">\n<figure class=\"aligncenter size-large\" data-block-type=\"core\"><a href=\"https:\/\/decolonize-bonn.de\/stadtrundgang\/bonngasse-18\/\"><img loading=\"lazy\" decoding=\"async\" width=\"485\" height=\"1000\" src=\"http:\/\/decolonize-bonn.de\/wp-content\/uploads\/2019\/12\/beethovenhaus.png\" alt=\"Station des Stadtrundgang - Bonngasse 18\" class=\"wp-image-313\" srcset=\"https:\/\/decolonize-bonn.de\/wp-content\/uploads\/2019\/12\/beethovenhaus.png 485w, https:\/\/decolonize-bonn.de\/wp-content\/uploads\/2019\/12\/beethovenhaus-146x300.png 146w\" sizes=\"auto, (max-width: 485px) 100vw, 485px\" \/><\/a><\/figure>\n<\/div>\n\n\n<h3 class=\"wp-block-heading has-text-align-center\" data-block-type=\"core\">Bonngasse 18<\/h3>\n<\/div>\n\n\n\n<div class=\"wp-block-column is-vertically-aligned-bottom stadtrundgang-spalte-2 is-layout-flow wp-block-column-is-layout-flow\" data-block-type=\"core\"><div class=\"wp-block-image\">\n<figure class=\"aligncenter size-full\" data-block-type=\"core\"><a href=\"https:\/\/decolonize-bonn.de\/stadtrundgang\/entwicklungszusammenarbeit\/\"><img loading=\"lazy\" decoding=\"async\" width=\"722\" height=\"1000\" src=\"http:\/\/decolonize-bonn.de\/wp-content\/uploads\/2019\/06\/spendenplakat.png\" alt=\"Beispiel Spendenplakat \/Entwicklungszusammenarbeit\" class=\"wp-image-76\" srcset=\"https:\/\/decolonize-bonn.de\/wp-content\/uploads\/2019\/06\/spendenplakat.png 722w, https:\/\/decolonize-bonn.de\/wp-content\/uploads\/2019\/06\/spendenplakat-217x300.png 217w\" sizes=\"auto, (max-width: 722px) 100vw, 722px\" \/><\/a><\/figure>\n<\/div>\n\n\n<h3 class=\"wp-block-heading has-text-align-center\" data-block-type=\"core\">Entwicklungsarbeit<\/h3>\n<\/div>\n\n\n\n<div class=\"wp-block-column is-vertically-aligned-bottom stadtrundgang-spalte-3 is-layout-flow wp-block-column-is-layout-flow\" data-block-type=\"core\"><div class=\"wp-block-image\">\n<figure class=\"aligncenter size-full\" data-block-type=\"core\"><a href=\"https:\/\/decolonize-bonn.de\/stadtrundgang\/konrad-adenauer\/\"><img loading=\"lazy\" decoding=\"async\" width=\"1000\" height=\"433\" src=\"http:\/\/decolonize-bonn.de\/wp-content\/uploads\/2019\/08\/konrad_adenauer_br\u00fccke.png\" alt=\"Station des Stadtrundgang - Konrad Adenauer Br\u00fccke\" class=\"wp-image-177\" srcset=\"https:\/\/decolonize-bonn.de\/wp-content\/uploads\/2019\/08\/konrad_adenauer_br\u00fccke.png 1000w, https:\/\/decolonize-bonn.de\/wp-content\/uploads\/2019\/08\/konrad_adenauer_br\u00fccke-300x130.png 300w, https:\/\/decolonize-bonn.de\/wp-content\/uploads\/2019\/08\/konrad_adenauer_br\u00fccke-768x333.png 768w\" sizes=\"auto, (max-width: 1000px) 100vw, 1000px\" \/><\/a><\/figure>\n<\/div>\n\n\n<h3 class=\"wp-block-heading has-text-align-center\" data-block-type=\"core\">Konrad-Adenauer<\/h3>\n<\/div>\n\n\n\n<div class=\"wp-block-column is-vertically-aligned-bottom stadtrundgang-spalte-4 is-layout-flow wp-block-column-is-layout-flow\" data-block-type=\"core\"><div class=\"wp-block-image\">\n<figure class=\"aligncenter size-large\" data-block-type=\"core\"><a href=\"https:\/\/decolonize-bonn.de\/stadtrundgang\/lothar-von-trotha\/\"><img loading=\"lazy\" decoding=\"async\" width=\"946\" height=\"1000\" src=\"http:\/\/decolonize-bonn.de\/wp-content\/uploads\/2019\/12\/lothar_von_trotha.png\" alt=\"Station des Stadtrundgang - Grabstein von Lothar von Trotha\" class=\"wp-image-318\" srcset=\"https:\/\/decolonize-bonn.de\/wp-content\/uploads\/2019\/12\/lothar_von_trotha.png 946w, https:\/\/decolonize-bonn.de\/wp-content\/uploads\/2019\/12\/lothar_von_trotha-284x300.png 284w, https:\/\/decolonize-bonn.de\/wp-content\/uploads\/2019\/12\/lothar_von_trotha-768x812.png 768w\" sizes=\"auto, (max-width: 946px) 100vw, 946px\" \/><\/a><\/figure>\n<\/div>\n\n\n<h3 class=\"wp-block-heading has-text-align-center\" data-block-type=\"core\">Lothar von Trotha<\/h3>\n<\/div>\n<\/div>\n\n\n\n<div class=\"wp-block-columns is-layout-flex wp-container-core-columns-is-layout-9d6595d7 wp-block-columns-is-layout-flex\" data-block-type=\"core\">\n<div class=\"wp-block-column is-vertically-aligned-bottom stadtrundgang-spalte-5 is-layout-flow wp-block-column-is-layout-flow\" data-block-type=\"core\"><div class=\"wp-block-image\">\n<figure class=\"aligncenter size-large\" data-block-type=\"core\"><a href=\"https:\/\/decolonize-bonn.de\/stadtrundgang\/universitaet-bonn\/\"><img loading=\"lazy\" decoding=\"async\" width=\"828\" height=\"1000\" src=\"http:\/\/decolonize-bonn.de\/wp-content\/uploads\/2019\/12\/benin_hahn.png\" alt=\"Station des Stadtrundgang - Benin Hahn Altamerikasammlung Uni Bonn\" class=\"wp-image-314\" srcset=\"https:\/\/decolonize-bonn.de\/wp-content\/uploads\/2019\/12\/benin_hahn.png 828w, https:\/\/decolonize-bonn.de\/wp-content\/uploads\/2019\/12\/benin_hahn-248x300.png 248w, https:\/\/decolonize-bonn.de\/wp-content\/uploads\/2019\/12\/benin_hahn-768x928.png 768w\" sizes=\"auto, (max-width: 828px) 100vw, 828px\" \/><\/a><\/figure>\n<\/div>\n\n\n<h3 class=\"wp-block-heading has-text-align-center\" data-block-type=\"core\">Universit\u00e4t Bonn<\/h3>\n<\/div>\n\n\n\n<div class=\"wp-block-column is-vertically-aligned-bottom stadtrundgang-spalte-6 is-layout-flow wp-block-column-is-layout-flow\" data-block-type=\"core\"><div class=\"wp-block-image\">\n<figure class=\"aligncenter size-full\" data-block-type=\"core\"><a href=\"https:\/\/decolonize-bonn.de\/stadtrundgang\/voelkerschauen\/\"><img loading=\"lazy\" decoding=\"async\" width=\"1000\" height=\"516\" src=\"http:\/\/decolonize-bonn.de\/wp-content\/uploads\/2019\/06\/frankenbad.png\" alt=\"Frankenbadplatz in Bonn\" class=\"wp-image-71\" srcset=\"https:\/\/decolonize-bonn.de\/wp-content\/uploads\/2019\/06\/frankenbad.png 1000w, https:\/\/decolonize-bonn.de\/wp-content\/uploads\/2019\/06\/frankenbad-300x155.png 300w, https:\/\/decolonize-bonn.de\/wp-content\/uploads\/2019\/06\/frankenbad-768x396.png 768w\" sizes=\"auto, (max-width: 1000px) 100vw, 1000px\" \/><\/a><\/figure>\n<\/div>\n\n\n<h3 class=\"wp-block-heading has-text-align-center\" data-block-type=\"core\">V\u00f6lkerschauen<\/h3>\n<\/div>\n\n\n\n<div class=\"wp-block-column is-vertically-aligned-bottom stadtrundgang-spalte-6 is-layout-flow wp-block-column-is-layout-flow\" data-block-type=\"core\"><div class=\"wp-block-image\">\n<figure class=\"aligncenter size-large\" data-block-type=\"core\"><a href=\"https:\/\/decolonize-bonn.de\/stadtrundgang\/botanischer-garten\/\"><img loading=\"lazy\" decoding=\"async\" width=\"1024\" height=\"441\" src=\"https:\/\/decolonize-bonn.de\/wp-content\/uploads\/2024\/07\/Objekt-1024x441.png\" alt=\"\" class=\"wp-image-634\" srcset=\"https:\/\/decolonize-bonn.de\/wp-content\/uploads\/2024\/07\/Objekt-1024x441.png 1024w, https:\/\/decolonize-bonn.de\/wp-content\/uploads\/2024\/07\/Objekt-300x129.png 300w, https:\/\/decolonize-bonn.de\/wp-content\/uploads\/2024\/07\/Objekt-768x331.png 768w, https:\/\/decolonize-bonn.de\/wp-content\/uploads\/2024\/07\/Objekt-1536x662.png 1536w, https:\/\/decolonize-bonn.de\/wp-content\/uploads\/2024\/07\/Objekt-2048x883.png 2048w\" sizes=\"auto, (max-width: 1024px) 100vw, 1024px\" \/><\/a><\/figure>\n<\/div>\n\n\n<h3 class=\"wp-block-heading has-text-align-center\" data-block-type=\"core\">Botanischer Garten<\/h3>\n<\/div>\n\n\n\n<div class=\"wp-block-column is-vertically-aligned-bottom stadtrundgang-spalte-6 is-layout-flow wp-block-column-is-layout-flow\" data-block-type=\"core\"><div class=\"wp-block-image\">\n<figure class=\"aligncenter size-large\" data-block-type=\"core\"><a href=\"https:\/\/decolonize-bonn.de\/stadtrundgang\/ruestungsindustrie\/\"><img loading=\"lazy\" decoding=\"async\" width=\"1024\" height=\"724\" src=\"https:\/\/decolonize-bonn.de\/wp-content\/uploads\/2022\/09\/Rheinmetall_final-1024x724.png\" alt=\"Geb\u00e4ude von Rheinmetall in Bonn\" class=\"wp-image-560\" srcset=\"https:\/\/decolonize-bonn.de\/wp-content\/uploads\/2022\/09\/Rheinmetall_final-1024x724.png 1024w, https:\/\/decolonize-bonn.de\/wp-content\/uploads\/2022\/09\/Rheinmetall_final-300x212.png 300w, https:\/\/decolonize-bonn.de\/wp-content\/uploads\/2022\/09\/Rheinmetall_final-768x543.png 768w, https:\/\/decolonize-bonn.de\/wp-content\/uploads\/2022\/09\/Rheinmetall_final-1536x1086.png 1536w, https:\/\/decolonize-bonn.de\/wp-content\/uploads\/2022\/09\/Rheinmetall_final-2048x1448.png 2048w\" sizes=\"auto, (max-width: 1024px) 100vw, 1024px\" \/><\/a><\/figure>\n<\/div>\n\n\n<h3 class=\"wp-block-heading has-text-align-center\" data-block-type=\"core\">R\u00fcstungsindustrie<\/h3>\n<\/div>\n<\/div>\n","protected":false},"excerpt":{"rendered":"<p>Seit 2018 f\u00fchren wir in Bonn unseren Stadtrundgang durch. Termine k\u00f6nnen auf unserer Seite unter Termine angefragt werden. Hier wollen wir aber einen Einblick in unsere Stationen geben. Stationen des Stadtrundgangs: Bonngasse 18 Entwicklungsarbeit Konrad-Adenauer Lothar von Trotha Universit\u00e4t Bonn V\u00f6lkerschauen Botanischer Garten R\u00fcstungsindustrie<\/p>\n","protected":false},"author":2,"featured_media":0,"parent":0,"menu_order":3,"comment_status":"closed","ping_status":"closed","template":"","meta":{"_editorskit_title_hidden":false,"_editorskit_reading_time":1,"_editorskit_is_block_options_detached":false,"_editorskit_block_options_position":"{}","_uag_custom_page_level_css":"","ocean_post_layout":"","ocean_both_sidebars_style":"","ocean_both_sidebars_content_width":0,"ocean_both_sidebars_sidebars_width":0,"ocean_sidebar":"0","ocean_second_sidebar":"0","ocean_disable_margins":"on","ocean_add_body_class":"","ocean_shortcode_before_top_bar":"","ocean_shortcode_after_top_bar":"","ocean_shortcode_before_header":"","ocean_shortcode_after_header":"","ocean_has_shortcode":"","ocean_shortcode_after_title":"","ocean_shortcode_before_footer_widgets":"","ocean_shortcode_after_footer_widgets":"","ocean_shortcode_before_footer_bottom":"","ocean_shortcode_after_footer_bottom":"","ocean_display_top_bar":"off","ocean_display_header":"default","ocean_header_style":"","ocean_center_header_left_menu":"0","ocean_custom_header_template":"0","ocean_custom_logo":0,"ocean_custom_retina_logo":0,"ocean_custom_logo_max_width":0,"ocean_custom_logo_tablet_max_width":0,"ocean_custom_logo_mobile_max_width":0,"ocean_custom_logo_max_height":0,"ocean_custom_logo_tablet_max_height":0,"ocean_custom_logo_mobile_max_height":0,"ocean_header_custom_menu":"0","ocean_menu_typo_font_family":"0","ocean_menu_typo_font_subset":"","ocean_menu_typo_font_size":0,"ocean_menu_typo_font_size_tablet":0,"ocean_menu_typo_font_size_mobile":0,"ocean_menu_typo_font_size_unit":"px","ocean_menu_typo_font_weight":"","ocean_menu_typo_font_weight_tablet":"","ocean_menu_typo_font_weight_mobile":"","ocean_menu_typo_transform":"","ocean_menu_typo_transform_tablet":"","ocean_menu_typo_transform_mobile":"","ocean_menu_typo_line_height":0,"ocean_menu_typo_line_height_tablet":0,"ocean_menu_typo_line_height_mobile":0,"ocean_menu_typo_line_height_unit":"","ocean_menu_typo_spacing":0,"ocean_menu_typo_spacing_tablet":0,"ocean_menu_typo_spacing_mobile":0,"ocean_menu_typo_spacing_unit":"","ocean_menu_link_color":"","ocean_menu_link_color_hover":"","ocean_menu_link_color_active":"","ocean_menu_link_background":"","ocean_menu_link_hover_background":"","ocean_menu_link_active_background":"","ocean_menu_social_links_bg":"","ocean_menu_social_hover_links_bg":"","ocean_menu_social_links_color":"","ocean_menu_social_hover_links_color":"","ocean_disable_title":"default","ocean_disable_heading":"default","ocean_post_title":"","ocean_post_subheading":"","ocean_post_title_style":"centered","ocean_post_title_background_color":"","ocean_post_title_background":0,"ocean_post_title_bg_image_position":"","ocean_post_title_bg_image_attachment":"","ocean_post_title_bg_image_repeat":"","ocean_post_title_bg_image_size":"","ocean_post_title_height":0,"ocean_post_title_bg_overlay":0.5,"ocean_post_title_bg_overlay_color":"","ocean_disable_breadcrumbs":"off","ocean_breadcrumbs_color":"","ocean_breadcrumbs_separator_color":"","ocean_breadcrumbs_links_color":"","ocean_breadcrumbs_links_hover_color":"","ocean_display_footer_widgets":"off","ocean_display_footer_bottom":"off","ocean_custom_footer_template":"0","footnotes":""},"class_list":["post-40","page","type-page","status-publish","hentry","entry"],"translation":{"provider":"WPGlobus","version":"3.0.2","language":"en","enabled_languages":["de","en"],"languages":{"de":{"title":true,"content":true,"excerpt":false},"en":{"title":false,"content":false,"excerpt":false}}},"featured_image_urls_v2":{"full":"","thumbnail":"","medium":"","medium_large":"","large":"","1536x1536":"","2048x2048":"","ocean-thumb-m":"","ocean-thumb-ml":"","ocean-thumb-l":""},"post_excerpt_stackable_v2":"<p>Seit 2018 f\u00fchren wir in Bonn unseren Stadtrundgang durch. Termine k\u00f6nnen auf unserer Seite unter Termine angefragt werden. Hier wollen wir aber einen Einblick in unsere Stationen geben. Stationen des Stadtrundgangs: Bonngasse 18 Entwicklungsarbeit Konrad-Adenauer Lothar von Trotha Universit\u00e4t Bonn V\u00f6lkerschauen Botanischer Garten R\u00fcstungsindustrie<\/p>\n","category_list_v2":"","author_info_v2":{"name":"bonnpostkolonial","url":"https:\/\/decolonize-bonn.de\/en\/author\/bonnpostkolonial\/"},"comments_num_v2":"0 comments","yoast_head":"\n<title>Stadtrundgang - Bonn Postkolonial | Die Stationen des Rundgangs<\/title>\n<meta name=\"robots\" content=\"index, follow, max-snippet:-1, max-image-preview:large, max-video-preview:-1\" \/>\n<link rel=\"canonical\" href=\"https:\/\/decolonize-bonn.de\/stadtrundgang\/\" \/>\n<meta property=\"og:locale\" content=\"en_US\" \/>\n<meta property=\"og:type\" content=\"article\" \/>\n<meta property=\"og:title\" content=\"Stadtrundgang - Bonn Postkolonial\" \/>\n<meta property=\"og:url\" content=\"https:\/\/decolonize-bonn.de\/stadtrundgang\/\" \/>\n<meta property=\"og:site_name\" content=\"Bonn Postkolonial\" \/>\n<meta property=\"article:publisher\" content=\"https:\/\/de-de.facebook.com\/BonnPostkolonial\/\" \/>\n<meta property=\"article:modified_time\" content=\"2024-07-27T13:13:23+00:00\" \/>\n<meta property=\"og:image\" content=\"http:\/\/decolonize-bonn.de\/wp-content\/uploads\/2019\/12\/beethovenhaus.png\" \/>\n<meta name=\"twitter:card\" content=\"summary_large_image\" \/>\n<meta name=\"twitter:label1\" content=\"Est. reading time\" \/>\n\t<meta name=\"twitter:data1\" content=\"2 minutes\" \/>\n<script type=\"application\/ld+json\" class=\"yoast-schema-graph\">{\"@context\":\"https:\/\/schema.org\",\"@graph\":[{\"@type\":\"WebPage\",\"@id\":\"https:\/\/decolonize-bonn.de\/stadtrundgang\/\",\"url\":\"https:\/\/decolonize-bonn.de\/stadtrundgang\/\",\"name\":\"Stadtrundgang - Bonn Postkolonial | Die Stationen des Rundgangs\",\"isPartOf\":{\"@id\":\"https:\/\/decolonize-bonn.de\/#website\"},\"primaryImageOfPage\":{\"@id\":\"https:\/\/decolonize-bonn.de\/stadtrundgang\/#primaryimage\"},\"image\":{\"@id\":\"https:\/\/decolonize-bonn.de\/stadtrundgang\/#primaryimage\"},\"thumbnailUrl\":\"http:\/\/decolonize-bonn.de\/wp-content\/uploads\/2019\/12\/beethovenhaus.png\",\"datePublished\":\"2019-06-18T08:37:11+00:00\",\"dateModified\":\"2024-07-27T13:13:23+00:00\",\"description\":\"Hier findest du einen \u00dcberblick \u00fcber die sechs Stationen des Stadtrundgang mit ausf\u00fchrlichen Beschreibungen zu jeder Station.\",\"breadcrumb\":{\"@id\":\"https:\/\/decolonize-bonn.de\/stadtrundgang\/#breadcrumb\"},\"inLanguage\":\"en-US\",\"potentialAction\":[{\"@type\":\"ReadAction\",\"target\":[\"https:\/\/decolonize-bonn.de\/stadtrundgang\/\"]}]},{\"@type\":\"ImageObject\",\"inLanguage\":\"en-US\",\"@id\":\"https:\/\/decolonize-bonn.de\/stadtrundgang\/#primaryimage\",\"url\":\"http:\/\/decolonize-bonn.de\/wp-content\/uploads\/2019\/12\/beethovenhaus.png\",\"contentUrl\":\"http:\/\/decolonize-bonn.de\/wp-content\/uploads\/2019\/12\/beethovenhaus.png\"},{\"@type\":\"BreadcrumbList\",\"@id\":\"https:\/\/decolonize-bonn.de\/stadtrundgang\/#breadcrumb\",\"itemListElement\":[{\"@type\":\"ListItem\",\"position\":1,\"name\":\"Startseite\",\"item\":\"https:\/\/decolonize-bonn.de\/\"},{\"@type\":\"ListItem\",\"position\":2,\"name\":\"Stadtrundgang\"}]},{\"@type\":\"WebSite\",\"@id\":\"https:\/\/decolonize-bonn.de\/#website\",\"url\":\"https:\/\/decolonize-bonn.de\/\",\"name\":\"Bonn Postkolonial\",\"description\":\"Dealing with Bonn&#039;s colonial past\",\"potentialAction\":[{\"@type\":\"SearchAction\",\"target\":{\"@type\":\"EntryPoint\",\"urlTemplate\":\"https:\/\/decolonize-bonn.de\/?s={search_term_string}\"},\"query-input\":{\"@type\":\"PropertyValueSpecification\",\"valueRequired\":true,\"valueName\":\"search_term_string\"}}],\"inLanguage\":\"en-US\"}]}<\/script>\n","yoast_head_json":{"title":"Stadtrundgang - Bonn Postkolonial | Die Stationen des Rundgangs","robots":{"index":"index","follow":"follow","max-snippet":"max-snippet:-1","max-image-preview":"max-image-preview:large","max-video-preview":"max-video-preview:-1"},"canonical":"https:\/\/decolonize-bonn.de\/stadtrundgang\/","og_locale":"en_US","og_type":"article","og_title":"Stadtrundgang - Bonn Postkolonial","og_url":"https:\/\/decolonize-bonn.de\/stadtrundgang\/","og_site_name":"Bonn Postkolonial","article_publisher":"https:\/\/de-de.facebook.com\/BonnPostkolonial\/","article_modified_time":"2024-07-27T13:13:23+00:00","og_image":[{"url":"http:\/\/decolonize-bonn.de\/wp-content\/uploads\/2019\/12\/beethovenhaus.png","type":"","width":"","height":""}],"twitter_card":"summary_large_image","twitter_misc":{"Est. reading time":"2 minutes"},"schema":{"@context":"https:\/\/schema.org","@graph":[{"@type":"WebPage","@id":"https:\/\/decolonize-bonn.de\/stadtrundgang\/","url":"https:\/\/decolonize-bonn.de\/stadtrundgang\/","name":"Stadtrundgang - Bonn Postkolonial | Die Stationen des Rundgangs","isPartOf":{"@id":"https:\/\/decolonize-bonn.de\/#website"},"primaryImageOfPage":{"@id":"https:\/\/decolonize-bonn.de\/stadtrundgang\/#primaryimage"},"image":{"@id":"https:\/\/decolonize-bonn.de\/stadtrundgang\/#primaryimage"},"thumbnailUrl":"http:\/\/decolonize-bonn.de\/wp-content\/uploads\/2019\/12\/beethovenhaus.png","datePublished":"2019-06-18T08:37:11+00:00","dateModified":"2024-07-27T13:13:23+00:00","description":"Hier findest du einen \u00dcberblick \u00fcber die sechs Stationen des Stadtrundgang mit ausf\u00fchrlichen Beschreibungen zu jeder Station.","breadcrumb":{"@id":"https:\/\/decolonize-bonn.de\/stadtrundgang\/#breadcrumb"},"inLanguage":"en-US","potentialAction":[{"@type":"ReadAction","target":["https:\/\/decolonize-bonn.de\/stadtrundgang\/"]}]},{"@type":"ImageObject","inLanguage":"en-US","@id":"https:\/\/decolonize-bonn.de\/stadtrundgang\/#primaryimage","url":"http:\/\/decolonize-bonn.de\/wp-content\/uploads\/2019\/12\/beethovenhaus.png","contentUrl":"http:\/\/decolonize-bonn.de\/wp-content\/uploads\/2019\/12\/beethovenhaus.png"},{"@type":"BreadcrumbList","@id":"https:\/\/decolonize-bonn.de\/stadtrundgang\/#breadcrumb","itemListElement":[{"@type":"ListItem","position":1,"name":"Startseite","item":"https:\/\/decolonize-bonn.de\/"},{"@type":"ListItem","position":2,"name":"Stadtrundgang"}]},{"@type":"WebSite","@id":"https:\/\/decolonize-bonn.de\/#website","url":"https:\/\/decolonize-bonn.de\/","name":"Bonn Postkolonial","description":"Dealing with Bonn&#039;s colonial past","potentialAction":[{"@type":"SearchAction","target":{"@type":"EntryPoint","urlTemplate":"https:\/\/decolonize-bonn.de\/?s={search_term_string}"},"query-input":{"@type":"PropertyValueSpecification","valueRequired":true,"valueName":"search_term_string"}}],"inLanguage":"en-US"}]}},"uagb_featured_image_src":{"full":false,"thumbnail":false,"medium":false,"medium_large":false,"large":false,"1536x1536":false,"2048x2048":false,"ocean-thumb-m":false,"ocean-thumb-ml":false,"ocean-thumb-l":false},"uagb_author_info":{"display_name":"bonnpostkolonial","author_link":"https:\/\/decolonize-bonn.de\/en\/author\/bonnpostkolonial\/"},"uagb_comment_info":0,"uagb_excerpt":"Seit 2018 f\u00fchren wir in Bonn unseren Stadtrundgang durch. Termine k\u00f6nnen auf unserer Seite unter Termine angefragt werden. Hier wollen wir aber einen Einblick in unsere Stationen geben. Stationen des Stadtrundgangs: Bonngasse 18 Entwicklungsarbeit Konrad-Adenauer Lothar von Trotha Universit\u00e4t Bonn V\u00f6lkerschauen Botanischer Garten R\u00fcstungsindustrie","_links":{"self":[{"href":"https:\/\/decolonize-bonn.de\/en\/wp-json\/wp\/v2\/pages\/40","targetHints":{"allow":["GET"]}}],"collection":[{"href":"https:\/\/decolonize-bonn.de\/en\/wp-json\/wp\/v2\/pages"}],"about":[{"href":"https:\/\/decolonize-bonn.de\/en\/wp-json\/wp\/v2\/types\/page"}],"author":[{"embeddable":true,"href":"https:\/\/decolonize-bonn.de\/en\/wp-json\/wp\/v2\/users\/2"}],"replies":[{"embeddable":true,"href":"https:\/\/decolonize-bonn.de\/en\/wp-json\/wp\/v2\/comments?post=40"}],"version-history":[{"count":1,"href":"https:\/\/decolonize-bonn.de\/en\/wp-json\/wp\/v2\/pages\/40\/revisions"}],"predecessor-version":[{"id":696,"href":"https:\/\/decolonize-bonn.de\/en\/wp-json\/wp\/v2\/pages\/40\/revisions\/696"}],"wp:attachment":[{"href":"https:\/\/decolonize-bonn.de\/en\/wp-json\/wp\/v2\/media?parent=40"}],"curies":[{"name":"wp","href":"https:\/\/api.w.org\/{rel}","templated":true}]}}