{"id":42,"date":"2019-06-18T10:38:03","date_gmt":"2019-06-18T08:38:03","guid":{"rendered":"http:\/\/decolonize-bonn.de\/?page_id=42"},"modified":"2019-12-05T15:53:05","modified_gmt":"2019-12-05T14:53:05","slug":"weiterlesen","status":"publish","type":"page","link":"https:\/\/decolonize-bonn.de\/en\/weiterlesen\/","title":{"rendered":"Weiterlesen"},"content":{"rendered":"\n<div class=\"wp-block-ugb-accordion ugb-accordion ugb-cfb6469 ugb-accordion--v2 ugb-accordion--design-basic ugb-main-block\" aria-expanded=\"false\" id=\"\"><style>.ugb-cfb6469 .ugb-accordion__heading{border-radius:12px !important}.ugb-cfb6469 .ugb-accordion__title{color:#222222}.ugb-cfb6469 .ugb-accordion__arrow{fill:#222222}@media screen and (max-width:768px){.ugb-cfb6469.ugb-accordion{margin-top:0px !important;margin-right:0px !important;margin-bottom:0px !important;margin-left:0px !important;padding-top:0% !important;padding-right:0% !important;padding-bottom:0% !important;padding-left:0% !important}}<\/style><div class=\"ugb-inner-block\"><div class=\"ugb-block-content\"><div class=\"ugb-accordion__item\"><div class=\"ugb-accordion__heading ugb--shadow-3\" role=\"button\" tabindex=\"0\"><h4 class=\"ugb-accordion__title\" role=\"heading\" aria-level=\"3\">Gedrucktes<\/h4><svg viewbox=\"0 0 20 20\" xmlns=\"http:\/\/www.w3.org\/2000\/svg\" class=\"ugb-accordion__arrow\" width=\"20\" height=\"20\"><path d=\"M16.7 3.3L10 10 3.3 3.4 0 6.7l10 10v-.1l10-9.9z\"><\/path><\/svg><\/div><div class=\"ugb-accordion__content\" role=\"region\"><div class=\"ugb-accordion__content-inner\">\n<p data-block-type=\"core\">Castro Varela, Mar\u00edo do Mar &amp; Dhawan, Nikita (2015): <em>Postkoloniale Theorie. Eine kritische Einf\u00fchrung<\/em>. Bielefeld: transcript.<br> <br>Dietrich, Anette &amp; Strohschein, Juliane (2011): Kolonialismus. In: Arndt, Susan &amp; Ofuatey-Alazard, Nadja (Hg.): <em>Wie Rassismus aus W\u00f6rtern spricht \u2013 (K)Erben des Kolonialismus im Wissensarchiv deutsche Sprache. Ein kritisches Nachschlagewerk<\/em>. M\u00fcnster: Unrast Verlag, S.114-120.<br> <br>Eckardt, Frank &amp; Hoerning, Johanna (2012): Postkoloniale St\u00e4dte. In: Eckardt, Frank (Hg.): <em>Handbuch Stadtsoziologie<\/em>. Wiesbaden: Springer VS, S. 263-287.<br> <br>Eckert, Andreas &amp; Randeria, Shalini (2009): <em>Vom Imperialismus zum Empire<\/em>. Frankfurt am Main: Suhrkamp Verlag.<br> <br>Horstmann, Anne-Kathrin (2013): \u201eDas deutsche Volk braucht Kolonien\u201c &#8211; Konrad Adenauer und der Kolonialrevisionismus. In: Bechhaus-Gerst, Marianna &amp; Horstmann, Anne-Kathrin (Hg.): <em>K\u00f6ln und der deutsche Kolonialismus. Eine Spurensuche<\/em>. K\u00f6ln \/ Weimar \/ Wien: B\u00f6hlau Verlag, S. 197-204.<br> &nbsp;<br>Mudimbe, Valentin Y. (1988): <em>The Invention of Africa. Gnosis, Philosophy, and the Order of Knowledge<\/em>. Bloomington, Indianapolis: Indiana University Press.<br> <br>Ofuatey-Alazard, Nadja (2011): Koloniale Kontinuit\u00e4ten in Deutschland. In: Arndt, Susan &amp; Ofuatey-Alazard, Nadja (Hg.): <em>Wie Rassismus aus W\u00f6rtern spricht \u2013 (K)Erben des Kolonialismus im Wissensarchiv deutsche Sprache. Ein kritisches Nachschlagewerk<\/em>. M\u00fcnster: Unrast Verlag, S.136-153.<br> &nbsp;<br>Thode-Arora, Hilke (1989): <em>F\u00fcr f\u00fcnfzig Pfennig um die Welt. Die Hagenbeckschen V\u00f6lkerschauen. <\/em>Campus Verlag: Frankfurt\/New York. S. 29.<br> &nbsp;<br>Zeller, Joachim (2013): \u201eMassenaristokratie der wei\u00dfen Rasse\u201c. Vom \u201ekolonialen Drang\u201c der Deutschen. In: Bechhaus-Gerst, Marianne &amp; Horstmann, Anne-Kathrin (Hg.): <em>K\u00f6ln und der deutsche Kolonialismus. Eine Spurensuche<\/em>. K\u00f6ln: B\u00f6hlau Verlag, S.15-23. <\/p>\n<\/div><\/div><\/div><\/div><\/div><\/div>\n\n\n\n<div class=\"wp-block-ugb-accordion ugb-accordion ugb-95d4465 ugb-accordion--v2 ugb-accordion--design-basic ugb-main-block\" aria-expanded=\"false\" id=\"\"><style>.ugb-95d4465 .ugb-accordion__heading{border-radius:12px !important}.ugb-95d4465 .ugb-accordion__title{color:#222222}.ugb-95d4465 .ugb-accordion__arrow{fill:#222222}<\/style><div class=\"ugb-inner-block\"><div class=\"ugb-block-content\"><div class=\"ugb-accordion__item\"><div class=\"ugb-accordion__heading ugb--shadow-3\" role=\"button\" tabindex=\"0\"><h4 class=\"ugb-accordion__title\" role=\"heading\" aria-level=\"3\">Onlinepublikationen<\/h4><svg viewbox=\"0 0 20 20\" xmlns=\"http:\/\/www.w3.org\/2000\/svg\" class=\"ugb-accordion__arrow\" width=\"20\" height=\"20\"><path d=\"M16.7 3.3L10 10 3.3 3.4 0 6.7l10 10v-.1l10-9.9z\"><\/path><\/svg><\/div><div class=\"ugb-accordion__content\" role=\"region\"><div class=\"ugb-accordion__content-inner\">\n<p data-block-type=\"core\">Agoku, Jessica (o.J.): Koloniale Sonderschau auf der Pressa&nbsp; &#8211; 12. Mai bis 14. Oktober 1928. <em>Kopfwelten<\/em>. <a href=\"http:\/\/www.kopfwelten.org\/kp\/ereignisse\/pressa1928\/index.html\">http:\/\/www.kopfwelten.org\/kp\/ereignisse\/pressa1928\/index.html<\/a> (zuletzt eingesehen am 09.12.2018).<br> <br> Festausschuss Bonner Karneval e.V. (o.J.): Historisches zum Bonner Karneval. <em>Karneval in Bonn<\/em>. <a href=\"http:\/\/www.karneval-in-bonn.de\/start\/Das-ist-Karneval\/Geschichte\/index.html\">http:\/\/www.karneval-in-bonn.de\/start\/Das-ist-Karneval\/Geschichte\/index.html<\/a> (zuletzt eingesehen am 09.12.2018).<br> <br> glokal e.V. (2013): Bildung f\u00fcr nachhaltige Ungleichheit. Eine postkoloniale Analyse von Materialien der entwicklungspolitischen Bildungsarbeit in Deutschland. <em>glokal e.V.<\/em>. <a href=\"https:\/\/www.glokal.org\/wp-content\/uploads\/2018\/03\/Glokal-e-V_Bildung-fuer-nachhaltige-Ungleichheit_Barrierefrei-Illustrationen-26-03-2013.pdf\">https:\/\/www.glokal.org\/wp-content\/uploads\/2018\/03\/Glokal-e-V_Bildung-fuer-nachhaltige-Ungleichheit_Barrierefrei-Illustrationen-26-03-2013.pdf<\/a> (zuletzt eingesehen am 09.12.2018).<br> <br> Hoff, Sigried (2018): Kompromiss statt Fortschritt. <em>Deutschlandfunk<\/em>. <a href=\"https:\/\/www.deutschlandfunk.de\/diskussion-ueber-benin-bronzen-kompromiss-statt-fortschritt.691.de.html?dram:article_id=431176\">https:\/\/www.deutschlandfunk.de\/diskussion-ueber-benin-bronzen-kompromiss-statt-fortschritt.691.de.html?dram:article_id=431176<\/a> (zuletzt eingesehen am 09.12.2018).<br> <br> Inhoffen, Lisa (2017): Der Name von Trotha soll verschwinden. <em>General Anzeiger.<\/em> <a href=\"http:\/\/www.general-anzeiger-bonn.de\/bonn\/stadt-bonn\/Der-Name-von-Trotha-soll-verschwinden-article3476270.html\">http:\/\/www.general-anzeiger-bonn.de\/bonn\/stadt-bonn\/Der-Name-von-Trotha-soll-verschwinden-article3476270.html<\/a> (zuletzt eingesehen am 09.12.2018).<br> <br> K\u00f6hl, Bettina (2005): Der Charme der Bonner Altstadt ist zur\u00fcck. <em>General Anzeiger.<\/em> <a href=\"http:\/\/www.general-anzeiger-bonn.de\/region\/Der-Charme-der-Bonner-Altstadt-ist-zur\u00fcck-article246483.html\">http:\/\/www.general-anzeiger-bonn.de\/region\/Der-Charme-der-Bonner-Altstadt-ist-zur%C3%BCck-article246483.html<\/a> (zuletzt eingesehen am 09.12.2018).<br> &nbsp;<br> Kopfwelten e.v. (2005): Kolonialrevisionismus. \u201eOhne Kolonien Armut und Not, mit Kolonien Arbeit und Brot\u201c. <em>Kopfwelten<\/em>. <a href=\"http:\/\/www.kopfwelten.org\/kp\/virtualmuseum\/KP%2005%20Streben%20nach%20Rueckgewinnung.pdf\">http:\/\/www.kopfwelten.org\/kp\/virtualmuseum\/KP%2005%20Streben%20nach%20Rueckgewinnung.pdf<\/a> (zuletzt eingesehen am 09.12.2018).<br> Morrison, Toni (1975): A Humanist View. In: McKenzie, Keisha (Hrsg.): Toni Morrison \u2013 A Humanist View. Transkription und Audiodatei. <a href=\"https:\/\/mackenzian.com\/blog\/2014\/07\/07\/transcript-morrison-1975\/\">https:\/\/mackenzian.com\/blog\/2014\/07\/07\/transcript-morrison-1975\/<\/a> (zuletzt eingesehen am 19.12.2018).<br> <br> M\u00fckke, Lutz &amp; Wiesner, Maria (2018): Die Beute Bronzen. <em>Faz<\/em>.&nbsp; <a href=\"https:\/\/www.faz.net\/aktuell\/gesellschaft\/kriminalitaet\/benin-die-beute-bronzen-15359996.html\">https:\/\/www.faz.net\/aktuell\/gesellschaft\/kriminalitaet\/benin-die-beute-bronzen-15359996.html<\/a> (zuletzt eingesehen am 09.12.2018).<br> &nbsp;<br> No Humboldt 21! (2018): Homepage der Initiative. <a href=\"http:\/\/www.no-humboldt21.de\/\">http:\/\/www.no-humboldt21.de\/<\/a> (zuletzt eingesehen am 19.12.2018).<br> <br> \u00d6gG e.V. (o.J.): \u201eIch bin kein Kost\u00fcm\u201c. Forum gegen Rassismus und Diskriminierung initiiert Plakatkampagne. <em>\u00d6ffentlichkeit gegen Gewalt<\/em>. <a href=\"http:\/\/www.oegg.de\/index.php?view-16\">http:\/\/www.oegg.de\/index.php?view-16<\/a> (zuletzt eingesehen am 09.12.2018).<br> &nbsp;<br> Pelz, Daniel (2018): Klage von Herero und Nama: Der Druck auf Deutschland w\u00e4chst. <em>Deutsche Welle<\/em>. <a href=\"https:\/\/www.dw.com\/de\/klage-von-herero-und-nama-der-druck-auf-deutschland-w\u00e4chst\/a-42301186\">https:\/\/www.dw.com\/de\/klage-von-herero-und-nama-der-druck-auf-deutschland-w%C3%A4chst\/a-42301186<\/a> (zuletzt eingesehen am 09.12.2018).<br> <br> Perske, J\u00f6rn (2017): Rassismusvorwurf und Polizeischutz bei Rosenmontagszug. <em>Frankfurter Rundschau<\/em>. <a href=\"http:\/\/www.fr.de\/rhein-main\/fulda-rassismusvorwurf-und-polizeischutz-bei-rosenmontagszug-a-995515\">http:\/\/www.fr.de\/rhein-main\/fulda-rassismusvorwurf-und-polizeischutz-bei-rosenmontagszug-a-995515<\/a> (zuletzt eingesehen am 09.12.2018).<br> <br> sas (2015): Viel L\u00e4rm um die Frankenplatzkirmes 1955. <em>General Anzeiger<\/em>. <a href=\"http:\/\/www.general-anzeiger-bonn.de\/bonn\/stadt-bonn\/Viel-L\u00e4rm-um-die-Frankenplatzkirmes-1955-article1677114.html\">http:\/\/www.general-anzeiger-bonn.de\/bonn\/stadt-bonn\/Viel-L%C3%A4rm-um-die-Frankenplatzkirmes-1955-article1677114.html<\/a> (zuletzt eingesehen am 09.12.2018).<br> <br> Thiel, Thomas (2008): Wirbel um die Vergangenheit des Generals. <em>General Anzeiger.<\/em> <a href=\"http:\/\/www.general-anzeiger-bonn.de\/bonn\/Wirbel-um-die-Vergangenheit-des-Generals-article174481.html\">http:\/\/www.general-anzeiger-bonn.de\/bonn\/Wirbel-um-die-Vergangenheit-des-Generals-article174481.html<\/a> (zuletzt eingesehen am 09.12.2018).<br> <br> Weber, Lea (2013): Fr\u00fcher wurde hier sogar Kirmes gefeiert. <em>General Anzeiger.<\/em> <a href=\"http:\/\/www.general-anzeiger-bonn.de\/ga-erlebniswelt\/klasseprojekt\/klasse\/Fr\u00fcher-wurde-hier-sogar-Kirmes-gefeiert-article1059967.html\">http:\/\/www.general-anzeiger-bonn.de\/ga-erlebniswelt\/klasseprojekt\/klasse\/Fr%C3%BCher-wurde-hier-sogar-Kirmes-gefeiert-article1059967.html<\/a> (zuletzt eingesehen am 09.12.2018). <\/p>\n<\/div><\/div><\/div><\/div><\/div><\/div>\n\n\n\n<div class=\"wp-block-ugb-accordion ugb-accordion ugb-fba8595 ugb-accordion--v2 ugb-accordion--design-basic ugb-main-block\" aria-expanded=\"false\" id=\"\"><style>.ugb-fba8595 .ugb-accordion__heading{border-radius:12px !important}.ugb-fba8595 .ugb-accordion__title{color:#222222}.ugb-fba8595 .ugb-accordion__arrow{fill:#222222}<\/style><div class=\"ugb-inner-block\"><div class=\"ugb-block-content\"><div class=\"ugb-accordion__item\"><div class=\"ugb-accordion__heading ugb--shadow-3\" role=\"button\" tabindex=\"0\"><h4 class=\"ugb-accordion__title\" role=\"heading\" aria-level=\"3\">Websiten<\/h4><svg viewbox=\"0 0 20 20\" xmlns=\"http:\/\/www.w3.org\/2000\/svg\" class=\"ugb-accordion__arrow\" width=\"20\" height=\"20\"><path d=\"M16.7 3.3L10 10 3.3 3.4 0 6.7l10 10v-.1l10-9.9z\"><\/path><\/svg><\/div><div class=\"ugb-accordion__content\" role=\"region\"><div class=\"ugb-accordion__content-inner\">\n<p data-block-type=\"core\">\/ glokal e.V. &#8211; machtkritische Bildung und Beratung &#8211; <a href=\"https:\/\/www.glokal.org\/\">https:\/\/www.glokal.org\/<\/a><br>\/ Materialien f\u00fcr rassismus- und herrschaftskritisches Denken und Handeln &#8211; <a href=\"http:\/\/www.mangoes-and-bullets.org\/\">http:\/\/www.mangoes-and-bullets.org\/<\/a><br>\/ Geschichte(n) von Unterdr\u00fcckung und Widerstand &#8211; <a href=\"https:\/\/www.connecting-the-dots.org\/\">https:\/\/www.connecting-the-dots.org\/<\/a><br>\/ Koloniale und rassistische Stra\u00dfennamen in Berlin &#8211; <a href=\"http:\/\/eineweltstadt.berlin\/publikationen\/stadtneulesen\/\">http:\/\/eineweltstadt.berlin\/publikationen\/stadtneulesen\/<\/a><br>\/ Initiative Schwarze Menschen in Deutschland &#8211; <a href=\"http:\/\/isdonline.de\/\">http:\/\/isdonline.de\/<\/a> <\/p>\n<\/div><\/div><\/div><\/div><\/div><\/div>\n\n\n\n<div class=\"wp-block-ugb-accordion ugb-accordion ugb-3140aa5 ugb-accordion--v2 ugb-accordion--design-basic ugb-main-block\" aria-expanded=\"false\" id=\"\"><style>.ugb-3140aa5 .ugb-accordion__heading{border-radius:12px !important}.ugb-3140aa5 .ugb-accordion__title{color:#222222}.ugb-3140aa5 .ugb-accordion__arrow{fill:#222222}<\/style><div class=\"ugb-inner-block\"><div class=\"ugb-block-content\"><div class=\"ugb-accordion__item\"><div class=\"ugb-accordion__heading ugb--shadow-3\" role=\"button\" tabindex=\"0\"><h4 class=\"ugb-accordion__title\" role=\"heading\" aria-level=\"3\">Weitere Initiativen<\/h4><svg viewbox=\"0 0 20 20\" xmlns=\"http:\/\/www.w3.org\/2000\/svg\" class=\"ugb-accordion__arrow\" width=\"20\" height=\"20\"><path d=\"M16.7 3.3L10 10 3.3 3.4 0 6.7l10 10v-.1l10-9.9z\"><\/path><\/svg><\/div><div class=\"ugb-accordion__content\" role=\"region\"><div class=\"ugb-accordion__content-inner\">\n<p data-block-type=\"core\">\/ Berlin Postkolonial &#8211; <a href=\"http:\/\/www.berlin-postkolonial.de\/\">http:\/\/www.berlin-postkolonial.de\/<\/a><br>\/ Bremen Postkolonial &#8211; <a href=\"https:\/\/www.decolonizebremen.com\/\">https:\/\/www.decolonizebremen.com\/<\/a><br>\/ Dortmund Postkolonial &#8211; <a href=\"http:\/\/www.dortmund-postkolonial.de\/\">http:\/\/www.dortmund-postkolonial.de\/<\/a><br>\/ Frankfurt Postkolonial &#8211; <a href=\"http:\/\/frankfurt.postkolonial.net\/\">http:\/\/frankfurt.postkolonial.net\/<\/a><br>\/ Freiburg Postkolonial &#8211; <a href=\"http:\/\/www.freiburg-postkolonial.de\/\">http:\/\/www.freiburg-postkolonial.de\/<\/a><br>\/ Hamburg Postkolonial &#8211; <a href=\"http:\/\/www.hamburg-postkolonial.de\/willkommen.html\">http:\/\/www.hamburg-postkolonial.de\/willkommen.html<\/a><br>\/ Kassel Postkolonial &#8211; <a href=\"http:\/\/kassel-postkolonial.de\/\">http:\/\/kassel-postkolonial.de\/<\/a># <br>\/ K\u00f6ln Postkolonial &#8211; <a href=\"http:\/\/www.kopfwelten.org\/kp\/\">http:\/\/www.kopfwelten.org\/kp\/<\/a><br>\/ Leipzig Postkolonial &#8211; <a href=\"http:\/\/www.leipzig-postkolonial.de\/\">http:\/\/www.leipzig-postkolonial.de\/<\/a> <\/p>\n<\/div><\/div><\/div><\/div><\/div><\/div>\n","protected":false},"excerpt":{"rendered":"<p>Castro Varela, Mar\u00edo do Mar &amp; Dhawan, Nikita (2015): Postkoloniale Theorie. Eine kritische Einf\u00fchrung. Bielefeld: transcript. Dietrich, Anette &amp; Strohschein, Juliane (2011): Kolonialismus. In: Arndt, Susan &amp; Ofuatey-Alazard, Nadja (Hg.): Wie Rassismus aus W\u00f6rtern spricht \u2013 (K)Erben des Kolonialismus im Wissensarchiv deutsche Sprache. Ein kritisches Nachschlagewerk. M\u00fcnster: Unrast Verlag, S.114-120. Eckardt, Frank &amp; Hoerning, Johanna [&hellip;]<\/p>\n","protected":false},"author":2,"featured_media":0,"parent":0,"menu_order":5,"comment_status":"closed","ping_status":"closed","template":"","meta":{"_editorskit_title_hidden":false,"_editorskit_reading_time":0,"_editorskit_is_block_options_detached":false,"_editorskit_block_options_position":"{}","_uag_custom_page_level_css":"","ocean_post_layout":"","ocean_both_sidebars_style":"","ocean_both_sidebars_content_width":0,"ocean_both_sidebars_sidebars_width":0,"ocean_sidebar":"0","ocean_second_sidebar":"0","ocean_disable_margins":"enable","ocean_add_body_class":"","ocean_shortcode_before_top_bar":"","ocean_shortcode_after_top_bar":"","ocean_shortcode_before_header":"","ocean_shortcode_after_header":"","ocean_has_shortcode":"","ocean_shortcode_after_title":"","ocean_shortcode_before_footer_widgets":"","ocean_shortcode_after_footer_widgets":"","ocean_shortcode_before_footer_bottom":"","ocean_shortcode_after_footer_bottom":"","ocean_display_top_bar":"off","ocean_display_header":"default","ocean_header_style":"","ocean_center_header_left_menu":"0","ocean_custom_header_template":"0","ocean_custom_logo":0,"ocean_custom_retina_logo":0,"ocean_custom_logo_max_width":0,"ocean_custom_logo_tablet_max_width":0,"ocean_custom_logo_mobile_max_width":0,"ocean_custom_logo_max_height":0,"ocean_custom_logo_tablet_max_height":0,"ocean_custom_logo_mobile_max_height":0,"ocean_header_custom_menu":"0","ocean_menu_typo_font_family":"0","ocean_menu_typo_font_subset":"","ocean_menu_typo_font_size":0,"ocean_menu_typo_font_size_tablet":0,"ocean_menu_typo_font_size_mobile":0,"ocean_menu_typo_font_size_unit":"px","ocean_menu_typo_font_weight":"","ocean_menu_typo_font_weight_tablet":"","ocean_menu_typo_font_weight_mobile":"","ocean_menu_typo_transform":"","ocean_menu_typo_transform_tablet":"","ocean_menu_typo_transform_mobile":"","ocean_menu_typo_line_height":0,"ocean_menu_typo_line_height_tablet":0,"ocean_menu_typo_line_height_mobile":0,"ocean_menu_typo_line_height_unit":"","ocean_menu_typo_spacing":0,"ocean_menu_typo_spacing_tablet":0,"ocean_menu_typo_spacing_mobile":0,"ocean_menu_typo_spacing_unit":"","ocean_menu_link_color":"","ocean_menu_link_color_hover":"","ocean_menu_link_color_active":"","ocean_menu_link_background":"","ocean_menu_link_hover_background":"","ocean_menu_link_active_background":"","ocean_menu_social_links_bg":"","ocean_menu_social_hover_links_bg":"","ocean_menu_social_links_color":"","ocean_menu_social_hover_links_color":"","ocean_disable_title":"default","ocean_disable_heading":"default","ocean_post_title":"","ocean_post_subheading":"","ocean_post_title_style":"centered","ocean_post_title_background_color":"","ocean_post_title_background":0,"ocean_post_title_bg_image_position":"","ocean_post_title_bg_image_attachment":"","ocean_post_title_bg_image_repeat":"","ocean_post_title_bg_image_size":"","ocean_post_title_height":0,"ocean_post_title_bg_overlay":0.5,"ocean_post_title_bg_overlay_color":"","ocean_disable_breadcrumbs":"off","ocean_breadcrumbs_color":"","ocean_breadcrumbs_separator_color":"","ocean_breadcrumbs_links_color":"","ocean_breadcrumbs_links_hover_color":"","ocean_display_footer_widgets":"off","ocean_display_footer_bottom":"off","ocean_custom_footer_template":"0","footnotes":""},"class_list":["post-42","page","type-page","status-publish","hentry","entry"],"translation":{"provider":"WPGlobus","version":"3.0.2","language":"en","enabled_languages":["de","en"],"languages":{"de":{"title":true,"content":true,"excerpt":false},"en":{"title":false,"content":false,"excerpt":false}}},"featured_image_urls_v2":{"full":"","thumbnail":"","medium":"","medium_large":"","large":"","1536x1536":"","2048x2048":"","ocean-thumb-m":"","ocean-thumb-ml":"","ocean-thumb-l":""},"post_excerpt_stackable_v2":"<p>Gedrucktes Castro Varela, Mar\u00edo do Mar &amp; Dhawan, Nikita (2015): Postkoloniale Theorie. Eine kritische Einf\u00fchrung. Bielefeld: transcript. Dietrich, Anette &amp; Strohschein, Juliane (2011): Kolonialismus. In: Arndt, Susan &amp; Ofuatey-Alazard, Nadja (Hg.): Wie Rassismus aus W\u00f6rtern spricht \u2013 (K)Erben des Kolonialismus im Wissensarchiv deutsche Sprache. Ein kritisches Nachschlagewerk. M\u00fcnster: Unrast Verlag, S.114-120. Eckardt, Frank &amp; Hoerning, Johanna (2012): Postkoloniale St\u00e4dte. In: Eckardt, Frank (Hg.): Handbuch Stadtsoziologie. Wiesbaden: Springer VS, S. 263-287. Eckert, Andreas &amp; Randeria, Shalini (2009): Vom Imperialismus zum Empire. Frankfurt am Main: Suhrkamp Verlag. Horstmann, Anne-Kathrin (2013): \u201eDas deutsche Volk braucht Kolonien\u201c &#8211; Konrad Adenauer und der Kolonialrevisionismus. In:&hellip;<\/p>\n","category_list_v2":"","author_info_v2":{"name":"bonnpostkolonial","url":"https:\/\/decolonize-bonn.de\/en\/author\/bonnpostkolonial\/"},"comments_num_v2":"0 comments","yoast_head":"\n<title>Weiterlesen - Bonn Postkolonial | Literaturtips zum Thema<\/title>\n<meta name=\"robots\" content=\"index, follow, max-snippet:-1, max-image-preview:large, max-video-preview:-1\" \/>\n<link rel=\"canonical\" href=\"https:\/\/decolonize-bonn.de\/weiterlesen\/\" \/>\n<meta property=\"og:locale\" content=\"en_US\" \/>\n<meta property=\"og:type\" content=\"article\" \/>\n<meta property=\"og:title\" content=\"Weiterlesen - Bonn Postkolonial\" \/>\n<meta property=\"og:url\" content=\"https:\/\/decolonize-bonn.de\/weiterlesen\/\" \/>\n<meta property=\"og:site_name\" content=\"Bonn Postkolonial\" \/>\n<meta property=\"article:publisher\" content=\"https:\/\/de-de.facebook.com\/BonnPostkolonial\/\" \/>\n<meta property=\"article:modified_time\" content=\"2019-12-05T14:53:05+00:00\" \/>\n<meta name=\"twitter:card\" content=\"summary_large_image\" \/>\n<meta name=\"twitter:label1\" content=\"Est. reading time\" \/>\n\t<meta name=\"twitter:data1\" content=\"4 minutes\" \/>\n<script type=\"application\/ld+json\" class=\"yoast-schema-graph\">{\"@context\":\"https:\/\/schema.org\",\"@graph\":[{\"@type\":\"WebPage\",\"@id\":\"https:\/\/decolonize-bonn.de\/weiterlesen\/\",\"url\":\"https:\/\/decolonize-bonn.de\/weiterlesen\/\",\"name\":\"Weiterlesen - Bonn Postkolonial | Literaturtips zum Thema\",\"isPartOf\":{\"@id\":\"https:\/\/decolonize-bonn.de\/#website\"},\"datePublished\":\"2019-06-18T08:38:03+00:00\",\"dateModified\":\"2019-12-05T14:53:05+00:00\",\"description\":\"Hier findet ihr sowohl Tips zum Weiterlesen zu den Themen Postkolonialismus und Rassismus. Au\u00dferdem gibt es Links zu interessanten Websiten.\",\"breadcrumb\":{\"@id\":\"https:\/\/decolonize-bonn.de\/weiterlesen\/#breadcrumb\"},\"inLanguage\":\"en-US\",\"potentialAction\":[{\"@type\":\"ReadAction\",\"target\":[\"https:\/\/decolonize-bonn.de\/weiterlesen\/\"]}]},{\"@type\":\"BreadcrumbList\",\"@id\":\"https:\/\/decolonize-bonn.de\/weiterlesen\/#breadcrumb\",\"itemListElement\":[{\"@type\":\"ListItem\",\"position\":1,\"name\":\"Startseite\",\"item\":\"https:\/\/decolonize-bonn.de\/\"},{\"@type\":\"ListItem\",\"position\":2,\"name\":\"Weiterlesen\"}]},{\"@type\":\"WebSite\",\"@id\":\"https:\/\/decolonize-bonn.de\/#website\",\"url\":\"https:\/\/decolonize-bonn.de\/\",\"name\":\"Bonn Postkolonial\",\"description\":\"Dealing with Bonn&#039;s colonial past\",\"potentialAction\":[{\"@type\":\"SearchAction\",\"target\":{\"@type\":\"EntryPoint\",\"urlTemplate\":\"https:\/\/decolonize-bonn.de\/?s={search_term_string}\"},\"query-input\":{\"@type\":\"PropertyValueSpecification\",\"valueRequired\":true,\"valueName\":\"search_term_string\"}}],\"inLanguage\":\"en-US\"}]}<\/script>\n","yoast_head_json":{"title":"Weiterlesen - Bonn Postkolonial | Literaturtips zum Thema","robots":{"index":"index","follow":"follow","max-snippet":"max-snippet:-1","max-image-preview":"max-image-preview:large","max-video-preview":"max-video-preview:-1"},"canonical":"https:\/\/decolonize-bonn.de\/weiterlesen\/","og_locale":"en_US","og_type":"article","og_title":"Weiterlesen - Bonn Postkolonial","og_url":"https:\/\/decolonize-bonn.de\/weiterlesen\/","og_site_name":"Bonn Postkolonial","article_publisher":"https:\/\/de-de.facebook.com\/BonnPostkolonial\/","article_modified_time":"2019-12-05T14:53:05+00:00","twitter_card":"summary_large_image","twitter_misc":{"Est. reading time":"4 minutes"},"schema":{"@context":"https:\/\/schema.org","@graph":[{"@type":"WebPage","@id":"https:\/\/decolonize-bonn.de\/weiterlesen\/","url":"https:\/\/decolonize-bonn.de\/weiterlesen\/","name":"Weiterlesen - Bonn Postkolonial | Literaturtips zum Thema","isPartOf":{"@id":"https:\/\/decolonize-bonn.de\/#website"},"datePublished":"2019-06-18T08:38:03+00:00","dateModified":"2019-12-05T14:53:05+00:00","description":"Hier findet ihr sowohl Tips zum Weiterlesen zu den Themen Postkolonialismus und Rassismus. Au\u00dferdem gibt es Links zu interessanten Websiten.","breadcrumb":{"@id":"https:\/\/decolonize-bonn.de\/weiterlesen\/#breadcrumb"},"inLanguage":"en-US","potentialAction":[{"@type":"ReadAction","target":["https:\/\/decolonize-bonn.de\/weiterlesen\/"]}]},{"@type":"BreadcrumbList","@id":"https:\/\/decolonize-bonn.de\/weiterlesen\/#breadcrumb","itemListElement":[{"@type":"ListItem","position":1,"name":"Startseite","item":"https:\/\/decolonize-bonn.de\/"},{"@type":"ListItem","position":2,"name":"Weiterlesen"}]},{"@type":"WebSite","@id":"https:\/\/decolonize-bonn.de\/#website","url":"https:\/\/decolonize-bonn.de\/","name":"Bonn Postkolonial","description":"Dealing with Bonn&#039;s colonial past","potentialAction":[{"@type":"SearchAction","target":{"@type":"EntryPoint","urlTemplate":"https:\/\/decolonize-bonn.de\/?s={search_term_string}"},"query-input":{"@type":"PropertyValueSpecification","valueRequired":true,"valueName":"search_term_string"}}],"inLanguage":"en-US"}]}},"uagb_featured_image_src":{"full":false,"thumbnail":false,"medium":false,"medium_large":false,"large":false,"1536x1536":false,"2048x2048":false,"ocean-thumb-m":false,"ocean-thumb-ml":false,"ocean-thumb-l":false},"uagb_author_info":{"display_name":"bonnpostkolonial","author_link":"https:\/\/decolonize-bonn.de\/en\/author\/bonnpostkolonial\/"},"uagb_comment_info":0,"uagb_excerpt":"Castro Varela, Mar\u00edo do Mar &amp; Dhawan, Nikita (2015): Postkoloniale Theorie. Eine kritische Einf\u00fchrung. Bielefeld: transcript. Dietrich, Anette &amp; Strohschein, Juliane (2011): Kolonialismus. In: Arndt, Susan &amp; Ofuatey-Alazard, Nadja (Hg.): Wie Rassismus aus W\u00f6rtern spricht \u2013 (K)Erben des Kolonialismus im Wissensarchiv deutsche Sprache. Ein kritisches Nachschlagewerk. M\u00fcnster: Unrast Verlag, S.114-120. Eckardt, Frank &amp; Hoerning, Johanna&hellip;","_links":{"self":[{"href":"https:\/\/decolonize-bonn.de\/en\/wp-json\/wp\/v2\/pages\/42","targetHints":{"allow":["GET"]}}],"collection":[{"href":"https:\/\/decolonize-bonn.de\/en\/wp-json\/wp\/v2\/pages"}],"about":[{"href":"https:\/\/decolonize-bonn.de\/en\/wp-json\/wp\/v2\/types\/page"}],"author":[{"embeddable":true,"href":"https:\/\/decolonize-bonn.de\/en\/wp-json\/wp\/v2\/users\/2"}],"replies":[{"embeddable":true,"href":"https:\/\/decolonize-bonn.de\/en\/wp-json\/wp\/v2\/comments?post=42"}],"version-history":[{"count":1,"href":"https:\/\/decolonize-bonn.de\/en\/wp-json\/wp\/v2\/pages\/42\/revisions"}],"predecessor-version":[{"id":618,"href":"https:\/\/decolonize-bonn.de\/en\/wp-json\/wp\/v2\/pages\/42\/revisions\/618"}],"wp:attachment":[{"href":"https:\/\/decolonize-bonn.de\/en\/wp-json\/wp\/v2\/media?parent=42"}],"curies":[{"name":"wp","href":"https:\/\/api.w.org\/{rel}","templated":true}]}}