{"id":43,"date":"2019-06-18T10:39:00","date_gmt":"2019-06-18T08:39:00","guid":{"rendered":"http:\/\/decolonize-bonn.de\/?page_id=43"},"modified":"2024-07-07T15:26:48","modified_gmt":"2024-07-07T13:26:48","slug":"kontakt","status":"publish","type":"page","link":"https:\/\/decolonize-bonn.de\/en\/kontakt\/","title":{"rendered":"Kontakt"},"content":{"rendered":"\n<p data-block-type=\"core\">Ihr m\u00f6chtet uns Feedback geben oder bei einem Treffen vorbei kommen? Ihr m\u00f6chtet an einem Stadtrundgang teilnehmen oder w\u00fcrdet gerne einen privaten Stadtrundgang organisieren? Dann schreibt uns einfach eine Nachricht.<\/p>\n\n\n\n<p data-block-type=\"core\">Folgt uns auf Instagram oder schreibt uns auch dort gerne eine Nachricht: <a aria-label=\"@bonn_postkolonial (opens in a new tab)\" href=\"https:\/\/www.instagram.com\/bonn_postkolonial\/\" target=\"_blank\" rel=\"noreferrer noopener\" class=\"ek-link\">@bonn_postkolonial<\/a><\/p>\n\n\n<p data-block-type=\"core\">\n<div class=\"wpcf7 no-js\" id=\"wpcf7-f6-o1\" lang=\"de-DE\" dir=\"ltr\" data-wpcf7-id=\"6\">\n<div class=\"screen-reader-response\"><p role=\"status\" aria-live=\"polite\" aria-atomic=\"true\"><\/p> <ul><\/ul><\/div>\n<form action=\"\/en\/wp-json\/wp\/v2\/pages\/43#wpcf7-f6-o1\" method=\"post\" class=\"wpcf7-form init\" aria-label=\"Kontaktformular\" novalidate=\"novalidate\" data-status=\"init\">\n<fieldset class=\"hidden-fields-container\"><input type=\"hidden\" name=\"_wpcf7\" value=\"6\" \/><input type=\"hidden\" name=\"_wpcf7_version\" value=\"6.1.5\" \/><input type=\"hidden\" name=\"_wpcf7_locale\" value=\"de_DE\" \/><input type=\"hidden\" name=\"_wpcf7_unit_tag\" value=\"wpcf7-f6-o1\" \/><input type=\"hidden\" name=\"_wpcf7_container_post\" value=\"0\" \/><input type=\"hidden\" name=\"_wpcf7_posted_data_hash\" value=\"\" \/>\n<\/fieldset>\n<p><label><br \/>\n<span id=\"wpcf7-69db57ae05164-wrapper\" class=\"wpcf7-form-control-wrap your-phone-number-wrap\" ><label for=\"wpcf7-69db57ae05164-field\" class=\"hp-message\">Bitte lasse dieses Feld leer.<\/label><input id=\"wpcf7-69db57ae05164-field\"  class=\"wpcf7-form-control wpcf7-text\" type=\"text\" name=\"your-phone-number\" value=\"\" size=\"40\" tabindex=\"-1\" autocomplete=\"new-password\" \/><\/span><br \/>\n<\/label>\n<\/p>\n<p><label> Dein Name (Pflichtfeld)<br \/>\n<span class=\"wpcf7-form-control-wrap\" data-name=\"your-name\"><input size=\"40\" maxlength=\"400\" class=\"wpcf7-form-control wpcf7-text wpcf7-validates-as-required\" aria-required=\"true\" aria-invalid=\"false\" value=\"\" type=\"text\" name=\"your-name\" \/><\/span> <\/label>\n<\/p>\n<p><label> Deine E-Mail-Adresse (Pflichtfeld)<br \/>\n<span class=\"wpcf7-form-control-wrap\" data-name=\"your-email\"><input size=\"40\" maxlength=\"400\" class=\"wpcf7-form-control wpcf7-email wpcf7-validates-as-required wpcf7-text wpcf7-validates-as-email\" aria-required=\"true\" aria-invalid=\"false\" value=\"\" type=\"email\" name=\"your-email\" \/><\/span> <\/label>\n<\/p>\n<p><label> Betreff<br \/>\n<span class=\"wpcf7-form-control-wrap\" data-name=\"your-subject\"><input size=\"40\" maxlength=\"400\" class=\"wpcf7-form-control wpcf7-text\" aria-invalid=\"false\" value=\"\" type=\"text\" name=\"your-subject\" \/><\/span> <\/label>\n<\/p>\n<p><label> Deine Nachricht<br \/>\n<span class=\"wpcf7-form-control-wrap\" data-name=\"your-message\"><textarea cols=\"40\" rows=\"10\" maxlength=\"2000\" class=\"wpcf7-form-control wpcf7-textarea\" aria-invalid=\"false\" name=\"your-message\"><\/textarea><\/span> <\/label>\n<\/p>\n<p><label><br \/>\n<span class=\"wpcf7-form-control-wrap\" data-name=\"zustimmung-dsgvo\"><span class=\"wpcf7-form-control wpcf7-acceptance\"><span class=\"wpcf7-list-item\"><label><input type=\"checkbox\" name=\"zustimmung-dsgvo\" value=\"1\" aria-invalid=\"false\" \/><span class=\"wpcf7-list-item-label\">Ich habe die <a href=\"https:\/\/decolonize-bonn.de\/datenschutz\/\" target=\"_blank\">Datenschutzerkl\u00e4rung<\/a> zur Kenntnis genommen. Ich stimme zu, dass meine Angaben und Daten zur Beantwortung meiner Anfrage elektronisch erhoben und gespeichert werden. Hinweis: Sie k\u00f6nnen Ihre Einwilligung jederzeit f\u00fcr die Zukunft per E-Mail an bonn-postkolonial (at) riseup.net widerrufen<\/span><\/label><\/span><\/span><\/span><br \/>\n<\/label>\n<\/p>\n<p><input class=\"wpcf7-form-control wpcf7-submit has-spinner\" type=\"submit\" value=\"Senden\" \/>\n<\/p><div class=\"wpcf7-response-output\" aria-hidden=\"true\"><\/div>\n<\/form>\n<\/div>\n<\/p>\n","protected":false},"excerpt":{"rendered":"<p>Ihr m\u00f6chtet uns Feedback geben oder bei einem Treffen vorbei kommen? Ihr m\u00f6chtet an einem Stadtrundgang teilnehmen oder w\u00fcrdet gerne einen privaten Stadtrundgang organisieren? Dann schreibt uns einfach eine Nachricht. Folgt uns auf Instagram oder schreibt uns auch dort gerne eine Nachricht: @bonn_postkolonial<\/p>\n","protected":false},"author":2,"featured_media":0,"parent":0,"menu_order":6,"comment_status":"closed","ping_status":"closed","template":"","meta":{"_editorskit_title_hidden":false,"_editorskit_reading_time":0,"_editorskit_is_block_options_detached":false,"_editorskit_block_options_position":"{}","_uag_custom_page_level_css":"","ocean_post_layout":"","ocean_both_sidebars_style":"","ocean_both_sidebars_content_width":0,"ocean_both_sidebars_sidebars_width":0,"ocean_sidebar":"0","ocean_second_sidebar":"0","ocean_disable_margins":"on","ocean_add_body_class":"","ocean_shortcode_before_top_bar":"","ocean_shortcode_after_top_bar":"","ocean_shortcode_before_header":"","ocean_shortcode_after_header":"","ocean_has_shortcode":"","ocean_shortcode_after_title":"","ocean_shortcode_before_footer_widgets":"","ocean_shortcode_after_footer_widgets":"","ocean_shortcode_before_footer_bottom":"","ocean_shortcode_after_footer_bottom":"","ocean_display_top_bar":"off","ocean_display_header":"default","ocean_header_style":"","ocean_center_header_left_menu":"0","ocean_custom_header_template":"0","ocean_custom_logo":0,"ocean_custom_retina_logo":0,"ocean_custom_logo_max_width":0,"ocean_custom_logo_tablet_max_width":0,"ocean_custom_logo_mobile_max_width":0,"ocean_custom_logo_max_height":0,"ocean_custom_logo_tablet_max_height":0,"ocean_custom_logo_mobile_max_height":0,"ocean_header_custom_menu":"0","ocean_menu_typo_font_family":"0","ocean_menu_typo_font_subset":"","ocean_menu_typo_font_size":0,"ocean_menu_typo_font_size_tablet":0,"ocean_menu_typo_font_size_mobile":0,"ocean_menu_typo_font_size_unit":"px","ocean_menu_typo_font_weight":"","ocean_menu_typo_font_weight_tablet":"","ocean_menu_typo_font_weight_mobile":"","ocean_menu_typo_transform":"","ocean_menu_typo_transform_tablet":"","ocean_menu_typo_transform_mobile":"","ocean_menu_typo_line_height":0,"ocean_menu_typo_line_height_tablet":0,"ocean_menu_typo_line_height_mobile":0,"ocean_menu_typo_line_height_unit":"","ocean_menu_typo_spacing":0,"ocean_menu_typo_spacing_tablet":0,"ocean_menu_typo_spacing_mobile":0,"ocean_menu_typo_spacing_unit":"","ocean_menu_link_color":"","ocean_menu_link_color_hover":"","ocean_menu_link_color_active":"","ocean_menu_link_background":"","ocean_menu_link_hover_background":"","ocean_menu_link_active_background":"","ocean_menu_social_links_bg":"","ocean_menu_social_hover_links_bg":"","ocean_menu_social_links_color":"","ocean_menu_social_hover_links_color":"","ocean_disable_title":"default","ocean_disable_heading":"default","ocean_post_title":"","ocean_post_subheading":"","ocean_post_title_style":"centered","ocean_post_title_background_color":"","ocean_post_title_background":0,"ocean_post_title_bg_image_position":"","ocean_post_title_bg_image_attachment":"","ocean_post_title_bg_image_repeat":"","ocean_post_title_bg_image_size":"","ocean_post_title_height":0,"ocean_post_title_bg_overlay":0.5,"ocean_post_title_bg_overlay_color":"","ocean_disable_breadcrumbs":"off","ocean_breadcrumbs_color":"","ocean_breadcrumbs_separator_color":"","ocean_breadcrumbs_links_color":"","ocean_breadcrumbs_links_hover_color":"","ocean_display_footer_widgets":"off","ocean_display_footer_bottom":"off","ocean_custom_footer_template":"0","footnotes":""},"class_list":["post-43","page","type-page","status-publish","hentry","entry"],"translation":{"provider":"WPGlobus","version":"3.0.2","language":"en","enabled_languages":["de","en"],"languages":{"de":{"title":true,"content":true,"excerpt":false},"en":{"title":false,"content":false,"excerpt":false}}},"featured_image_urls_v2":{"full":"","thumbnail":"","medium":"","medium_large":"","large":"","1536x1536":"","2048x2048":"","ocean-thumb-m":"","ocean-thumb-ml":"","ocean-thumb-l":""},"post_excerpt_stackable_v2":"<p>Ihr m\u00f6chtet uns Feedback geben oder bei einem Treffen vorbei kommen? Ihr m\u00f6chtet an einem Stadtrundgang teilnehmen oder w\u00fcrdet gerne einen privaten Stadtrundgang organisieren? Dann schreibt uns einfach eine Nachricht. Folgt uns auf Instagram oder schreibt uns auch dort gerne eine Nachricht: @bonn_postkolonial Bitte lasse dieses Feld leer. Dein Name (Pflichtfeld) Deine E-Mail-Adresse (Pflichtfeld) Betreff Deine Nachricht Ich habe die Datenschutzerkl\u00e4rung zur Kenntnis genommen. Ich stimme zu, dass meine Angaben und Daten zur Beantwortung meiner Anfrage elektronisch erhoben und gespeichert werden. Hinweis: Sie k\u00f6nnen Ihre Einwilligung jederzeit f\u00fcr die Zukunft per E-Mail an bonn-postkolonial (at) riseup.net widerrufen<\/p>\n","category_list_v2":"","author_info_v2":{"name":"bonnpostkolonial","url":"https:\/\/decolonize-bonn.de\/en\/author\/bonnpostkolonial\/"},"comments_num_v2":"0 comments","yoast_head":"\n<title>Kontakt - Bonn Postkolonial<\/title>\n<meta name=\"robots\" content=\"index, follow, max-snippet:-1, max-image-preview:large, max-video-preview:-1\" \/>\n<link rel=\"canonical\" href=\"https:\/\/decolonize-bonn.de\/kontakt\/\" \/>\n<meta property=\"og:locale\" content=\"en_US\" \/>\n<meta property=\"og:type\" content=\"article\" \/>\n<meta property=\"og:title\" content=\"Kontakt - Bonn Postkolonial\" \/>\n<meta property=\"og:url\" content=\"https:\/\/decolonize-bonn.de\/kontakt\/\" \/>\n<meta property=\"og:site_name\" content=\"Bonn Postkolonial\" \/>\n<meta property=\"article:publisher\" content=\"https:\/\/de-de.facebook.com\/BonnPostkolonial\/\" \/>\n<meta property=\"article:modified_time\" content=\"2024-07-07T13:26:48+00:00\" \/>\n<meta name=\"twitter:card\" content=\"summary_large_image\" \/>\n<meta name=\"twitter:label1\" content=\"Est. reading time\" \/>\n\t<meta name=\"twitter:data1\" content=\"1 minute\" \/>\n<script type=\"application\/ld+json\" class=\"yoast-schema-graph\">{\"@context\":\"https:\/\/schema.org\",\"@graph\":[{\"@type\":\"WebPage\",\"@id\":\"https:\/\/decolonize-bonn.de\/kontakt\/\",\"url\":\"https:\/\/decolonize-bonn.de\/kontakt\/\",\"name\":\"Kontakt - Bonn Postkolonial\",\"isPartOf\":{\"@id\":\"https:\/\/decolonize-bonn.de\/#website\"},\"datePublished\":\"2019-06-18T08:39:00+00:00\",\"dateModified\":\"2024-07-07T13:26:48+00:00\",\"breadcrumb\":{\"@id\":\"https:\/\/decolonize-bonn.de\/kontakt\/#breadcrumb\"},\"inLanguage\":\"en-US\",\"potentialAction\":[{\"@type\":\"ReadAction\",\"target\":[\"https:\/\/decolonize-bonn.de\/kontakt\/\"]}]},{\"@type\":\"BreadcrumbList\",\"@id\":\"https:\/\/decolonize-bonn.de\/kontakt\/#breadcrumb\",\"itemListElement\":[{\"@type\":\"ListItem\",\"position\":1,\"name\":\"Startseite\",\"item\":\"https:\/\/decolonize-bonn.de\/\"},{\"@type\":\"ListItem\",\"position\":2,\"name\":\"Kontakt\"}]},{\"@type\":\"WebSite\",\"@id\":\"https:\/\/decolonize-bonn.de\/#website\",\"url\":\"https:\/\/decolonize-bonn.de\/\",\"name\":\"Bonn Postkolonial\",\"description\":\"Dealing with Bonn&#039;s colonial past\",\"potentialAction\":[{\"@type\":\"SearchAction\",\"target\":{\"@type\":\"EntryPoint\",\"urlTemplate\":\"https:\/\/decolonize-bonn.de\/?s={search_term_string}\"},\"query-input\":{\"@type\":\"PropertyValueSpecification\",\"valueRequired\":true,\"valueName\":\"search_term_string\"}}],\"inLanguage\":\"en-US\"}]}<\/script>\n","yoast_head_json":{"title":"Kontakt - Bonn Postkolonial","robots":{"index":"index","follow":"follow","max-snippet":"max-snippet:-1","max-image-preview":"max-image-preview:large","max-video-preview":"max-video-preview:-1"},"canonical":"https:\/\/decolonize-bonn.de\/kontakt\/","og_locale":"en_US","og_type":"article","og_title":"Kontakt - Bonn Postkolonial","og_url":"https:\/\/decolonize-bonn.de\/kontakt\/","og_site_name":"Bonn Postkolonial","article_publisher":"https:\/\/de-de.facebook.com\/BonnPostkolonial\/","article_modified_time":"2024-07-07T13:26:48+00:00","twitter_card":"summary_large_image","twitter_misc":{"Est. reading time":"1 minute"},"schema":{"@context":"https:\/\/schema.org","@graph":[{"@type":"WebPage","@id":"https:\/\/decolonize-bonn.de\/kontakt\/","url":"https:\/\/decolonize-bonn.de\/kontakt\/","name":"Kontakt - Bonn Postkolonial","isPartOf":{"@id":"https:\/\/decolonize-bonn.de\/#website"},"datePublished":"2019-06-18T08:39:00+00:00","dateModified":"2024-07-07T13:26:48+00:00","breadcrumb":{"@id":"https:\/\/decolonize-bonn.de\/kontakt\/#breadcrumb"},"inLanguage":"en-US","potentialAction":[{"@type":"ReadAction","target":["https:\/\/decolonize-bonn.de\/kontakt\/"]}]},{"@type":"BreadcrumbList","@id":"https:\/\/decolonize-bonn.de\/kontakt\/#breadcrumb","itemListElement":[{"@type":"ListItem","position":1,"name":"Startseite","item":"https:\/\/decolonize-bonn.de\/"},{"@type":"ListItem","position":2,"name":"Kontakt"}]},{"@type":"WebSite","@id":"https:\/\/decolonize-bonn.de\/#website","url":"https:\/\/decolonize-bonn.de\/","name":"Bonn Postkolonial","description":"Dealing with Bonn&#039;s colonial past","potentialAction":[{"@type":"SearchAction","target":{"@type":"EntryPoint","urlTemplate":"https:\/\/decolonize-bonn.de\/?s={search_term_string}"},"query-input":{"@type":"PropertyValueSpecification","valueRequired":true,"valueName":"search_term_string"}}],"inLanguage":"en-US"}]}},"uagb_featured_image_src":{"full":false,"thumbnail":false,"medium":false,"medium_large":false,"large":false,"1536x1536":false,"2048x2048":false,"ocean-thumb-m":false,"ocean-thumb-ml":false,"ocean-thumb-l":false},"uagb_author_info":{"display_name":"bonnpostkolonial","author_link":"https:\/\/decolonize-bonn.de\/en\/author\/bonnpostkolonial\/"},"uagb_comment_info":0,"uagb_excerpt":"Ihr m\u00f6chtet uns Feedback geben oder bei einem Treffen vorbei kommen? Ihr m\u00f6chtet an einem Stadtrundgang teilnehmen oder w\u00fcrdet gerne einen privaten Stadtrundgang organisieren? Dann schreibt uns einfach eine Nachricht. Folgt uns auf Instagram oder schreibt uns auch dort gerne eine Nachricht: @bonn_postkolonial","_links":{"self":[{"href":"https:\/\/decolonize-bonn.de\/en\/wp-json\/wp\/v2\/pages\/43","targetHints":{"allow":["GET"]}}],"collection":[{"href":"https:\/\/decolonize-bonn.de\/en\/wp-json\/wp\/v2\/pages"}],"about":[{"href":"https:\/\/decolonize-bonn.de\/en\/wp-json\/wp\/v2\/types\/page"}],"author":[{"embeddable":true,"href":"https:\/\/decolonize-bonn.de\/en\/wp-json\/wp\/v2\/users\/2"}],"replies":[{"embeddable":true,"href":"https:\/\/decolonize-bonn.de\/en\/wp-json\/wp\/v2\/comments?post=43"}],"version-history":[{"count":1,"href":"https:\/\/decolonize-bonn.de\/en\/wp-json\/wp\/v2\/pages\/43\/revisions"}],"predecessor-version":[{"id":633,"href":"https:\/\/decolonize-bonn.de\/en\/wp-json\/wp\/v2\/pages\/43\/revisions\/633"}],"wp:attachment":[{"href":"https:\/\/decolonize-bonn.de\/en\/wp-json\/wp\/v2\/media?parent=43"}],"curies":[{"name":"wp","href":"https:\/\/api.w.org\/{rel}","templated":true}]}}