{"id":572,"date":"2024-07-19T18:49:01","date_gmt":"2024-07-19T16:49:01","guid":{"rendered":"https:\/\/decolonize-bonn.de\/?page_id=572"},"modified":"2024-07-19T18:50:16","modified_gmt":"2024-07-19T16:50:16","slug":"blog-koloniale-botanik","status":"publish","type":"page","link":"https:\/\/decolonize-bonn.de\/en\/blog-koloniale-botanik\/","title":{"rendered":"Blog &#8211; Koloniale Botanik"},"content":{"rendered":"\n<p data-block-type=\"core\">Heute ist der Botanische Garten eine feste <a href=\"https:\/\/decolonize-bonn.de\/stadtrundgang\/botanischer-garten\/\" class=\"ek-link\">Station im Rundgang<\/a> von bonn postkolonial. Immer wieder werden wir gefragt, wie wir dazu kamen, Botanische G\u00e4rten, die Botanik als Wissenschaft und deren Verwurzelung im Kolonialismus zu thematisieren.<\/p>\n\n\n\n<p data-block-type=\"core\">Deswegen haben wir (Paulina und Anna) uns entschieden diese Frage sowie eine Einordnung aus welcher Perspektive wir schreiben, zum ersten Blogbeitrag zu machen. Mit jedem weiteren Blogbeitrag wollen wir weitere Argumente und Aspekte vorstellen und diskutieren &#8211; damit die Frage, warum wir uns mit Botanischen G\u00e4rten besch\u00e4ftigen, sich irgendwann niemandem mehr stellt.&nbsp;<\/p>\n\n\n\n<p data-block-type=\"core\">[Disclaimer] Die Beitr\u00e4ge sind unterschiedlich geschrieben. Wenn du mit einem Artikel nichts anfangen kannst, lies gern den n\u00e4chsten &#8211; vielleicht holt der dich besser ab.<\/p>\n\n\n\n<div class=\"wp-block-stackable-posts stk-block-posts has-text-align-left stk-block stk-ea6b659 is-style-default\" data-v=\"2\" data-block-id=\"ea6b659\"><style>.stk-ea6b659 .stk-img-wrapper{width:100% !important}<\/style><div class=\"stk-inner-blocks stk-content-align stk-ea6b659-column\"><div class=\"stk-block-posts__items\"><div class=\"stk-block-posts__item\"><div class=\"stk-container stk-ea6b659-container stk--no-background stk--no-padding\"><article><h3 class=\"stk-block-posts__title\"><a href='https:\/\/decolonize-bonn.de\/en\/2024\/07\/19\/blog-botanischer-garten\/'>Warum braucht es einen Blog \u00fcber Botanische G\u00e4rten &amp; Kolonialismus?<\/a><\/h3><a href=\"https:\/\/decolonize-bonn.de\/en\/2024\/07\/19\/blog-botanischer-garten\/\" class=\"stk-block-posts__image-link\"><\/a><aside class=\"stk-block-posts__meta stk-subtitle\"><span>bonnpostkolonial<\/span><span class=\"stk-block-posts__meta-sep\">\u00b7<\/span><time datetime=\"2024-07-19T14:35:34+02:00\">19. July 2024<\/time><span class=\"stk-block-posts__meta-sep\">\u00b7<\/span><span>0 comments<\/span><\/aside><div class=\"stk-block-posts__category stk-subtitle\"><a href=\"https:\/\/decolonize-bonn.de\/en\/category\/allgemein\/\" rel=\"category tag\">Allgemein<\/a><\/div><div class=\"stk-block-posts__excerpt\"><p>Verwurzelt im Kolonialismus? Beginn &amp; Bez\u00fcge Im Rahmen des Stadtrundgangs von bonn postkolonial gibt es die Station \u201cUniversit\u00e4t\u201d. Fachdisziplinen wie Geographie und Biologie, aber auch Einzelpersonen, aktuelle Ausstellungen und Formen der Lehre sowie Forschung und Wissenschaft an sich werden aus postkolonialer Perspektive diskutiert. Dabei geht es sowohl um deren Urspr\u00fcnge als auch darum, wie ganz&hellip;<\/p>\n<\/div><a class=\"stk-block-posts__readmore\" href=\"https:\/\/decolonize-bonn.de\/en\/2024\/07\/19\/blog-botanischer-garten\/\">Continue Reading<\/a><\/article><\/div><\/div><\/div><div class=\"stk-inner-blocks\"><\/div><\/div><\/div>\n","protected":false},"excerpt":{"rendered":"<p>Heute ist der Botanische Garten eine feste Station im Rundgang von bonn postkolonial. Immer wieder werden wir gefragt, wie wir dazu kamen, Botanische G\u00e4rten, die Botanik als Wissenschaft und deren Verwurzelung im Kolonialismus zu thematisieren. Deswegen haben wir (Paulina und Anna) uns entschieden diese Frage sowie eine Einordnung aus welcher Perspektive wir schreiben, zum ersten [&hellip;]<\/p>\n","protected":false},"author":5,"featured_media":0,"parent":0,"menu_order":0,"comment_status":"closed","ping_status":"closed","template":"","meta":{"_editorskit_title_hidden":false,"_editorskit_reading_time":0,"_editorskit_is_block_options_detached":false,"_editorskit_block_options_position":"{}","_uag_custom_page_level_css":"","ocean_post_layout":"","ocean_both_sidebars_style":"","ocean_both_sidebars_content_width":0,"ocean_both_sidebars_sidebars_width":0,"ocean_sidebar":"0","ocean_second_sidebar":"0","ocean_disable_margins":"enable","ocean_add_body_class":"","ocean_shortcode_before_top_bar":"","ocean_shortcode_after_top_bar":"","ocean_shortcode_before_header":"","ocean_shortcode_after_header":"","ocean_has_shortcode":"","ocean_shortcode_after_title":"","ocean_shortcode_before_footer_widgets":"","ocean_shortcode_after_footer_widgets":"","ocean_shortcode_before_footer_bottom":"","ocean_shortcode_after_footer_bottom":"","ocean_display_top_bar":"default","ocean_display_header":"default","ocean_header_style":"","ocean_center_header_left_menu":"0","ocean_custom_header_template":"0","ocean_custom_logo":0,"ocean_custom_retina_logo":0,"ocean_custom_logo_max_width":0,"ocean_custom_logo_tablet_max_width":0,"ocean_custom_logo_mobile_max_width":0,"ocean_custom_logo_max_height":0,"ocean_custom_logo_tablet_max_height":0,"ocean_custom_logo_mobile_max_height":0,"ocean_header_custom_menu":"0","ocean_menu_typo_font_family":"0","ocean_menu_typo_font_subset":"","ocean_menu_typo_font_size":0,"ocean_menu_typo_font_size_tablet":0,"ocean_menu_typo_font_size_mobile":0,"ocean_menu_typo_font_size_unit":"px","ocean_menu_typo_font_weight":"","ocean_menu_typo_font_weight_tablet":"","ocean_menu_typo_font_weight_mobile":"","ocean_menu_typo_transform":"","ocean_menu_typo_transform_tablet":"","ocean_menu_typo_transform_mobile":"","ocean_menu_typo_line_height":0,"ocean_menu_typo_line_height_tablet":0,"ocean_menu_typo_line_height_mobile":0,"ocean_menu_typo_line_height_unit":"","ocean_menu_typo_spacing":0,"ocean_menu_typo_spacing_tablet":0,"ocean_menu_typo_spacing_mobile":0,"ocean_menu_typo_spacing_unit":"","ocean_menu_link_color":"","ocean_menu_link_color_hover":"","ocean_menu_link_color_active":"","ocean_menu_link_background":"","ocean_menu_link_hover_background":"","ocean_menu_link_active_background":"","ocean_menu_social_links_bg":"","ocean_menu_social_hover_links_bg":"","ocean_menu_social_links_color":"","ocean_menu_social_hover_links_color":"","ocean_disable_title":"default","ocean_disable_heading":"default","ocean_post_title":"","ocean_post_subheading":"","ocean_post_title_style":"","ocean_post_title_background_color":"","ocean_post_title_background":0,"ocean_post_title_bg_image_position":"","ocean_post_title_bg_image_attachment":"","ocean_post_title_bg_image_repeat":"","ocean_post_title_bg_image_size":"","ocean_post_title_height":0,"ocean_post_title_bg_overlay":0.5,"ocean_post_title_bg_overlay_color":"","ocean_disable_breadcrumbs":"default","ocean_breadcrumbs_color":"","ocean_breadcrumbs_separator_color":"","ocean_breadcrumbs_links_color":"","ocean_breadcrumbs_links_hover_color":"","ocean_display_footer_widgets":"default","ocean_display_footer_bottom":"default","ocean_custom_footer_template":"0","footnotes":""},"class_list":["post-572","page","type-page","status-publish","hentry","entry"],"translation":{"provider":"WPGlobus","version":"3.0.2","language":"en","enabled_languages":["de","en"],"languages":{"de":{"title":true,"content":true,"excerpt":false},"en":{"title":false,"content":false,"excerpt":false}}},"featured_image_urls_v2":{"full":"","thumbnail":"","medium":"","medium_large":"","large":"","1536x1536":"","2048x2048":"","ocean-thumb-m":"","ocean-thumb-ml":"","ocean-thumb-l":""},"post_excerpt_stackable_v2":"<p>Heute ist der Botanische Garten eine feste Station im Rundgang von bonn postkolonial. Immer wieder werden wir gefragt, wie wir dazu kamen, Botanische G\u00e4rten, die Botanik als Wissenschaft und deren Verwurzelung im Kolonialismus zu thematisieren. Deswegen haben wir (Paulina und Anna) uns entschieden diese Frage sowie eine Einordnung aus welcher Perspektive wir schreiben, zum ersten Blogbeitrag zu machen. Mit jedem weiteren Blogbeitrag wollen wir weitere Argumente und Aspekte vorstellen und diskutieren &#8211; damit die Frage, warum wir uns mit Botanischen G\u00e4rten besch\u00e4ftigen, sich irgendwann niemandem mehr stellt.&nbsp; [Disclaimer] Die Beitr\u00e4ge sind unterschiedlich geschrieben. Wenn du mit einem Artikel nichts anfangen&hellip;<\/p>\n","category_list_v2":"","author_info_v2":{"name":"Anna","url":"https:\/\/decolonize-bonn.de\/en\/author\/anna\/"},"comments_num_v2":"0 comments","yoast_head":"\n<title>Blog - Koloniale Botanik - Bonn Postkolonial<\/title>\n<meta name=\"robots\" content=\"index, follow, max-snippet:-1, max-image-preview:large, max-video-preview:-1\" \/>\n<link rel=\"canonical\" href=\"https:\/\/decolonize-bonn.de\/blog-koloniale-botanik\/\" \/>\n<meta property=\"og:locale\" content=\"en_US\" \/>\n<meta property=\"og:type\" content=\"article\" \/>\n<meta property=\"og:title\" content=\"Blog - Koloniale Botanik - Bonn Postkolonial\" \/>\n<meta property=\"og:url\" content=\"https:\/\/decolonize-bonn.de\/blog-koloniale-botanik\/\" \/>\n<meta property=\"og:site_name\" content=\"Bonn Postkolonial\" \/>\n<meta property=\"article:publisher\" content=\"https:\/\/de-de.facebook.com\/BonnPostkolonial\/\" \/>\n<meta property=\"article:modified_time\" content=\"2024-07-19T16:50:16+00:00\" \/>\n<meta name=\"twitter:card\" content=\"summary_large_image\" \/>\n<meta name=\"twitter:label1\" content=\"Est. reading time\" \/>\n\t<meta name=\"twitter:data1\" content=\"1 minute\" \/>\n<script type=\"application\/ld+json\" class=\"yoast-schema-graph\">{\"@context\":\"https:\/\/schema.org\",\"@graph\":[{\"@type\":\"WebPage\",\"@id\":\"https:\/\/decolonize-bonn.de\/blog-koloniale-botanik\/\",\"url\":\"https:\/\/decolonize-bonn.de\/blog-koloniale-botanik\/\",\"name\":\"Blog - Koloniale Botanik - Bonn Postkolonial\",\"isPartOf\":{\"@id\":\"https:\/\/decolonize-bonn.de\/#website\"},\"datePublished\":\"2024-07-19T16:49:01+00:00\",\"dateModified\":\"2024-07-19T16:50:16+00:00\",\"breadcrumb\":{\"@id\":\"https:\/\/decolonize-bonn.de\/blog-koloniale-botanik\/#breadcrumb\"},\"inLanguage\":\"en-US\",\"potentialAction\":[{\"@type\":\"ReadAction\",\"target\":[\"https:\/\/decolonize-bonn.de\/blog-koloniale-botanik\/\"]}]},{\"@type\":\"BreadcrumbList\",\"@id\":\"https:\/\/decolonize-bonn.de\/blog-koloniale-botanik\/#breadcrumb\",\"itemListElement\":[{\"@type\":\"ListItem\",\"position\":1,\"name\":\"Startseite\",\"item\":\"https:\/\/decolonize-bonn.de\/\"},{\"@type\":\"ListItem\",\"position\":2,\"name\":\"Blog &#8211; Koloniale Botanik\"}]},{\"@type\":\"WebSite\",\"@id\":\"https:\/\/decolonize-bonn.de\/#website\",\"url\":\"https:\/\/decolonize-bonn.de\/\",\"name\":\"Bonn Postkolonial\",\"description\":\"Dealing with Bonn&#039;s colonial past\",\"potentialAction\":[{\"@type\":\"SearchAction\",\"target\":{\"@type\":\"EntryPoint\",\"urlTemplate\":\"https:\/\/decolonize-bonn.de\/?s={search_term_string}\"},\"query-input\":{\"@type\":\"PropertyValueSpecification\",\"valueRequired\":true,\"valueName\":\"search_term_string\"}}],\"inLanguage\":\"en-US\"}]}<\/script>\n","yoast_head_json":{"title":"Blog - Koloniale Botanik - Bonn Postkolonial","robots":{"index":"index","follow":"follow","max-snippet":"max-snippet:-1","max-image-preview":"max-image-preview:large","max-video-preview":"max-video-preview:-1"},"canonical":"https:\/\/decolonize-bonn.de\/blog-koloniale-botanik\/","og_locale":"en_US","og_type":"article","og_title":"Blog - Koloniale Botanik - Bonn Postkolonial","og_url":"https:\/\/decolonize-bonn.de\/blog-koloniale-botanik\/","og_site_name":"Bonn Postkolonial","article_publisher":"https:\/\/de-de.facebook.com\/BonnPostkolonial\/","article_modified_time":"2024-07-19T16:50:16+00:00","twitter_card":"summary_large_image","twitter_misc":{"Est. reading time":"1 minute"},"schema":{"@context":"https:\/\/schema.org","@graph":[{"@type":"WebPage","@id":"https:\/\/decolonize-bonn.de\/blog-koloniale-botanik\/","url":"https:\/\/decolonize-bonn.de\/blog-koloniale-botanik\/","name":"Blog - Koloniale Botanik - Bonn Postkolonial","isPartOf":{"@id":"https:\/\/decolonize-bonn.de\/#website"},"datePublished":"2024-07-19T16:49:01+00:00","dateModified":"2024-07-19T16:50:16+00:00","breadcrumb":{"@id":"https:\/\/decolonize-bonn.de\/blog-koloniale-botanik\/#breadcrumb"},"inLanguage":"en-US","potentialAction":[{"@type":"ReadAction","target":["https:\/\/decolonize-bonn.de\/blog-koloniale-botanik\/"]}]},{"@type":"BreadcrumbList","@id":"https:\/\/decolonize-bonn.de\/blog-koloniale-botanik\/#breadcrumb","itemListElement":[{"@type":"ListItem","position":1,"name":"Startseite","item":"https:\/\/decolonize-bonn.de\/"},{"@type":"ListItem","position":2,"name":"Blog &#8211; Koloniale Botanik"}]},{"@type":"WebSite","@id":"https:\/\/decolonize-bonn.de\/#website","url":"https:\/\/decolonize-bonn.de\/","name":"Bonn Postkolonial","description":"Dealing with Bonn&#039;s colonial past","potentialAction":[{"@type":"SearchAction","target":{"@type":"EntryPoint","urlTemplate":"https:\/\/decolonize-bonn.de\/?s={search_term_string}"},"query-input":{"@type":"PropertyValueSpecification","valueRequired":true,"valueName":"search_term_string"}}],"inLanguage":"en-US"}]}},"uagb_featured_image_src":{"full":false,"thumbnail":false,"medium":false,"medium_large":false,"large":false,"1536x1536":false,"2048x2048":false,"ocean-thumb-m":false,"ocean-thumb-ml":false,"ocean-thumb-l":false},"uagb_author_info":{"display_name":"Anna","author_link":"https:\/\/decolonize-bonn.de\/en\/author\/anna\/"},"uagb_comment_info":0,"uagb_excerpt":"Heute ist der Botanische Garten eine feste Station im Rundgang von bonn postkolonial. Immer wieder werden wir gefragt, wie wir dazu kamen, Botanische G\u00e4rten, die Botanik als Wissenschaft und deren Verwurzelung im Kolonialismus zu thematisieren. Deswegen haben wir (Paulina und Anna) uns entschieden diese Frage sowie eine Einordnung aus welcher Perspektive wir schreiben, zum ersten&hellip;","_links":{"self":[{"href":"https:\/\/decolonize-bonn.de\/en\/wp-json\/wp\/v2\/pages\/572","targetHints":{"allow":["GET"]}}],"collection":[{"href":"https:\/\/decolonize-bonn.de\/en\/wp-json\/wp\/v2\/pages"}],"about":[{"href":"https:\/\/decolonize-bonn.de\/en\/wp-json\/wp\/v2\/types\/page"}],"author":[{"embeddable":true,"href":"https:\/\/decolonize-bonn.de\/en\/wp-json\/wp\/v2\/users\/5"}],"replies":[{"embeddable":true,"href":"https:\/\/decolonize-bonn.de\/en\/wp-json\/wp\/v2\/comments?post=572"}],"version-history":[{"count":1,"href":"https:\/\/decolonize-bonn.de\/en\/wp-json\/wp\/v2\/pages\/572\/revisions"}],"predecessor-version":[{"id":689,"href":"https:\/\/decolonize-bonn.de\/en\/wp-json\/wp\/v2\/pages\/572\/revisions\/689"}],"wp:attachment":[{"href":"https:\/\/decolonize-bonn.de\/en\/wp-json\/wp\/v2\/media?parent=572"}],"curies":[{"name":"wp","href":"https:\/\/api.w.org\/{rel}","templated":true}]}}